{"id":19746,"date":"2020-04-19T17:10:14","date_gmt":"2020-04-19T20:10:14","guid":{"rendered":"https:\/\/www.editoralux.com.br\/loja\/?post_type=product&#038;p=19746"},"modified":"2025-12-09T16:53:59","modified_gmt":"2025-12-09T19:53:59","slug":"amores-e-taras","status":"publish","type":"product","link":"https:\/\/www.editoralux.com.br\/loja\/produto\/amores-e-taras\/","title":{"rendered":"Amores e Taras"},"content":{"rendered":"","protected":false},"excerpt":{"rendered":"<p>Quantas mulheres existem dentro de uma s\u00f3? Neste livro o autor transita pelo universo l\u00edrico e extremamente conturbado das mulheres, com poesia, sensualidade e claro muito humor.<\/p>\n<p>Numa sala de espera de um consult\u00f3rio odontol\u00f3gico, uma elegante e sensual empres\u00e1ria cruza e descruza suas pernas at\u00e9 mostrar a calcinha para um desconhecido.\u00a0Ao perceber os olhos do homem vidrados no seu sexo, discretamente se masturba, deixando-o ensandecido de desejo.\u00a0Entretanto, como est\u00e3o num lugar p\u00fablico, \u00e0 cena vai se configurando cada vez mais hil\u00e1ria e perigosa.<\/p>\n<p>&#8212; Lucia n\u00e3o consegue engravidar devido \u00e0 esterilidade do marido, fato que esfria o casamento e a rela\u00e7\u00e3o sexual entre eles. At\u00e9 que ela come\u00e7a a ter sonhos er\u00f3ticos com um homem misterioso e sua vida se transforma num terr\u00edvel tormento.Um homem casado se envolve amorosamente com uma garota de programa, por\u00e9m, sua esposa pega os dois em flagrante. A partir da\u00ed, os tr\u00eas entram em conflito \u2013 num jogo de culpas e revela\u00e7\u00f5es surpreendentes.E outras hist\u00f3rias sobre trai\u00e7\u00f5es perigosas, amores avassaladores e encontros casuais \u2013 repletos de taras sexuais. Al\u00e9m de deliciosas piadas, poemas, reflex\u00f5es pol\u00eamicas e outras improbabilidades.<\/p>\n","protected":false},"featured_media":19737,"template":"","meta":{"_monsterinsights_skip_tracking":false,"_monsterinsights_sitenote_active":false,"_monsterinsights_sitenote_note":"","_monsterinsights_sitenote_category":0},"product_brand":[],"product_cat":[15],"product_tag":[],"class_list":{"0":"post-19746","1":"product","2":"type-product","3":"status-publish","4":"has-post-thumbnail","6":"product_cat-sem-categoria","7":"product_shipping_class-impresso","9":"first","10":"outofstock","11":"shipping-taxable","12":"purchasable","13":"product-type-simple"},"_links":{"self":[{"href":"https:\/\/www.editoralux.com.br\/loja\/wp-json\/wp\/v2\/product\/19746"}],"collection":[{"href":"https:\/\/www.editoralux.com.br\/loja\/wp-json\/wp\/v2\/product"}],"about":[{"href":"https:\/\/www.editoralux.com.br\/loja\/wp-json\/wp\/v2\/types\/product"}],"wp:featuredmedia":[{"embeddable":true,"href":"https:\/\/www.editoralux.com.br\/loja\/wp-json\/wp\/v2\/media\/19737"}],"wp:attachment":[{"href":"https:\/\/www.editoralux.com.br\/loja\/wp-json\/wp\/v2\/media?parent=19746"}],"wp:term":[{"taxonomy":"product_brand","embeddable":true,"href":"https:\/\/www.editoralux.com.br\/loja\/wp-json\/wp\/v2\/product_brand?post=19746"},{"taxonomy":"product_cat","embeddable":true,"href":"https:\/\/www.editoralux.com.br\/loja\/wp-json\/wp\/v2\/product_cat?post=19746"},{"taxonomy":"product_tag","embeddable":true,"href":"https:\/\/www.editoralux.com.br\/loja\/wp-json\/wp\/v2\/product_tag?post=19746"}],"curies":[{"name":"wp","href":"https:\/\/api.w.org\/{rel}","templated":true}]}}