{"id":19772,"date":"2020-06-07T16:37:37","date_gmt":"2020-06-07T19:37:37","guid":{"rendered":"https:\/\/www.editoralux.com.br\/loja\/?post_type=product&#038;p=19772"},"modified":"2025-12-09T16:56:27","modified_gmt":"2025-12-09T19:56:27","slug":"educacao-infantil-como-fase-crucial-para-o-desenvolvimento-integral-das-criancas-da-escola-comunitaria-rainha-dos-anjos-da-cidade-de-itabuna-bahia","status":"publish","type":"product","link":"https:\/\/www.editoralux.com.br\/loja\/produto\/educacao-infantil-como-fase-crucial-para-o-desenvolvimento-integral-das-criancas-da-escola-comunitaria-rainha-dos-anjos-da-cidade-de-itabuna-bahia\/","title":{"rendered":"Educa\u00e7\u00e3o Infantil como fase crucial para o desenvolvimento integral das crian\u00e7as da Escola Comunit\u00e1ria Rainha dos Anjos da Cidade de Itabuna, Bahia"},"content":{"rendered":"","protected":false},"excerpt":{"rendered":"<p>Educa\u00e7\u00e3o Infantil Como Fase Crucial Para o Desenvolvimento Integral das Crian\u00e7as da Escola Comunit\u00e1ria Rainha dos Anjos da Cidade de Itabuna, Bahia<br \/>\nA Educa\u00e7\u00e3o Infantil, reconhecida desde a promulga\u00e7\u00e3o da Lei de Diretrizes e Bases da Educa\u00e7\u00e3o Nacional, como a etapa inicial da educa\u00e7\u00e3o b\u00e1sica tendo como meta assegurar o crescimento das crian\u00e7as em seus aspectos f\u00edsicos, sociais, cognitivos e psicol\u00f3gicos. A Educa\u00e7\u00e3o Infantil tem sido considerada a partir de um conceito mais educativo e deve incluir atividades que despertem o desejo das crian\u00e7as para a escola. Desta forma, este trabalho teve como objetivo analisar como as atividades da rotina da educa\u00e7\u00e3o na primeira inf\u00e2ncia contribuem para o desenvolvimento da crian\u00e7a em seus aspectos f\u00edsicos, sociais, cognitivos e psicol\u00f3gicos na Escola Comunit\u00e1ria Rainha dos Anjos, na cidade de Itabuna-BA, Brasil. No encaminhamento metodol\u00f3gico foi utilizada a pesquisa qualitativa com desenho fenomenol\u00f3gico.\u00a0 Atrav\u00e9s de instrumento de observa\u00e7\u00e3o dos participantes, que foram registradas em di\u00e1rios de campo e registro fotogr\u00e1fico e entrevistas semi-estruturada com professores e a coordenadora da institui\u00e7\u00e3o. Conclui-se que as atividades propostas desenvolveram a aten\u00e7\u00e3o, a autonomia, a identidade, a criatividade, a concentra\u00e7\u00e3o, a linguagem, a coordena\u00e7\u00e3o motora e ampliaram a intera\u00e7\u00e3o social. Pode-se constatar que as atividades da rotina, quando bem organizadas, contribuem significativamente para o desenvolvimento integral das crian\u00e7as, al\u00e9m de nortear o trabalho dos professores.<\/p>\n","protected":false},"featured_media":19771,"template":"","meta":{"_monsterinsights_skip_tracking":false,"_monsterinsights_sitenote_active":false,"_monsterinsights_sitenote_note":"","_monsterinsights_sitenote_category":0},"product_brand":[],"product_cat":[15],"product_tag":[],"class_list":{"0":"post-19772","1":"product","2":"type-product","3":"status-publish","4":"has-post-thumbnail","6":"product_cat-sem-categoria","7":"product_shipping_class-impresso","9":"first","10":"outofstock","11":"shipping-taxable","12":"purchasable","13":"product-type-simple"},"_links":{"self":[{"href":"https:\/\/www.editoralux.com.br\/loja\/wp-json\/wp\/v2\/product\/19772"}],"collection":[{"href":"https:\/\/www.editoralux.com.br\/loja\/wp-json\/wp\/v2\/product"}],"about":[{"href":"https:\/\/www.editoralux.com.br\/loja\/wp-json\/wp\/v2\/types\/product"}],"wp:featuredmedia":[{"embeddable":true,"href":"https:\/\/www.editoralux.com.br\/loja\/wp-json\/wp\/v2\/media\/19771"}],"wp:attachment":[{"href":"https:\/\/www.editoralux.com.br\/loja\/wp-json\/wp\/v2\/media?parent=19772"}],"wp:term":[{"taxonomy":"product_brand","embeddable":true,"href":"https:\/\/www.editoralux.com.br\/loja\/wp-json\/wp\/v2\/product_brand?post=19772"},{"taxonomy":"product_cat","embeddable":true,"href":"https:\/\/www.editoralux.com.br\/loja\/wp-json\/wp\/v2\/product_cat?post=19772"},{"taxonomy":"product_tag","embeddable":true,"href":"https:\/\/www.editoralux.com.br\/loja\/wp-json\/wp\/v2\/product_tag?post=19772"}],"curies":[{"name":"wp","href":"https:\/\/api.w.org\/{rel}","templated":true}]}}