{"id":19774,"date":"2020-06-22T00:02:43","date_gmt":"2020-06-22T03:02:43","guid":{"rendered":"https:\/\/www.editoralux.com.br\/loja\/?post_type=product&#038;p=19774"},"modified":"2025-12-09T16:56:47","modified_gmt":"2025-12-09T19:56:47","slug":"valores-em-versos","status":"publish","type":"product","link":"https:\/\/www.editoralux.com.br\/loja\/produto\/valores-em-versos\/","title":{"rendered":"Valores em Versos"},"content":{"rendered":"","protected":false},"excerpt":{"rendered":"<p>Ensina a crian\u00e7a no caminho em que deve andar, e, ainda quando for velho, n\u00e3o se desviar\u00e1 dele<br \/>\nProv\u00e9rbios 22:6<br \/>\nCada crian\u00e7a \u00e9 um diamante a ser lapidado, n\u00e3o apenas com li\u00e7\u00f5es intelectuais e informa\u00e7\u00f5es, mas sobretudo com amor e sabedoria que a orientar\u00e3o para o verdadeiro sentido da vida.<br \/>\n\u201cUrge, pois, n\u00e3o somente, amparar a crian\u00e7a, mas educar e induzi-la ao esfor\u00e7o de constru\u00e7\u00e3o do Mundo Melhor.\u201d<\/p>\n","protected":false},"featured_media":19776,"template":"","meta":{"_monsterinsights_skip_tracking":false,"_monsterinsights_sitenote_active":false,"_monsterinsights_sitenote_note":"","_monsterinsights_sitenote_category":0},"product_brand":[],"product_cat":[15],"product_tag":[],"class_list":{"0":"post-19774","1":"product","2":"type-product","3":"status-publish","4":"has-post-thumbnail","6":"product_cat-sem-categoria","7":"product_shipping_class-impresso","9":"first","10":"outofstock","11":"shipping-taxable","12":"purchasable","13":"product-type-simple"},"_links":{"self":[{"href":"https:\/\/www.editoralux.com.br\/loja\/wp-json\/wp\/v2\/product\/19774"}],"collection":[{"href":"https:\/\/www.editoralux.com.br\/loja\/wp-json\/wp\/v2\/product"}],"about":[{"href":"https:\/\/www.editoralux.com.br\/loja\/wp-json\/wp\/v2\/types\/product"}],"wp:featuredmedia":[{"embeddable":true,"href":"https:\/\/www.editoralux.com.br\/loja\/wp-json\/wp\/v2\/media\/19776"}],"wp:attachment":[{"href":"https:\/\/www.editoralux.com.br\/loja\/wp-json\/wp\/v2\/media?parent=19774"}],"wp:term":[{"taxonomy":"product_brand","embeddable":true,"href":"https:\/\/www.editoralux.com.br\/loja\/wp-json\/wp\/v2\/product_brand?post=19774"},{"taxonomy":"product_cat","embeddable":true,"href":"https:\/\/www.editoralux.com.br\/loja\/wp-json\/wp\/v2\/product_cat?post=19774"},{"taxonomy":"product_tag","embeddable":true,"href":"https:\/\/www.editoralux.com.br\/loja\/wp-json\/wp\/v2\/product_tag?post=19774"}],"curies":[{"name":"wp","href":"https:\/\/api.w.org\/{rel}","templated":true}]}}