{"id":19777,"date":"2020-06-22T00:10:07","date_gmt":"2020-06-22T03:10:07","guid":{"rendered":"https:\/\/www.editoralux.com.br\/loja\/?post_type=product&#038;p=19777"},"modified":"2023-01-09T14:07:20","modified_gmt":"2023-01-09T17:07:20","slug":"entre-quatro-mil-estrelas","status":"publish","type":"product","link":"https:\/\/www.editoralux.com.br\/loja\/produto\/entre-quatro-mil-estrelas\/","title":{"rendered":"Entre quatro mil estrelas"},"content":{"rendered":"","protected":false},"excerpt":{"rendered":"<p>O livro Entre quatro mil estrelas conta com diversos poemas, cita\u00e7\u00f5es, um conto de inspira\u00e7\u00e3o e coragem, onde tamb\u00e9m abordamos o empoderamento feminino e falamos de tra\u00e7os culturais muito importantes pra nossa sociedade atual, e claro,sentimentos e saudades, tudo isso de forma po\u00e9tica e intensa.<\/p>\n","protected":false},"featured_media":19779,"template":"","meta":{"_monsterinsights_skip_tracking":false,"_monsterinsights_sitenote_active":false,"_monsterinsights_sitenote_note":"","_monsterinsights_sitenote_category":0},"product_brand":[],"product_cat":[15],"product_tag":[],"class_list":{"0":"post-19777","1":"product","2":"type-product","3":"status-publish","4":"has-post-thumbnail","6":"product_cat-sem-categoria","7":"product_shipping_class-impresso","9":"first","10":"outofstock","11":"shipping-taxable","12":"purchasable","13":"product-type-simple"},"_links":{"self":[{"href":"https:\/\/www.editoralux.com.br\/loja\/wp-json\/wp\/v2\/product\/19777"}],"collection":[{"href":"https:\/\/www.editoralux.com.br\/loja\/wp-json\/wp\/v2\/product"}],"about":[{"href":"https:\/\/www.editoralux.com.br\/loja\/wp-json\/wp\/v2\/types\/product"}],"wp:featuredmedia":[{"embeddable":true,"href":"https:\/\/www.editoralux.com.br\/loja\/wp-json\/wp\/v2\/media\/19779"}],"wp:attachment":[{"href":"https:\/\/www.editoralux.com.br\/loja\/wp-json\/wp\/v2\/media?parent=19777"}],"wp:term":[{"taxonomy":"product_brand","embeddable":true,"href":"https:\/\/www.editoralux.com.br\/loja\/wp-json\/wp\/v2\/product_brand?post=19777"},{"taxonomy":"product_cat","embeddable":true,"href":"https:\/\/www.editoralux.com.br\/loja\/wp-json\/wp\/v2\/product_cat?post=19777"},{"taxonomy":"product_tag","embeddable":true,"href":"https:\/\/www.editoralux.com.br\/loja\/wp-json\/wp\/v2\/product_tag?post=19777"}],"curies":[{"name":"wp","href":"https:\/\/api.w.org\/{rel}","templated":true}]}}