{"id":19784,"date":"2020-07-03T00:10:17","date_gmt":"2020-07-03T03:10:17","guid":{"rendered":"https:\/\/www.editoralux.com.br\/loja\/?post_type=product&#038;p=19784"},"modified":"2025-12-09T16:57:04","modified_gmt":"2025-12-09T19:57:04","slug":"as-esferas-do-sucesso","status":"publish","type":"product","link":"https:\/\/www.editoralux.com.br\/loja\/produto\/as-esferas-do-sucesso\/","title":{"rendered":"As Esferas do Sucesso"},"content":{"rendered":"","protected":false},"excerpt":{"rendered":"<p>N\u00e3o existe uma f\u00f3rmula m\u00e1gica. O que existem s\u00e3o caminhos que j\u00e1 foram trilhados e experi\u00eancias j\u00e1 testadas na pr\u00e1tica, garantindo a efic\u00e1cia do que tenho para dividir. Quanto maior o desafio a que nos propomos, maior energia teremos para gastar. Muitas vezes ser\u00e3o anos de dedica\u00e7\u00e3o e empenho para chegar a um objetivo, o que tamb\u00e9m aumenta a import\u00e2ncia de escolhermos muito bem o que queremos para a nossa vida.<\/p>\n<p>Com base em todo conhecimento conquistado por meio de muito estudo, capacita\u00e7\u00e3o e trabalho, conclu\u00ed que o sucesso se conquista por meio de tr\u00eas esferas, e teremos que entend\u00ea-las para definir um plano.<\/p>\n<p>Espero que o leitor possa aproveitar desta obra anos e anos de experi\u00eancia e capacita\u00e7\u00e3o.<\/p>\n<div class=\"yj6qo\"><\/div>\n","protected":false},"featured_media":19786,"template":"","meta":{"_monsterinsights_skip_tracking":false,"_monsterinsights_sitenote_active":false,"_monsterinsights_sitenote_note":"","_monsterinsights_sitenote_category":0},"product_brand":[],"product_cat":[15],"product_tag":[],"class_list":{"0":"post-19784","1":"product","2":"type-product","3":"status-publish","4":"has-post-thumbnail","6":"product_cat-sem-categoria","7":"product_shipping_class-impresso","9":"first","10":"outofstock","11":"shipping-taxable","12":"purchasable","13":"product-type-simple"},"_links":{"self":[{"href":"https:\/\/www.editoralux.com.br\/loja\/wp-json\/wp\/v2\/product\/19784"}],"collection":[{"href":"https:\/\/www.editoralux.com.br\/loja\/wp-json\/wp\/v2\/product"}],"about":[{"href":"https:\/\/www.editoralux.com.br\/loja\/wp-json\/wp\/v2\/types\/product"}],"wp:featuredmedia":[{"embeddable":true,"href":"https:\/\/www.editoralux.com.br\/loja\/wp-json\/wp\/v2\/media\/19786"}],"wp:attachment":[{"href":"https:\/\/www.editoralux.com.br\/loja\/wp-json\/wp\/v2\/media?parent=19784"}],"wp:term":[{"taxonomy":"product_brand","embeddable":true,"href":"https:\/\/www.editoralux.com.br\/loja\/wp-json\/wp\/v2\/product_brand?post=19784"},{"taxonomy":"product_cat","embeddable":true,"href":"https:\/\/www.editoralux.com.br\/loja\/wp-json\/wp\/v2\/product_cat?post=19784"},{"taxonomy":"product_tag","embeddable":true,"href":"https:\/\/www.editoralux.com.br\/loja\/wp-json\/wp\/v2\/product_tag?post=19784"}],"curies":[{"name":"wp","href":"https:\/\/api.w.org\/{rel}","templated":true}]}}