{"id":19787,"date":"2020-07-05T16:21:24","date_gmt":"2020-07-05T19:21:24","guid":{"rendered":"https:\/\/www.editoralux.com.br\/loja\/?post_type=product&#038;p=19787"},"modified":"2026-01-06T11:33:36","modified_gmt":"2026-01-06T14:33:36","slug":"saude-de-aco","status":"publish","type":"product","link":"https:\/\/www.editoralux.com.br\/loja\/produto\/saude-de-aco\/","title":{"rendered":"Sa\u00fade de A\u00e7o"},"content":{"rendered":"","protected":false},"excerpt":{"rendered":"<p>Voc\u00ea pode melhorar sua sa\u00fade e seus n\u00edveis de energia mesmo pensando que j\u00e1 tem o bastante.<br \/>\nSa\u00fade deveria ser o tema central de abordagem e interesse das pessoas numa sociedade fraca, onde as doen\u00e7as se perpetuam e as pessoas vivem de paliativos buscando intensamente tratar sintomas como depress\u00e3o, ansiedade, obesidade, hipertens\u00e3o, diabetes, covid-19, etc, esquecendo-se completamente que isso s\u00f3 revela aus\u00eancia de sa\u00fade. N\u00e3o procure se livrar dessas doen\u00e7as para ficar saud\u00e1vel, fique saud\u00e1vel e essas doen\u00e7as v\u00e3o embora. Essa \u00e9 a nossa conversa aqui nesse livro.<br \/>\nAcredito que um dos motivos da aus\u00eancia generalizada de sa\u00fade nas pessoas e sociedades em geral tem sido porque n\u00e3o se fala, as pessoas trocam os temas de sa\u00fade por temas de doen\u00e7a pensando ingenuamente que se trata da mesma coisa. Outro motivo \u00e9 porque as pessoas n\u00e3o leem mais, andam enganadas e viciadas com fast food informativas, as chamadas redes sociais, ficando com a impress\u00e3o de saciedade, mas est\u00e3o desnutridas, desinformadas e o pre\u00e7o que se paga a longo prazo \u00e9 muito grande incluindo a falta de sa\u00fade. O esfor\u00e7o da leitura pode ser recompensado a longo prazo sob a forma de sa\u00fade plena durante toda a sua vida para poder morrer jovem o mais tarde poss\u00edvel.<\/p>\n","protected":false},"featured_media":19788,"template":"","meta":{"_monsterinsights_skip_tracking":false,"_monsterinsights_sitenote_active":false,"_monsterinsights_sitenote_note":"","_monsterinsights_sitenote_category":0},"product_brand":[],"product_cat":[15],"product_tag":[],"class_list":{"0":"post-19787","1":"product","2":"type-product","3":"status-publish","4":"has-post-thumbnail","6":"product_cat-sem-categoria","7":"product_shipping_class-impresso","9":"first","10":"outofstock","11":"shipping-taxable","12":"purchasable","13":"product-type-simple"},"_links":{"self":[{"href":"https:\/\/www.editoralux.com.br\/loja\/wp-json\/wp\/v2\/product\/19787"}],"collection":[{"href":"https:\/\/www.editoralux.com.br\/loja\/wp-json\/wp\/v2\/product"}],"about":[{"href":"https:\/\/www.editoralux.com.br\/loja\/wp-json\/wp\/v2\/types\/product"}],"wp:featuredmedia":[{"embeddable":true,"href":"https:\/\/www.editoralux.com.br\/loja\/wp-json\/wp\/v2\/media\/19788"}],"wp:attachment":[{"href":"https:\/\/www.editoralux.com.br\/loja\/wp-json\/wp\/v2\/media?parent=19787"}],"wp:term":[{"taxonomy":"product_brand","embeddable":true,"href":"https:\/\/www.editoralux.com.br\/loja\/wp-json\/wp\/v2\/product_brand?post=19787"},{"taxonomy":"product_cat","embeddable":true,"href":"https:\/\/www.editoralux.com.br\/loja\/wp-json\/wp\/v2\/product_cat?post=19787"},{"taxonomy":"product_tag","embeddable":true,"href":"https:\/\/www.editoralux.com.br\/loja\/wp-json\/wp\/v2\/product_tag?post=19787"}],"curies":[{"name":"wp","href":"https:\/\/api.w.org\/{rel}","templated":true}]}}