{"id":19823,"date":"2020-08-25T20:36:37","date_gmt":"2020-08-25T23:36:37","guid":{"rendered":"https:\/\/www.editoralux.com.br\/loja\/?post_type=product&#038;p=19823"},"modified":"2025-12-24T08:39:30","modified_gmt":"2025-12-24T11:39:30","slug":"maia-e-a-nave-espacial","status":"publish","type":"product","link":"https:\/\/www.editoralux.com.br\/loja\/produto\/maia-e-a-nave-espacial\/","title":{"rendered":"MAIA E A NAVE ESPACIAL"},"content":{"rendered":"","protected":false},"excerpt":{"rendered":"<p>Maia era uma menina muito feliz que sempre viu tudo colorido ao seu redor. Tudo que ela queria era ver um mundo melhor. Com for\u00e7a de vontade e dedica\u00e7\u00e3o ela conseguiu transformar um per\u00edodo muito dif\u00edcil em divers\u00e3o, aprendendo com tudo isso uma linda li\u00e7\u00e3o.<\/p>\n<div class=\"yj6qo\"><\/div>\n","protected":false},"featured_media":19821,"template":"","meta":{"_monsterinsights_skip_tracking":false,"_monsterinsights_sitenote_active":false,"_monsterinsights_sitenote_note":"","_monsterinsights_sitenote_category":0},"product_brand":[],"product_cat":[15],"product_tag":[],"class_list":{"0":"post-19823","1":"product","2":"type-product","3":"status-publish","4":"has-post-thumbnail","6":"product_cat-sem-categoria","7":"product_shipping_class-impresso","9":"first","10":"outofstock","11":"shipping-taxable","12":"purchasable","13":"product-type-simple"},"_links":{"self":[{"href":"https:\/\/www.editoralux.com.br\/loja\/wp-json\/wp\/v2\/product\/19823"}],"collection":[{"href":"https:\/\/www.editoralux.com.br\/loja\/wp-json\/wp\/v2\/product"}],"about":[{"href":"https:\/\/www.editoralux.com.br\/loja\/wp-json\/wp\/v2\/types\/product"}],"wp:featuredmedia":[{"embeddable":true,"href":"https:\/\/www.editoralux.com.br\/loja\/wp-json\/wp\/v2\/media\/19821"}],"wp:attachment":[{"href":"https:\/\/www.editoralux.com.br\/loja\/wp-json\/wp\/v2\/media?parent=19823"}],"wp:term":[{"taxonomy":"product_brand","embeddable":true,"href":"https:\/\/www.editoralux.com.br\/loja\/wp-json\/wp\/v2\/product_brand?post=19823"},{"taxonomy":"product_cat","embeddable":true,"href":"https:\/\/www.editoralux.com.br\/loja\/wp-json\/wp\/v2\/product_cat?post=19823"},{"taxonomy":"product_tag","embeddable":true,"href":"https:\/\/www.editoralux.com.br\/loja\/wp-json\/wp\/v2\/product_tag?post=19823"}],"curies":[{"name":"wp","href":"https:\/\/api.w.org\/{rel}","templated":true}]}}