{"id":19844,"date":"2020-09-30T08:24:06","date_gmt":"2020-09-30T11:24:06","guid":{"rendered":"https:\/\/www.editoralux.com.br\/loja\/?post_type=product&#038;p=19844"},"modified":"2023-03-02T15:32:57","modified_gmt":"2023-03-02T18:32:57","slug":"o-maior-avivalista-de-todos-os-tempos","status":"publish","type":"product","link":"https:\/\/www.editoralux.com.br\/loja\/produto\/o-maior-avivalista-de-todos-os-tempos\/","title":{"rendered":"O Maior Avivalista de Todos os Tempos"},"content":{"rendered":"","protected":false},"excerpt":{"rendered":"<p>O maior avivalista de todos os tempos, um tema t\u00e3o pertinente diante do que estamos vivendo atualmente. A princ\u00edpio, parece que o avivamento est\u00e1 distante, inalcan\u00e7\u00e1vel, no entanto ao ler esse livro voc\u00ea notar\u00e1 que o avivamento est\u00e1 mais pr\u00f3ximo do que se imagina.<\/p>\n<p>O avivalista est\u00e1 dentro de n\u00f3s! Que essa leitura te motive a conhec\u00ea-lo e se relacionar com ele, que te conduza a um caminho sem volta, caminho no qual tenho andado e\u00a0 \u00a0presenciado experi\u00eancias incr\u00edveis, atrav\u00e9s da pessoa do amado Esp\u00edrito Santo.<\/p>\n<p>Daiane Batista<\/p>\n","protected":false},"featured_media":19846,"template":"","meta":{"_monsterinsights_skip_tracking":false,"_monsterinsights_sitenote_active":false,"_monsterinsights_sitenote_note":"","_monsterinsights_sitenote_category":0},"product_brand":[],"product_cat":[15],"product_tag":[],"class_list":{"0":"post-19844","1":"product","2":"type-product","3":"status-publish","4":"has-post-thumbnail","6":"product_cat-sem-categoria","7":"product_shipping_class-impresso","9":"first","10":"outofstock","11":"shipping-taxable","12":"purchasable","13":"product-type-simple"},"_links":{"self":[{"href":"https:\/\/www.editoralux.com.br\/loja\/wp-json\/wp\/v2\/product\/19844"}],"collection":[{"href":"https:\/\/www.editoralux.com.br\/loja\/wp-json\/wp\/v2\/product"}],"about":[{"href":"https:\/\/www.editoralux.com.br\/loja\/wp-json\/wp\/v2\/types\/product"}],"wp:featuredmedia":[{"embeddable":true,"href":"https:\/\/www.editoralux.com.br\/loja\/wp-json\/wp\/v2\/media\/19846"}],"wp:attachment":[{"href":"https:\/\/www.editoralux.com.br\/loja\/wp-json\/wp\/v2\/media?parent=19844"}],"wp:term":[{"taxonomy":"product_brand","embeddable":true,"href":"https:\/\/www.editoralux.com.br\/loja\/wp-json\/wp\/v2\/product_brand?post=19844"},{"taxonomy":"product_cat","embeddable":true,"href":"https:\/\/www.editoralux.com.br\/loja\/wp-json\/wp\/v2\/product_cat?post=19844"},{"taxonomy":"product_tag","embeddable":true,"href":"https:\/\/www.editoralux.com.br\/loja\/wp-json\/wp\/v2\/product_tag?post=19844"}],"curies":[{"name":"wp","href":"https:\/\/api.w.org\/{rel}","templated":true}]}}