{"id":19848,"date":"2020-09-30T08:53:47","date_gmt":"2020-09-30T11:53:47","guid":{"rendered":"https:\/\/www.editoralux.com.br\/loja\/?post_type=product&#038;p=19848"},"modified":"2025-09-10T11:26:23","modified_gmt":"2025-09-10T14:26:23","slug":"eu-na-passarela","status":"publish","type":"product","link":"https:\/\/www.editoralux.com.br\/loja\/produto\/eu-na-passarela\/","title":{"rendered":"Eu Na Passarela"},"content":{"rendered":"","protected":false},"excerpt":{"rendered":"<p>J\u00e1 pensou como seria mais f\u00e1cil se vestir se voc\u00ea soubesse exatamente o que combina com voc\u00ea? Estou falando sobre modelagem de roupas, tons quentes e frios, e tipos de acess\u00f3rios que mais real\u00e7am com o perfil corporal e o tom de pele. Complicado demais? Moda pode parecer um assunto complexo, mas, quando entendemos pontos chaves, tudo se descomplica. Passamos a aproveitar melhor as pe\u00e7as que j\u00e1 temos, e aprendemos a consumir de maneira mais consciente. Esse guia pr\u00e1tico de moda crist\u00e3 foi preparado especialmente para voc\u00ea, que quer aprender a valorizar o seu estilo, sem perder a sua ess\u00eancia!<\/p>\n","protected":false},"featured_media":19849,"template":"","meta":{"_monsterinsights_skip_tracking":false,"_monsterinsights_sitenote_active":false,"_monsterinsights_sitenote_note":"","_monsterinsights_sitenote_category":0},"product_brand":[],"product_cat":[15],"product_tag":[],"class_list":{"0":"post-19848","1":"product","2":"type-product","3":"status-publish","4":"has-post-thumbnail","6":"product_cat-sem-categoria","7":"product_shipping_class-impresso","9":"first","10":"outofstock","11":"shipping-taxable","12":"purchasable","13":"product-type-simple"},"_links":{"self":[{"href":"https:\/\/www.editoralux.com.br\/loja\/wp-json\/wp\/v2\/product\/19848"}],"collection":[{"href":"https:\/\/www.editoralux.com.br\/loja\/wp-json\/wp\/v2\/product"}],"about":[{"href":"https:\/\/www.editoralux.com.br\/loja\/wp-json\/wp\/v2\/types\/product"}],"wp:featuredmedia":[{"embeddable":true,"href":"https:\/\/www.editoralux.com.br\/loja\/wp-json\/wp\/v2\/media\/19849"}],"wp:attachment":[{"href":"https:\/\/www.editoralux.com.br\/loja\/wp-json\/wp\/v2\/media?parent=19848"}],"wp:term":[{"taxonomy":"product_brand","embeddable":true,"href":"https:\/\/www.editoralux.com.br\/loja\/wp-json\/wp\/v2\/product_brand?post=19848"},{"taxonomy":"product_cat","embeddable":true,"href":"https:\/\/www.editoralux.com.br\/loja\/wp-json\/wp\/v2\/product_cat?post=19848"},{"taxonomy":"product_tag","embeddable":true,"href":"https:\/\/www.editoralux.com.br\/loja\/wp-json\/wp\/v2\/product_tag?post=19848"}],"curies":[{"name":"wp","href":"https:\/\/api.w.org\/{rel}","templated":true}]}}