{"id":19854,"date":"2020-09-30T22:10:00","date_gmt":"2020-10-01T01:10:00","guid":{"rendered":"https:\/\/www.editoralux.com.br\/loja\/?post_type=product&#038;p=19854"},"modified":"2025-12-24T08:33:54","modified_gmt":"2025-12-24T11:33:54","slug":"as-melhores-e-as-piores-frases-das-campanhas-eleitorais","status":"publish","type":"product","link":"https:\/\/www.editoralux.com.br\/loja\/produto\/as-melhores-e-as-piores-frases-das-campanhas-eleitorais\/","title":{"rendered":"As Melhores e as Piores Frases das Campanhas  Eleitorais"},"content":{"rendered":"","protected":false},"excerpt":{"rendered":"<p>Nunca antes de um forma quase<br \/>\ntotal, simult\u00e2nea e antag\u00f4nica<br \/>\nO MUNDO, sem um tiro disparado,<br \/>\nHavia se ajoelhado t\u00e3o bruscamente.<br \/>\nN\u00e3o foram os EUA, o Ir\u00e3, nem a Coreia<br \/>\nDo Norte, tampouco os pa\u00edses \u00e1rabes,<br \/>\nmuito menos a Venezuela, ou<br \/>\nA m\u00e3e R\u00fassia.<\/p>\n<p>Todos acima estavam ensaiando juntos<br \/>\nA outros aliados, nos \u00faltimos cinco anos<br \/>\ncom exposi\u00e7\u00e3o expl\u00edcita<br \/>\nDo seus poderios b\u00e9licos<br \/>\nnos nutrimos com<br \/>\nCerto medo e apreens\u00e3o, mas eis que<br \/>\nSurge na China um v\u00edrus, \u201cuma gripezinha\u201d<br \/>\nPopularmente conhecida como COVID-19;<br \/>\nNOME DA CEPA: SARS-CoV-2<br \/>\nDESCOBERTA: 2019<\/p>\n<p>ORIGEM: cobras, morcegos, pangolins, sem<\/p>\n<p>Certezas<br \/>\nDOEN\u00c7A CAUSADA: Covid-19.<br \/>\nCONCLUS\u00c3O: leiam o livro at\u00e9 o final.<\/p>\n","protected":false},"featured_media":19842,"template":"","meta":{"_monsterinsights_skip_tracking":false,"_monsterinsights_sitenote_active":false,"_monsterinsights_sitenote_note":"","_monsterinsights_sitenote_category":0},"product_brand":[],"product_cat":[15],"product_tag":[],"class_list":{"0":"post-19854","1":"product","2":"type-product","3":"status-publish","4":"has-post-thumbnail","6":"product_cat-sem-categoria","7":"product_shipping_class-impresso","9":"first","10":"outofstock","11":"shipping-taxable","12":"purchasable","13":"product-type-simple"},"_links":{"self":[{"href":"https:\/\/www.editoralux.com.br\/loja\/wp-json\/wp\/v2\/product\/19854"}],"collection":[{"href":"https:\/\/www.editoralux.com.br\/loja\/wp-json\/wp\/v2\/product"}],"about":[{"href":"https:\/\/www.editoralux.com.br\/loja\/wp-json\/wp\/v2\/types\/product"}],"wp:featuredmedia":[{"embeddable":true,"href":"https:\/\/www.editoralux.com.br\/loja\/wp-json\/wp\/v2\/media\/19842"}],"wp:attachment":[{"href":"https:\/\/www.editoralux.com.br\/loja\/wp-json\/wp\/v2\/media?parent=19854"}],"wp:term":[{"taxonomy":"product_brand","embeddable":true,"href":"https:\/\/www.editoralux.com.br\/loja\/wp-json\/wp\/v2\/product_brand?post=19854"},{"taxonomy":"product_cat","embeddable":true,"href":"https:\/\/www.editoralux.com.br\/loja\/wp-json\/wp\/v2\/product_cat?post=19854"},{"taxonomy":"product_tag","embeddable":true,"href":"https:\/\/www.editoralux.com.br\/loja\/wp-json\/wp\/v2\/product_tag?post=19854"}],"curies":[{"name":"wp","href":"https:\/\/api.w.org\/{rel}","templated":true}]}}