{"id":19859,"date":"2020-10-08T09:13:22","date_gmt":"2020-10-08T12:13:22","guid":{"rendered":"https:\/\/www.editoralux.com.br\/loja\/?post_type=product&#038;p=19859"},"modified":"2025-12-24T08:38:36","modified_gmt":"2025-12-24T11:38:36","slug":"minha-vida-pos-hipnose","status":"publish","type":"product","link":"https:\/\/www.editoralux.com.br\/loja\/produto\/minha-vida-pos-hipnose\/","title":{"rendered":"MINHA VIDA P\u00d3S HIPNOSE &#8211; Uma  Hist\u00f3ria de supera\u00e7\u00e3o e reforma interior"},"content":{"rendered":"","protected":false},"excerpt":{"rendered":"<p>Mas o desejo do Ser Supremo, sempre prevalente, intuiu e direcionou Augusto Cesar para novas e importantes empreitadas, sempre voltadas para o bem comum. Desse modo, a\u00ed est\u00e3o os primeiros resultados de seus estudos dentro dessa nova ci\u00eancia, que visa assistir e orientar os seres humanos em busca da compreens\u00e3o de si mesmos sanando o corpo e a mente de eventuais dist\u00farbios, com a utiliza\u00e7\u00e3o de novas t\u00e9cnicas aplicadas com \u00e9tica e seguran\u00e7a. Por esta raz\u00e3o, indico esta obra para clarificar e desmitificar a aplica\u00e7\u00e3o da hipnose, em casos espec\u00edficos e por ele, ora comprovada por diversos depoimentos apresentados no contexto do livro.<br \/>\nBoa leitura.<\/p>\n<p>Os fatos que vou narrar neste livro s\u00e3o verdadeiros. Por esta raz\u00e3o, vou substituir o nome dos personagens para evitar qualquer tipo de constrangimentos. Acredito intuitivamente que muitas pessoas ir\u00e3o se identificar com os fatos aqui narrados e se sentir\u00e3o impelidas a conhecer o instrumento que me permitiu encontrar a paz e o conforto espiritual, elaborar uma reforma interna radical e auxiliar as pessoa a encontrarem a cura atrav\u00e9s do poder da mente e da f\u00e9.<\/p>\n","protected":false},"featured_media":19860,"template":"","meta":{"_monsterinsights_skip_tracking":false,"_monsterinsights_sitenote_active":false,"_monsterinsights_sitenote_note":"","_monsterinsights_sitenote_category":0},"product_brand":[],"product_cat":[15],"product_tag":[],"class_list":{"0":"post-19859","1":"product","2":"type-product","3":"status-publish","4":"has-post-thumbnail","6":"product_cat-sem-categoria","7":"product_shipping_class-impresso","9":"first","10":"outofstock","11":"shipping-taxable","12":"purchasable","13":"product-type-simple"},"_links":{"self":[{"href":"https:\/\/www.editoralux.com.br\/loja\/wp-json\/wp\/v2\/product\/19859"}],"collection":[{"href":"https:\/\/www.editoralux.com.br\/loja\/wp-json\/wp\/v2\/product"}],"about":[{"href":"https:\/\/www.editoralux.com.br\/loja\/wp-json\/wp\/v2\/types\/product"}],"wp:featuredmedia":[{"embeddable":true,"href":"https:\/\/www.editoralux.com.br\/loja\/wp-json\/wp\/v2\/media\/19860"}],"wp:attachment":[{"href":"https:\/\/www.editoralux.com.br\/loja\/wp-json\/wp\/v2\/media?parent=19859"}],"wp:term":[{"taxonomy":"product_brand","embeddable":true,"href":"https:\/\/www.editoralux.com.br\/loja\/wp-json\/wp\/v2\/product_brand?post=19859"},{"taxonomy":"product_cat","embeddable":true,"href":"https:\/\/www.editoralux.com.br\/loja\/wp-json\/wp\/v2\/product_cat?post=19859"},{"taxonomy":"product_tag","embeddable":true,"href":"https:\/\/www.editoralux.com.br\/loja\/wp-json\/wp\/v2\/product_tag?post=19859"}],"curies":[{"name":"wp","href":"https:\/\/api.w.org\/{rel}","templated":true}]}}