{"id":19862,"date":"2020-10-08T11:07:44","date_gmt":"2020-10-08T14:07:44","guid":{"rendered":"https:\/\/www.editoralux.com.br\/loja\/?post_type=product&#038;p=19862"},"modified":"2025-12-24T08:35:14","modified_gmt":"2025-12-24T11:35:14","slug":"do-outro-lado-da-janela","status":"publish","type":"product","link":"https:\/\/www.editoralux.com.br\/loja\/produto\/do-outro-lado-da-janela\/","title":{"rendered":"DO OUTRO LADO DA JANELA"},"content":{"rendered":"","protected":false},"excerpt":{"rendered":"<p>Os dias de hoje n\u00e3o s\u00e3o mais os mesmos. Foram perdidas as cores, a magia, o encanto e o brilho. O mundo se perdeu, est\u00e1 doente, as pessoas est\u00e3o agressivas e intolerantes. Repudiam-te, te chutam, falam mal, te odeiam. Veio o novo. Veio o agora. Para onde recorrer, para onde ir, para onde fugir? Tive que buscar as respostas. Criticaram-me, ficaram marcas e cicatrizes. Eu queria voltar no tempo, mas o tempo que n\u00e3o se tem. Falta empatia, respeito, disciplina e amor. Em meu corpo criou-se ra\u00edzes, e tive que me reinventar, levantar-me das cinzas, do barro da escurid\u00e3o. Queria apenas viver. Ser somente quem eu era. Mas por que viver de apar\u00eancias e para os outros? Por que n\u00e3o podia demonstrar quem eu era? Por que viver atrav\u00e9s de r\u00f3tulos, de uma m\u00e1scara e dentro do arm\u00e1rio? \u00c9 preciso saber viver, criar um personagem, usar m\u00e1scaras. Lament\u00e1vel. Existe um protocolo para estar vivo, mesmo assim ir\u00e3o te espancar. N\u00e3o temos voz, n\u00e3o somos ouvidos, afinal, quem somos? Isso s\u00f3 voc\u00ea saber\u00e1. Mas grite para o mundo, n\u00e3o se cale, levante-se, encoraja-se, fuja de pessoas sup\u00e9rfluas que n\u00e3o te acrescentam nada. Por onde for ter\u00e3o pessoas vazias e incr\u00e9dulas que te abandonar\u00e3o, te deixar\u00e3o na lama, no fundo do po\u00e7o.<\/p>\n","protected":false},"featured_media":19863,"template":"","meta":{"_monsterinsights_skip_tracking":false,"_monsterinsights_sitenote_active":false,"_monsterinsights_sitenote_note":"","_monsterinsights_sitenote_category":0},"product_brand":[],"product_cat":[15],"product_tag":[],"class_list":{"0":"post-19862","1":"product","2":"type-product","3":"status-publish","4":"has-post-thumbnail","6":"product_cat-sem-categoria","7":"product_shipping_class-impresso","9":"first","10":"outofstock","11":"shipping-taxable","12":"purchasable","13":"product-type-simple"},"_links":{"self":[{"href":"https:\/\/www.editoralux.com.br\/loja\/wp-json\/wp\/v2\/product\/19862"}],"collection":[{"href":"https:\/\/www.editoralux.com.br\/loja\/wp-json\/wp\/v2\/product"}],"about":[{"href":"https:\/\/www.editoralux.com.br\/loja\/wp-json\/wp\/v2\/types\/product"}],"wp:featuredmedia":[{"embeddable":true,"href":"https:\/\/www.editoralux.com.br\/loja\/wp-json\/wp\/v2\/media\/19863"}],"wp:attachment":[{"href":"https:\/\/www.editoralux.com.br\/loja\/wp-json\/wp\/v2\/media?parent=19862"}],"wp:term":[{"taxonomy":"product_brand","embeddable":true,"href":"https:\/\/www.editoralux.com.br\/loja\/wp-json\/wp\/v2\/product_brand?post=19862"},{"taxonomy":"product_cat","embeddable":true,"href":"https:\/\/www.editoralux.com.br\/loja\/wp-json\/wp\/v2\/product_cat?post=19862"},{"taxonomy":"product_tag","embeddable":true,"href":"https:\/\/www.editoralux.com.br\/loja\/wp-json\/wp\/v2\/product_tag?post=19862"}],"curies":[{"name":"wp","href":"https:\/\/api.w.org\/{rel}","templated":true}]}}