{"id":19872,"date":"2020-10-27T09:58:42","date_gmt":"2020-10-27T12:58:42","guid":{"rendered":"https:\/\/www.editoralux.com.br\/loja\/?post_type=product&#038;p=19872"},"modified":"2025-12-24T08:37:36","modified_gmt":"2025-12-24T11:37:36","slug":"a-colina","status":"publish","type":"product","link":"https:\/\/www.editoralux.com.br\/loja\/produto\/a-colina\/","title":{"rendered":"A Colina"},"content":{"rendered":"","protected":false},"excerpt":{"rendered":"<p>Na vida de Augusto n\u00e3o havia muitas alegrias, elas foram substitu\u00eddas por limita\u00e7\u00f5es, frustra\u00e7\u00f5es, viol\u00eancia f\u00edsica e psicol\u00f3gica, mas havia enorme teimosia dentro de si que se transformaram em coragem, garra, dedica\u00e7\u00e3o, vontade de vencer e esperan\u00e7a. Tudo isso em raz\u00e3o da f\u00e9 em Deus, alimentada por um cora\u00e7\u00e3o puro, verdadeiro e incans\u00e1vel. Ele transmitiu confian\u00e7a para poucas pessoas que fizeram diferen\u00e7a em sua vida, e com isso muitas portas foram se abrindo.<br \/>\nMergulhe nesta leitura, mas n\u00e3o se entriste\u00e7a, mas imagine os cen\u00e1rios de acordo com cada situa\u00e7\u00e3o dif\u00edcil, as injusti\u00e7as e os traumas, e contemple a resili\u00eancia de Augusto. Portanto, n\u00e3o desanime por nada, seja qual for o tamanho do seu problema, de suas derrotas, perdas, frustra\u00e7\u00f5es, rejei\u00e7\u00f5es ou humilha\u00e7\u00f5es que lhe causaram. A vida \u00e9 bela e nosso planeta \u00e9 lindo, \u00e9 vasto em riquezas e em lugares, sempre haver\u00e1 uma Colina para acolh\u00ea-lo, e, acima de tudo, tenha f\u00e9 e olhe ao seu redor, Deus est\u00e1 em tudo, o verdadeiro Maestro de nossas vidas. A partir da\u00ed, suas tristezas e desmotiva\u00e7\u00f5es ser\u00e3o amassadas, como um papel velho que n\u00e3o cabe mais na gaveta, e jogadas no lixo.<\/p>\n","protected":false},"featured_media":19873,"template":"","meta":{"_monsterinsights_skip_tracking":false,"_monsterinsights_sitenote_active":false,"_monsterinsights_sitenote_note":"","_monsterinsights_sitenote_category":0},"product_brand":[],"product_cat":[15],"product_tag":[],"class_list":{"0":"post-19872","1":"product","2":"type-product","3":"status-publish","4":"has-post-thumbnail","6":"product_cat-sem-categoria","7":"product_shipping_class-impresso","9":"first","10":"outofstock","11":"shipping-taxable","12":"purchasable","13":"product-type-simple"},"_links":{"self":[{"href":"https:\/\/www.editoralux.com.br\/loja\/wp-json\/wp\/v2\/product\/19872"}],"collection":[{"href":"https:\/\/www.editoralux.com.br\/loja\/wp-json\/wp\/v2\/product"}],"about":[{"href":"https:\/\/www.editoralux.com.br\/loja\/wp-json\/wp\/v2\/types\/product"}],"wp:featuredmedia":[{"embeddable":true,"href":"https:\/\/www.editoralux.com.br\/loja\/wp-json\/wp\/v2\/media\/19873"}],"wp:attachment":[{"href":"https:\/\/www.editoralux.com.br\/loja\/wp-json\/wp\/v2\/media?parent=19872"}],"wp:term":[{"taxonomy":"product_brand","embeddable":true,"href":"https:\/\/www.editoralux.com.br\/loja\/wp-json\/wp\/v2\/product_brand?post=19872"},{"taxonomy":"product_cat","embeddable":true,"href":"https:\/\/www.editoralux.com.br\/loja\/wp-json\/wp\/v2\/product_cat?post=19872"},{"taxonomy":"product_tag","embeddable":true,"href":"https:\/\/www.editoralux.com.br\/loja\/wp-json\/wp\/v2\/product_tag?post=19872"}],"curies":[{"name":"wp","href":"https:\/\/api.w.org\/{rel}","templated":true}]}}