{"id":19875,"date":"2020-10-27T10:12:01","date_gmt":"2020-10-27T13:12:01","guid":{"rendered":"https:\/\/www.editoralux.com.br\/loja\/?post_type=product&#038;p=19875"},"modified":"2025-12-24T08:38:23","modified_gmt":"2025-12-24T11:38:23","slug":"direito-constitucional-cidadao-analise-contemporanea-brasileira","status":"publish","type":"product","link":"https:\/\/www.editoralux.com.br\/loja\/produto\/direito-constitucional-cidadao-analise-contemporanea-brasileira\/","title":{"rendered":"Direito Constitucional Cidad\u00e3o: An\u00e1lise Contempor\u00e2nea Brasileira"},"content":{"rendered":"","protected":false},"excerpt":{"rendered":"<div id=\":jy\" class=\"ii gt\">\n<div id=\":jz\" class=\"a3s aiL \">\n<div dir=\"ltr\">\n<div class=\"gmail_quote\">Esta obra objetiva analisar o Direito Constitucional brasileiro em sua vertente social mais profunda e assistencialista cuja tutela e previs\u00e3o legal encontram-se entranhadas no texto magno de 1988 denominado Constitui\u00e7\u00e3o da Rep\u00fablica Federativa do Brasil. Atualmente o cen\u00e1rio pol\u00edtico, social e econ\u00f4mico, submisso \u00e0 simples an\u00e1lise constitucional, permite a constata\u00e7\u00e3o de uma necessidade ocorrente de interfer\u00eancia do Poder Judici\u00e1rio em busca do cumprimento das garantias constitucionais dos cidad\u00e3os, especialmente quanto aos direitos de cunho social. Reside nesta realidade, portanto, a necessidade de an\u00e1lise, compreens\u00e3o e observa\u00e7\u00e3o mais aprofundadas em rela\u00e7\u00e3o \u00e0s garantias constitucionais sobre aspecto social em cumprimento aos princ\u00edpios outorgados, reconhecidos e defesos pelo legislador constituinte, cuja natureza prim\u00e1ria reflete a necessidade de interven\u00e7\u00e3o estatal em garantia aos direitos e princ\u00edpios constitucionais que, em sua maioria, traduzem natureza fundamental.<\/div>\n<\/div>\n<\/div>\n<\/div>\n","protected":false},"featured_media":19876,"template":"","meta":{"_monsterinsights_skip_tracking":false,"_monsterinsights_sitenote_active":false,"_monsterinsights_sitenote_note":"","_monsterinsights_sitenote_category":0},"product_brand":[],"product_cat":[15],"product_tag":[],"class_list":{"0":"post-19875","1":"product","2":"type-product","3":"status-publish","4":"has-post-thumbnail","6":"product_cat-sem-categoria","7":"product_shipping_class-impresso","9":"first","10":"outofstock","11":"shipping-taxable","12":"purchasable","13":"product-type-simple"},"_links":{"self":[{"href":"https:\/\/www.editoralux.com.br\/loja\/wp-json\/wp\/v2\/product\/19875"}],"collection":[{"href":"https:\/\/www.editoralux.com.br\/loja\/wp-json\/wp\/v2\/product"}],"about":[{"href":"https:\/\/www.editoralux.com.br\/loja\/wp-json\/wp\/v2\/types\/product"}],"wp:featuredmedia":[{"embeddable":true,"href":"https:\/\/www.editoralux.com.br\/loja\/wp-json\/wp\/v2\/media\/19876"}],"wp:attachment":[{"href":"https:\/\/www.editoralux.com.br\/loja\/wp-json\/wp\/v2\/media?parent=19875"}],"wp:term":[{"taxonomy":"product_brand","embeddable":true,"href":"https:\/\/www.editoralux.com.br\/loja\/wp-json\/wp\/v2\/product_brand?post=19875"},{"taxonomy":"product_cat","embeddable":true,"href":"https:\/\/www.editoralux.com.br\/loja\/wp-json\/wp\/v2\/product_cat?post=19875"},{"taxonomy":"product_tag","embeddable":true,"href":"https:\/\/www.editoralux.com.br\/loja\/wp-json\/wp\/v2\/product_tag?post=19875"}],"curies":[{"name":"wp","href":"https:\/\/api.w.org\/{rel}","templated":true}]}}