{"id":19882,"date":"2020-10-28T09:44:51","date_gmt":"2020-10-28T12:44:51","guid":{"rendered":"https:\/\/www.editoralux.com.br\/loja\/?post_type=product&#038;p=19882"},"modified":"2025-12-24T08:34:20","modified_gmt":"2025-12-24T11:34:20","slug":"legislacao-ambiental-no-meio-agricola","status":"publish","type":"product","link":"https:\/\/www.editoralux.com.br\/loja\/produto\/legislacao-ambiental-no-meio-agricola\/","title":{"rendered":"LEGISLA\u00c7\u00c3O AMBIENTAL NO MEIO AGR\u00cdCOLA"},"content":{"rendered":"","protected":false},"excerpt":{"rendered":"<div id=\":jy\" class=\"ii gt\">\n<div id=\":jz\" class=\"a3s aiL \">\n<div dir=\"ltr\">\n<div class=\"gmail_quote\">\n<p>O presente Livro tem por objetivo geral analisar quais as legisla\u00e7\u00f5es ambientais est\u00e3o dispon\u00edveis para atender as exig\u00eancias estabelecidas pela sociedade, elencadas no C\u00f3digo Florestal Brasileiro e ao Cadastro Ambiental Rural. Busca conhecer quais medidas mais precisas para analisar e registrar as \u00c1reas de preserva\u00e7\u00e3o permanente. Visa elaborar um estudo de forma concisa e objetiva sobre a atual situa\u00e7\u00e3o dos espa\u00e7os destinados ao instituto da preserva\u00e7\u00e3o permanente e conscientizar toda a sociedade da import\u00e2ncia deste tema. A import\u00e2ncia dos Princ\u00edpios Constitucionais Ambientais como base no tocante de preserva\u00e7\u00e3o.\u00a0 Como resultados obtidos nessa pesquisa, destacamos que o Instituto das APPs no que tange ao C\u00f3digo Florestal Brasileiro est\u00e3o muito bem amparadas, contudo, a defici\u00eancia na fiscaliza\u00e7\u00e3o, somado a falta de cumprimento e conscientiza\u00e7\u00e3o da legisla\u00e7\u00e3o ambiental por uma minoria irrespons\u00e1vel, que n\u00e3o representa os produtores rurais, favorecem a degrada\u00e7\u00e3o das \u00c1reas de Preserva\u00e7\u00e3o Permanente. O produtor rural contribui para a produ\u00e7\u00e3o de alimentos e busca o equil\u00edbrio sustent\u00e1vel nas propriedades rurais. A metodologia utilizada \u00e9 a pesquisa bibliogr\u00e1fica e documental. presente Livro tem por objetivo geral analisar quais as legisla\u00e7\u00f5es ambientais est\u00e3o dispon\u00edveis para atender as exig\u00eancias estabelecidas pela sociedade, elencadas no C\u00f3digo Florestal Brasileiro e ao Cadastro Ambiental Rural. Busca conhecer quais medidas mais precisas para analisar e registrar as \u00c1reas de preserva\u00e7\u00e3o permanente. Visa elaborar um estudo de forma concisa e objetiva sobre a atual situa\u00e7\u00e3o dos espa\u00e7os destinados ao instituto da preserva\u00e7\u00e3o permanente e conscientizar toda a sociedade da import\u00e2ncia deste tema. A import\u00e2ncia dos Princ\u00edpios Constitucionais Ambientais como base no tocante de preserva\u00e7\u00e3o.\u00a0 Como resultados obtidos nessa pesquisa, destacamos que o Instituto das APPs no que tange ao C\u00f3digo Florestal Brasileiro est\u00e3o muito bem amparadas, contudo, a defici\u00eancia na fiscaliza\u00e7\u00e3o, somado a falta de cumprimento e conscientiza\u00e7\u00e3o da legisla\u00e7\u00e3o ambiental por uma minoria irrespons\u00e1vel, que n\u00e3o representa os produtores rurais, favorecem a degrada\u00e7\u00e3o das \u00c1reas de Preserva\u00e7\u00e3o Permanente. O produtor rural contribui para a produ\u00e7\u00e3o de alimentos e busca o equil\u00edbrio sustent\u00e1vel nas propriedades rurais. A metodologia utilizada \u00e9 a pesquisa bibliogr\u00e1fica e documental.<\/p>\n<\/div>\n<\/div>\n<\/div>\n<\/div>\n","protected":false},"featured_media":19883,"template":"","meta":{"_monsterinsights_skip_tracking":false,"_monsterinsights_sitenote_active":false,"_monsterinsights_sitenote_note":"","_monsterinsights_sitenote_category":0},"product_brand":[],"product_cat":[15],"product_tag":[],"class_list":{"0":"post-19882","1":"product","2":"type-product","3":"status-publish","4":"has-post-thumbnail","6":"product_cat-sem-categoria","7":"product_shipping_class-impresso","9":"first","10":"outofstock","11":"shipping-taxable","12":"purchasable","13":"product-type-simple"},"_links":{"self":[{"href":"https:\/\/www.editoralux.com.br\/loja\/wp-json\/wp\/v2\/product\/19882"}],"collection":[{"href":"https:\/\/www.editoralux.com.br\/loja\/wp-json\/wp\/v2\/product"}],"about":[{"href":"https:\/\/www.editoralux.com.br\/loja\/wp-json\/wp\/v2\/types\/product"}],"wp:featuredmedia":[{"embeddable":true,"href":"https:\/\/www.editoralux.com.br\/loja\/wp-json\/wp\/v2\/media\/19883"}],"wp:attachment":[{"href":"https:\/\/www.editoralux.com.br\/loja\/wp-json\/wp\/v2\/media?parent=19882"}],"wp:term":[{"taxonomy":"product_brand","embeddable":true,"href":"https:\/\/www.editoralux.com.br\/loja\/wp-json\/wp\/v2\/product_brand?post=19882"},{"taxonomy":"product_cat","embeddable":true,"href":"https:\/\/www.editoralux.com.br\/loja\/wp-json\/wp\/v2\/product_cat?post=19882"},{"taxonomy":"product_tag","embeddable":true,"href":"https:\/\/www.editoralux.com.br\/loja\/wp-json\/wp\/v2\/product_tag?post=19882"}],"curies":[{"name":"wp","href":"https:\/\/api.w.org\/{rel}","templated":true}]}}