{"id":19907,"date":"2020-12-04T10:55:36","date_gmt":"2020-12-04T13:55:36","guid":{"rendered":"https:\/\/www.editoralux.com.br\/loja\/?post_type=product&#038;p=19907"},"modified":"2025-12-24T08:34:08","modified_gmt":"2025-12-24T11:34:08","slug":"acidentes-domesticos-na-infancia","status":"publish","type":"product","link":"https:\/\/www.editoralux.com.br\/loja\/produto\/acidentes-domesticos-na-infancia\/","title":{"rendered":"Acidentes Dom\u00e9sticos na Inf\u00e2ncia"},"content":{"rendered":"","protected":false},"excerpt":{"rendered":"<p>A ocorr\u00eancia de acidentes dom\u00e9sticos na inf\u00e2ncia se d\u00e1 por uma s\u00e9rie de fatores, dentre os quais est\u00e3o os comportamentos normais esperados de crian\u00e7as em cada faixa et\u00e1ria, relativas ao desenvolvimento, \u00e0 curiosidade, \u00e0 vulnerabilidade e \u00e0 percep\u00e7\u00e3o limitada do ambiente, em que ficam absortas em interesses imediatos, desligando-se do mundo exterior. Fatores de risco importantes associados s\u00e3o educa\u00e7\u00e3o, condi\u00e7\u00f5es socioculturais e de moradia. Al\u00e9m disso, o maior tempo em que as crian\u00e7as se encontram em casa somado a fatores ambientais de risco tornam o ambiente dom\u00e9stico mais prop\u00edcio a acidentes.<br \/>\nAtualmente, os \u00edndices de acidentes dom\u00e9sticos na inf\u00e2ncia s\u00e3o alarmantes e, com isso, torna-se um problema de sa\u00fade p\u00fablica, envolvendo preju\u00edzos graves \u00e0 sa\u00fade da crian\u00e7a e de sua fam\u00edlia. Os perfis de acidentes s\u00e3o caracter\u00edsticos de certas idades, sendo o risco mais elevado para crian\u00e7as em idade pr\u00e9-escolar em que traumas e les\u00f5es apresentam maior preval\u00eancia. Asfixia e quedas s\u00e3o predominantes no primeiro ano de vida, seguidas por aspira\u00e7\u00f5es de corpo estranho e por queimaduras. A partir de dois anos de idade, as quedas s\u00e3o predominantes. J\u00e1 em maiores de cinco anos, a ocorr\u00eancia \u00e9 maior de traumas com fraturas \u00f3sseas, de choques el\u00e9tricos e de outras situa\u00e7\u00f5es que ser\u00e3o explicadas no livro.<br \/>\nO conte\u00fado deste livro \u00e9 voltado a abordar os principais tipos de acidentes dom\u00e9sticos, os perfis de acordo com a faixa et\u00e1ria, suas principais medidas de preven\u00e7\u00e3o, seguindo orienta\u00e7\u00f5es de relev\u00e2ncia cient\u00edfica e consensos de sociedades m\u00e9dicas, al\u00e9m de orientar o leitor a como agir diante do acidente. Ser\u00e3o abordados acidentes por submers\u00e3o, quedas, quedas associadas a materiais penetrantes, desmistifica\u00e7\u00e3o das principais cren\u00e7as populares, intoxica\u00e7\u00f5es por produtos dom\u00e9sticos, abordagem geral das queimaduras e seus primeiros-socorros, acidentes com energia el\u00e9trica, insola\u00e7\u00e3o e a import\u00e2ncia da fotoprote\u00e7\u00e3o na inf\u00e2ncia, seu tratamento e principais sinais e sintomas cl\u00ednicos.<\/p>\n","protected":false},"featured_media":19908,"template":"","meta":{"_monsterinsights_skip_tracking":false,"_monsterinsights_sitenote_active":false,"_monsterinsights_sitenote_note":"","_monsterinsights_sitenote_category":0},"product_brand":[],"product_cat":[15],"product_tag":[],"class_list":{"0":"post-19907","1":"product","2":"type-product","3":"status-publish","4":"has-post-thumbnail","6":"product_cat-sem-categoria","7":"product_shipping_class-impresso","9":"first","10":"outofstock","11":"shipping-taxable","12":"purchasable","13":"product-type-simple"},"_links":{"self":[{"href":"https:\/\/www.editoralux.com.br\/loja\/wp-json\/wp\/v2\/product\/19907"}],"collection":[{"href":"https:\/\/www.editoralux.com.br\/loja\/wp-json\/wp\/v2\/product"}],"about":[{"href":"https:\/\/www.editoralux.com.br\/loja\/wp-json\/wp\/v2\/types\/product"}],"wp:featuredmedia":[{"embeddable":true,"href":"https:\/\/www.editoralux.com.br\/loja\/wp-json\/wp\/v2\/media\/19908"}],"wp:attachment":[{"href":"https:\/\/www.editoralux.com.br\/loja\/wp-json\/wp\/v2\/media?parent=19907"}],"wp:term":[{"taxonomy":"product_brand","embeddable":true,"href":"https:\/\/www.editoralux.com.br\/loja\/wp-json\/wp\/v2\/product_brand?post=19907"},{"taxonomy":"product_cat","embeddable":true,"href":"https:\/\/www.editoralux.com.br\/loja\/wp-json\/wp\/v2\/product_cat?post=19907"},{"taxonomy":"product_tag","embeddable":true,"href":"https:\/\/www.editoralux.com.br\/loja\/wp-json\/wp\/v2\/product_tag?post=19907"}],"curies":[{"name":"wp","href":"https:\/\/api.w.org\/{rel}","templated":true}]}}