{"id":19910,"date":"2020-12-04T12:28:42","date_gmt":"2020-12-04T15:28:42","guid":{"rendered":"https:\/\/www.editoralux.com.br\/loja\/?post_type=product&#038;p=19910"},"modified":"2023-07-17T04:45:27","modified_gmt":"2023-07-17T07:45:27","slug":"o-menino-que-queria-falar","status":"publish","type":"product","link":"https:\/\/www.editoralux.com.br\/loja\/produto\/o-menino-que-queria-falar\/","title":{"rendered":"O menino que queria Falar"},"content":{"rendered":"","protected":false},"excerpt":{"rendered":"<p>O Menino que queria falar \u00e9 um livro que trata sobre a realidade de diversas crian\u00e7as carentes ao redor do Brasil, que desde o nascimento s\u00e3o influenciadas pelos pais a buscarem um futuro promissor atrav\u00e9s do esporte. O livro retrata a hist\u00f3ria de Wlasylyo que busca o seu sucesso atrav\u00e9s da educa\u00e7\u00e3o, debatendo e questionando o mundo que est\u00e1 ao seu redor. Desafiado pela sua realidade, Wlasylyo usa de sua criatividade e intelig\u00eancia para escrever a sua pr\u00f3pria hist\u00f3ria e mostra para o seu pai que a educa\u00e7\u00e3o \u00e9 um caminho que pode trazer sucesso e reconhecimento dentro da sua comunidade.<br \/>\nEscrita por Ruan Silva<br \/>\nFormado em Finan\u00e7as Corporativas pela Fort Hays University e Profissional da \u00e1rea de Recursos Humanos<\/p>\n","protected":false},"featured_media":19911,"template":"","meta":{"_monsterinsights_skip_tracking":false,"_monsterinsights_sitenote_active":false,"_monsterinsights_sitenote_note":"","_monsterinsights_sitenote_category":0},"product_brand":[],"product_cat":[15],"product_tag":[],"class_list":{"0":"post-19910","1":"product","2":"type-product","3":"status-publish","4":"has-post-thumbnail","6":"product_cat-sem-categoria","7":"product_shipping_class-impresso","9":"first","10":"outofstock","11":"shipping-taxable","12":"purchasable","13":"product-type-simple"},"_links":{"self":[{"href":"https:\/\/www.editoralux.com.br\/loja\/wp-json\/wp\/v2\/product\/19910"}],"collection":[{"href":"https:\/\/www.editoralux.com.br\/loja\/wp-json\/wp\/v2\/product"}],"about":[{"href":"https:\/\/www.editoralux.com.br\/loja\/wp-json\/wp\/v2\/types\/product"}],"wp:featuredmedia":[{"embeddable":true,"href":"https:\/\/www.editoralux.com.br\/loja\/wp-json\/wp\/v2\/media\/19911"}],"wp:attachment":[{"href":"https:\/\/www.editoralux.com.br\/loja\/wp-json\/wp\/v2\/media?parent=19910"}],"wp:term":[{"taxonomy":"product_brand","embeddable":true,"href":"https:\/\/www.editoralux.com.br\/loja\/wp-json\/wp\/v2\/product_brand?post=19910"},{"taxonomy":"product_cat","embeddable":true,"href":"https:\/\/www.editoralux.com.br\/loja\/wp-json\/wp\/v2\/product_cat?post=19910"},{"taxonomy":"product_tag","embeddable":true,"href":"https:\/\/www.editoralux.com.br\/loja\/wp-json\/wp\/v2\/product_tag?post=19910"}],"curies":[{"name":"wp","href":"https:\/\/api.w.org\/{rel}","templated":true}]}}