{"id":19913,"date":"2020-12-04T12:44:51","date_gmt":"2020-12-04T15:44:51","guid":{"rendered":"https:\/\/www.editoralux.com.br\/loja\/?post_type=product&#038;p=19913"},"modified":"2025-12-24T08:38:10","modified_gmt":"2025-12-24T11:38:10","slug":"intuicao-para-viver-uma-vida-melhor-perguntas-respostas","status":"publish","type":"product","link":"https:\/\/www.editoralux.com.br\/loja\/produto\/intuicao-para-viver-uma-vida-melhor-perguntas-respostas\/","title":{"rendered":"Intui\u00e7\u00e3o &#8211;  Para Viver uma Vida Melhor &#8211; Perguntas &#038; Respostas"},"content":{"rendered":"","protected":false},"excerpt":{"rendered":"<p>A intui\u00e7\u00e3o \u00e9 uma forma de express\u00e3o de nossa intelig\u00eancia. Nosso papel \u00e9 manifest\u00e1-la e isso depende de cada um de n\u00f3s.\u00a0 Este livro prop\u00f5e meios que tornam isso poss\u00edvel.<br \/>\nTemas como: se intui\u00e7\u00f5es ocorrem apenas para uns e n\u00e3o para outros, o que \u00e9 intelig\u00eancia intuitiva, qual o melhor meio de usarmos as diferentes formas de intelig\u00eancia e os tr\u00eas pilares de sustenta\u00e7\u00e3o da intui\u00e7\u00e3o s\u00e3o alguns de v\u00e1rios temas do livro que constituem terreno f\u00e9rtil para intuirmos inova\u00e7\u00f5es e escolhas transformadoras em nossas vidas, as quais podem nos conduzir a outro patamar de vida no planeta.<br \/>\nViv\u00eancias conduzidas pelo autor em mais de 20 anos de workshops, as quais ajudam a melhorar o dia a dia das pessoas s\u00e3o compartilhadas neste livro.<br \/>\nIntui\u00e7\u00e3o: Para Viver uma Vida Melhor \u00e9 um livro para pessoas que acreditam numa vida melhor.<br \/>\nSeja bem-vinda, seja bem-vindo \u00e0 sua leitura.<\/p>\n<p>\u201cIntui\u00e7\u00e3o: Para Viver uma Vida Melhor\u201d tem o prop\u00f3sito de conduzir seus leitores a um passeio pelo jardim da intui\u00e7\u00e3o, combinando praticidade e conhecimento de maneira objetiva e inspiradora, e proporcionando boas intui\u00e7\u00f5es durante sua leitura.<br \/>\nTemas interessantes como: \u201ca din\u00e2mica governante da intui\u00e7\u00e3o\u201d, os \u201ctr\u00eas pilares da intui\u00e7\u00e3o\u201d, \u201cse existe uma chave para o despertar da intui\u00e7\u00e3o\u201d, \u201cse a intui\u00e7\u00e3o \u00e9 mais frequente nas mulheres\u201d, \u201cse Einstein era intuitivo\u201d e v\u00e1rios outros questionamentos inspiradores s\u00e3o visitados durante a leitura deste livro.<\/p>\n","protected":false},"featured_media":19916,"template":"","meta":{"_monsterinsights_skip_tracking":false,"_monsterinsights_sitenote_active":false,"_monsterinsights_sitenote_note":"","_monsterinsights_sitenote_category":0},"product_brand":[],"product_cat":[15],"product_tag":[],"class_list":{"0":"post-19913","1":"product","2":"type-product","3":"status-publish","4":"has-post-thumbnail","6":"product_cat-sem-categoria","7":"product_shipping_class-impresso","9":"first","10":"outofstock","11":"shipping-taxable","12":"purchasable","13":"product-type-simple"},"_links":{"self":[{"href":"https:\/\/www.editoralux.com.br\/loja\/wp-json\/wp\/v2\/product\/19913"}],"collection":[{"href":"https:\/\/www.editoralux.com.br\/loja\/wp-json\/wp\/v2\/product"}],"about":[{"href":"https:\/\/www.editoralux.com.br\/loja\/wp-json\/wp\/v2\/types\/product"}],"wp:featuredmedia":[{"embeddable":true,"href":"https:\/\/www.editoralux.com.br\/loja\/wp-json\/wp\/v2\/media\/19916"}],"wp:attachment":[{"href":"https:\/\/www.editoralux.com.br\/loja\/wp-json\/wp\/v2\/media?parent=19913"}],"wp:term":[{"taxonomy":"product_brand","embeddable":true,"href":"https:\/\/www.editoralux.com.br\/loja\/wp-json\/wp\/v2\/product_brand?post=19913"},{"taxonomy":"product_cat","embeddable":true,"href":"https:\/\/www.editoralux.com.br\/loja\/wp-json\/wp\/v2\/product_cat?post=19913"},{"taxonomy":"product_tag","embeddable":true,"href":"https:\/\/www.editoralux.com.br\/loja\/wp-json\/wp\/v2\/product_tag?post=19913"}],"curies":[{"name":"wp","href":"https:\/\/api.w.org\/{rel}","templated":true}]}}