{"id":19919,"date":"2020-12-04T13:34:12","date_gmt":"2020-12-04T16:34:12","guid":{"rendered":"https:\/\/www.editoralux.com.br\/loja\/?post_type=product&#038;p=19919"},"modified":"2026-01-14T14:30:03","modified_gmt":"2026-01-14T17:30:03","slug":"a-moral-metafisica-do-conhecimento-de-si-a-felicidade-segundo-descartes","status":"publish","type":"product","link":"https:\/\/www.editoralux.com.br\/loja\/produto\/a-moral-metafisica-do-conhecimento-de-si-a-felicidade-segundo-descartes\/","title":{"rendered":"A Moral Metaf\u00edsica: Do Conhecimento de Si \u00e0 Felicidade Segundo Descartes"},"content":{"rendered":"","protected":false},"excerpt":{"rendered":"<p>No Tratado das Paix\u00f5es da Alma, Descartes, em sua busca da verdadeira felicidade, escreve que o controle das paix\u00f5es e o uso racional da vontade em rela\u00e7\u00e3o a estas tornam o homem virtuoso de tal maneira que sua consci\u00eancia n\u00e3o o censure por ter exagerado, tanto para mais quanto para menos, na manifesta\u00e7\u00e3o das paix\u00f5es. O resultado \u00e9 uma satisfa\u00e7\u00e3o t\u00e3o poderosa capaz de tornar o homem feliz, a tal ponto que os mais violentos esfor\u00e7os da paix\u00e3o nunca s\u00e3o suficientes para perturbar a tranquilidade de sua alma.<br \/>\nEste trabalho visa demostrar o caminho seguido por Descartes em dire\u00e7\u00e3o \u00e0 verdadeira felicidade a partir do exerc\u00edcio moral e do conhecimento verdadeiro de si, das paix\u00f5es e de Deus. Uma vez tomada a atitude de uma a\u00e7\u00e3o moral, o homem passa a caminhar em dire\u00e7\u00e3o ao bem. Essa atitude moral leva o homem a uma verdadeira condi\u00e7\u00e3o de generosidade que \u00e9 uma virtude que o encaminha em dire\u00e7\u00e3o \u00e0 verdadeira felicidade. Essa generosidade faz-se de forma que as pessoas se estimem por ter corretamente utilizado de suas faculdades que tornam os seres humanos mais pr\u00f3ximos de Deus. As pessoas generosas possuem pleno controle de suas paix\u00f5es porque sabem quais s\u00e3o suas paix\u00f5es e se conhecem o suficiente para saber como e quando agir diante das decis\u00f5es cotidianas. Para Descartes, uma pessoa generosa alcan\u00e7ou o mais alto grau da virtude no caminho da felicidade.<\/p>\n","protected":false},"featured_media":19920,"template":"","meta":{"_monsterinsights_skip_tracking":false,"_monsterinsights_sitenote_active":false,"_monsterinsights_sitenote_note":"","_monsterinsights_sitenote_category":0},"product_brand":[],"product_cat":[15],"product_tag":[],"class_list":{"0":"post-19919","1":"product","2":"type-product","3":"status-publish","4":"has-post-thumbnail","6":"product_cat-sem-categoria","7":"product_shipping_class-impresso","9":"first","10":"outofstock","11":"shipping-taxable","12":"purchasable","13":"product-type-simple"},"_links":{"self":[{"href":"https:\/\/www.editoralux.com.br\/loja\/wp-json\/wp\/v2\/product\/19919"}],"collection":[{"href":"https:\/\/www.editoralux.com.br\/loja\/wp-json\/wp\/v2\/product"}],"about":[{"href":"https:\/\/www.editoralux.com.br\/loja\/wp-json\/wp\/v2\/types\/product"}],"wp:featuredmedia":[{"embeddable":true,"href":"https:\/\/www.editoralux.com.br\/loja\/wp-json\/wp\/v2\/media\/19920"}],"wp:attachment":[{"href":"https:\/\/www.editoralux.com.br\/loja\/wp-json\/wp\/v2\/media?parent=19919"}],"wp:term":[{"taxonomy":"product_brand","embeddable":true,"href":"https:\/\/www.editoralux.com.br\/loja\/wp-json\/wp\/v2\/product_brand?post=19919"},{"taxonomy":"product_cat","embeddable":true,"href":"https:\/\/www.editoralux.com.br\/loja\/wp-json\/wp\/v2\/product_cat?post=19919"},{"taxonomy":"product_tag","embeddable":true,"href":"https:\/\/www.editoralux.com.br\/loja\/wp-json\/wp\/v2\/product_tag?post=19919"}],"curies":[{"name":"wp","href":"https:\/\/api.w.org\/{rel}","templated":true}]}}