{"id":19976,"date":"2021-01-26T12:54:28","date_gmt":"2021-01-26T15:54:28","guid":{"rendered":"https:\/\/www.editoralux.com.br\/loja\/?post_type=product&#038;p=19976"},"modified":"2025-12-24T08:31:19","modified_gmt":"2025-12-24T11:31:19","slug":"diario-de-um-veraneio","status":"publish","type":"product","link":"https:\/\/www.editoralux.com.br\/loja\/produto\/diario-de-um-veraneio\/","title":{"rendered":"Di\u00e1rio de um Veraneio"},"content":{"rendered":"","protected":false},"excerpt":{"rendered":"<p>Onde encontrar inspira\u00e7\u00e3o para o sucesso? Ringo e Fred, jovens m\u00fasicos londrinos, foram busc\u00e1-la no nordeste do Brasil, pr\u00f3ximo ao mar. Aconselhados por amigos, eles tamb\u00e9m se programaram para ir ao show de uma incr\u00edvel banda que j\u00e1 havia influenciado grandes cantores e compositores europeus.<br \/>\nDurante dez incr\u00edveis dias, eles vivenciar\u00e3o momentos t\u00edpicos de um veraneio, convivendo com pessoas especiais que ir\u00e3o mudar o rumo de suas vidas.<\/p>\n","protected":false},"featured_media":19978,"template":"","meta":{"_monsterinsights_skip_tracking":false,"_monsterinsights_sitenote_active":false,"_monsterinsights_sitenote_note":"","_monsterinsights_sitenote_category":0},"product_brand":[],"product_cat":[15],"product_tag":[],"class_list":{"0":"post-19976","1":"product","2":"type-product","3":"status-publish","4":"has-post-thumbnail","6":"product_cat-sem-categoria","7":"product_shipping_class-impresso","9":"first","10":"outofstock","11":"shipping-taxable","12":"purchasable","13":"product-type-simple"},"_links":{"self":[{"href":"https:\/\/www.editoralux.com.br\/loja\/wp-json\/wp\/v2\/product\/19976"}],"collection":[{"href":"https:\/\/www.editoralux.com.br\/loja\/wp-json\/wp\/v2\/product"}],"about":[{"href":"https:\/\/www.editoralux.com.br\/loja\/wp-json\/wp\/v2\/types\/product"}],"wp:featuredmedia":[{"embeddable":true,"href":"https:\/\/www.editoralux.com.br\/loja\/wp-json\/wp\/v2\/media\/19978"}],"wp:attachment":[{"href":"https:\/\/www.editoralux.com.br\/loja\/wp-json\/wp\/v2\/media?parent=19976"}],"wp:term":[{"taxonomy":"product_brand","embeddable":true,"href":"https:\/\/www.editoralux.com.br\/loja\/wp-json\/wp\/v2\/product_brand?post=19976"},{"taxonomy":"product_cat","embeddable":true,"href":"https:\/\/www.editoralux.com.br\/loja\/wp-json\/wp\/v2\/product_cat?post=19976"},{"taxonomy":"product_tag","embeddable":true,"href":"https:\/\/www.editoralux.com.br\/loja\/wp-json\/wp\/v2\/product_tag?post=19976"}],"curies":[{"name":"wp","href":"https:\/\/api.w.org\/{rel}","templated":true}]}}