{"id":19982,"date":"2021-01-28T11:47:53","date_gmt":"2021-01-28T14:47:53","guid":{"rendered":"https:\/\/www.editoralux.com.br\/loja\/?post_type=product&#038;p=19982"},"modified":"2025-12-24T08:30:17","modified_gmt":"2025-12-24T11:30:17","slug":"historias-lendarias","status":"publish","type":"product","link":"https:\/\/www.editoralux.com.br\/loja\/produto\/historias-lendarias\/","title":{"rendered":"HIST\u00d3RIAS LEND\u00c1RIAS"},"content":{"rendered":"","protected":false},"excerpt":{"rendered":"<p>Hist\u00f3rias lend\u00e1rias cont\u00eam narrativas de causos ocorridos no oeste baiano, nas cidades de Barreiras, Arraias e no povoado de S\u00edtio do Rio Grande, que povoaram a mente dos habitantes em uma \u00e9poca distante, e que foram passados, de boca a ouvido, de gera\u00e7\u00e3o a gera\u00e7\u00e3o. Retiradas das brumas do tempo, em tom ficcionista, a autora costura diversos causos atrav\u00e9s de algumas personagens, com a linha da incr\u00edvel e misteriosa hist\u00f3ria dos partos sem dor de D. Inez em decorr\u00eancia da influ\u00eancia de um estranho tropeiro, bem como as diversas vers\u00f5es, do mesmo causo, ao longo do tempo, em tom ficcionista, mas sem excluir a originalidade dos relatos das personalidades da \u00e9poca, convidando o leitor a uma agrad\u00e1vel visita \u00e0 biblioteca viva do imagin\u00e1rio cultural daquela regi\u00e3o.<\/p>\n<div class=\"yj6qo\"><\/div>\n","protected":false},"featured_media":19983,"template":"","meta":{"_monsterinsights_skip_tracking":false,"_monsterinsights_sitenote_active":false,"_monsterinsights_sitenote_note":"","_monsterinsights_sitenote_category":0},"product_brand":[],"product_cat":[15],"product_tag":[],"class_list":{"0":"post-19982","1":"product","2":"type-product","3":"status-publish","4":"has-post-thumbnail","6":"product_cat-sem-categoria","7":"product_shipping_class-impresso","9":"first","10":"outofstock","11":"shipping-taxable","12":"purchasable","13":"product-type-simple"},"_links":{"self":[{"href":"https:\/\/www.editoralux.com.br\/loja\/wp-json\/wp\/v2\/product\/19982"}],"collection":[{"href":"https:\/\/www.editoralux.com.br\/loja\/wp-json\/wp\/v2\/product"}],"about":[{"href":"https:\/\/www.editoralux.com.br\/loja\/wp-json\/wp\/v2\/types\/product"}],"wp:featuredmedia":[{"embeddable":true,"href":"https:\/\/www.editoralux.com.br\/loja\/wp-json\/wp\/v2\/media\/19983"}],"wp:attachment":[{"href":"https:\/\/www.editoralux.com.br\/loja\/wp-json\/wp\/v2\/media?parent=19982"}],"wp:term":[{"taxonomy":"product_brand","embeddable":true,"href":"https:\/\/www.editoralux.com.br\/loja\/wp-json\/wp\/v2\/product_brand?post=19982"},{"taxonomy":"product_cat","embeddable":true,"href":"https:\/\/www.editoralux.com.br\/loja\/wp-json\/wp\/v2\/product_cat?post=19982"},{"taxonomy":"product_tag","embeddable":true,"href":"https:\/\/www.editoralux.com.br\/loja\/wp-json\/wp\/v2\/product_tag?post=19982"}],"curies":[{"name":"wp","href":"https:\/\/api.w.org\/{rel}","templated":true}]}}