{"id":19985,"date":"2021-01-28T15:42:09","date_gmt":"2021-01-28T18:42:09","guid":{"rendered":"https:\/\/www.editoralux.com.br\/loja\/?post_type=product&#038;p=19985"},"modified":"2023-07-17T01:18:50","modified_gmt":"2023-07-17T04:18:50","slug":"deserto-de-atacama-superacao-sobre-2-rodas","status":"publish","type":"product","link":"https:\/\/www.editoralux.com.br\/loja\/produto\/deserto-de-atacama-superacao-sobre-2-rodas\/","title":{"rendered":"Deserto de Atacama: Supera\u00e7\u00e3o sobre 2 rodas"},"content":{"rendered":"","protected":false},"excerpt":{"rendered":"<p>O livro apresenta situa\u00e7\u00f5es vividas por um motociclista brasileiro ao longo de 12 dias de viagem sobre uma moto de 650 cilindradas, com objetivo de chegar ao deserto de Atacama no Chile, passando pela Cordilheira dos Andes a uma altitude de 4.000 metros. Durante o percurso, sua moto danificou ap\u00f3s andar 150 km de casa, esperando mais de um dia at\u00e9 conseguir fazer o reparo. Depois, continuou a viagem enfrentando ao passar pela Argentina um calor de mais de 40 \u00b0C e, no dia seguinte, chegou \u00e0 Cordilheira do Andes encontrando neve na estrada. Ficou parado por algumas horas no deserto esperando o socorro chegar, tomou banho em lagoas naturalmente aquecidas e flutuou em lagoas salgadas de \u00e1guas geladas, sendo estes alguns dos momentos marcantes. Durante a viagem, ocorre uma reflex\u00e3o sobre a vida, seus sentidos e valores associados \u00e0s circunst\u00e2ncias da estrada e da pilotagem. Ap\u00f3s sentir o mais nobre significado das palavras \u201cfam\u00edlia\u201d e \u201camigos\u201d, retornou para casa ao final da expedi\u00e7\u00e3o no dia previsto, com a realiza\u00e7\u00e3o de uma das mais belas e marcantes passagens na vida.<\/p>\n<div class=\"yj6qo\"><\/div>\n","protected":false},"featured_media":19986,"template":"","meta":{"_monsterinsights_skip_tracking":false,"_monsterinsights_sitenote_active":false,"_monsterinsights_sitenote_note":"","_monsterinsights_sitenote_category":0},"product_brand":[],"product_cat":[15],"product_tag":[],"class_list":{"0":"post-19985","1":"product","2":"type-product","3":"status-publish","4":"has-post-thumbnail","6":"product_cat-sem-categoria","7":"product_shipping_class-impresso","9":"first","10":"outofstock","11":"shipping-taxable","12":"purchasable","13":"product-type-simple"},"_links":{"self":[{"href":"https:\/\/www.editoralux.com.br\/loja\/wp-json\/wp\/v2\/product\/19985"}],"collection":[{"href":"https:\/\/www.editoralux.com.br\/loja\/wp-json\/wp\/v2\/product"}],"about":[{"href":"https:\/\/www.editoralux.com.br\/loja\/wp-json\/wp\/v2\/types\/product"}],"wp:featuredmedia":[{"embeddable":true,"href":"https:\/\/www.editoralux.com.br\/loja\/wp-json\/wp\/v2\/media\/19986"}],"wp:attachment":[{"href":"https:\/\/www.editoralux.com.br\/loja\/wp-json\/wp\/v2\/media?parent=19985"}],"wp:term":[{"taxonomy":"product_brand","embeddable":true,"href":"https:\/\/www.editoralux.com.br\/loja\/wp-json\/wp\/v2\/product_brand?post=19985"},{"taxonomy":"product_cat","embeddable":true,"href":"https:\/\/www.editoralux.com.br\/loja\/wp-json\/wp\/v2\/product_cat?post=19985"},{"taxonomy":"product_tag","embeddable":true,"href":"https:\/\/www.editoralux.com.br\/loja\/wp-json\/wp\/v2\/product_tag?post=19985"}],"curies":[{"name":"wp","href":"https:\/\/api.w.org\/{rel}","templated":true}]}}