{"id":20007,"date":"2021-02-24T19:59:07","date_gmt":"2021-02-24T22:59:07","guid":{"rendered":"https:\/\/www.editoralux.com.br\/loja\/?post_type=product&#038;p=20007"},"modified":"2025-12-24T08:30:54","modified_gmt":"2025-12-24T11:30:54","slug":"ordem-progresso-dinheiro-ou-groselha","status":"publish","type":"product","link":"https:\/\/www.editoralux.com.br\/loja\/produto\/ordem-progresso-dinheiro-ou-groselha\/","title":{"rendered":"Ordem, Progresso, Dinheiro ou Groselha"},"content":{"rendered":"","protected":false},"excerpt":{"rendered":"<p>Esta colet\u00e2nea apresenta Jo\u00e3o Marco, um cronista econ\u00f4mico que versa do quant ao anal\u00f3gico. Mas n\u00e3o espere uma cole\u00e7\u00e3o de artigos sisudos sobre economia e pol\u00edtica como se costuma ver nos jornais. Aqui o \u00e1rido econom\u00eas n\u00e3o tem vez. Ao longo dos anos, o autor desenvolveu uma linguagem pr\u00f3pria que alia o rigor t\u00e9cnico do economista \u00e0 sagacidade de uma boa hist\u00f3ria de bar que prende a aten\u00e7\u00e3o da mesa (aqui, no caso, do leitor) em meio \u00e0 confus\u00e3o ao redor. Os textos apresentam reflex\u00f5es sobre pol\u00edtica, economia, finan\u00e7as e, por que n\u00e3o, outras groselhas, sempre amarrados por \u00f3timas refer\u00eancias de cinema, m\u00fasica, literatura e cultura pop. O zelo pelo argumento tamb\u00e9m destoa ao fazer leituras conjunturais longe do conforto da polariza\u00e7\u00e3o entre o \u201cFora, Temer!\u201d e o \u201cBora, Temer!\u201d, como no in\u00edcio do livro. O resultado s\u00e3o artigos \u00fanicos que s\u00f3 poderiam ser produzidos pelas redes neur\u00f3ticas (a vers\u00e3o carioca dos sistemas de redes neurais) do Jo\u00e3o Marco.<br \/>\nFrancisco Costa<br \/>\nProfessor de Economia na FGV EPGE<\/p>\n<div class=\"yj6qo\"><\/div>\n","protected":false},"featured_media":20008,"template":"","meta":{"_monsterinsights_skip_tracking":false,"_monsterinsights_sitenote_active":false,"_monsterinsights_sitenote_note":"","_monsterinsights_sitenote_category":0},"product_brand":[],"product_cat":[15],"product_tag":[],"class_list":{"0":"post-20007","1":"product","2":"type-product","3":"status-publish","4":"has-post-thumbnail","6":"product_cat-sem-categoria","7":"product_shipping_class-impresso","9":"first","10":"outofstock","11":"shipping-taxable","12":"purchasable","13":"product-type-simple"},"_links":{"self":[{"href":"https:\/\/www.editoralux.com.br\/loja\/wp-json\/wp\/v2\/product\/20007"}],"collection":[{"href":"https:\/\/www.editoralux.com.br\/loja\/wp-json\/wp\/v2\/product"}],"about":[{"href":"https:\/\/www.editoralux.com.br\/loja\/wp-json\/wp\/v2\/types\/product"}],"wp:featuredmedia":[{"embeddable":true,"href":"https:\/\/www.editoralux.com.br\/loja\/wp-json\/wp\/v2\/media\/20008"}],"wp:attachment":[{"href":"https:\/\/www.editoralux.com.br\/loja\/wp-json\/wp\/v2\/media?parent=20007"}],"wp:term":[{"taxonomy":"product_brand","embeddable":true,"href":"https:\/\/www.editoralux.com.br\/loja\/wp-json\/wp\/v2\/product_brand?post=20007"},{"taxonomy":"product_cat","embeddable":true,"href":"https:\/\/www.editoralux.com.br\/loja\/wp-json\/wp\/v2\/product_cat?post=20007"},{"taxonomy":"product_tag","embeddable":true,"href":"https:\/\/www.editoralux.com.br\/loja\/wp-json\/wp\/v2\/product_tag?post=20007"}],"curies":[{"name":"wp","href":"https:\/\/api.w.org\/{rel}","templated":true}]}}