{"id":20009,"date":"2021-02-24T20:10:20","date_gmt":"2021-02-24T23:10:20","guid":{"rendered":"https:\/\/www.editoralux.com.br\/loja\/?post_type=product&#038;p=20009"},"modified":"2025-12-24T08:31:50","modified_gmt":"2025-12-24T11:31:50","slug":"ecos-do-rogate-no-quarto-evangelho","status":"publish","type":"product","link":"https:\/\/www.editoralux.com.br\/loja\/produto\/ecos-do-rogate-no-quarto-evangelho\/","title":{"rendered":"Ecos do Rogate no Quarto Evangelho"},"content":{"rendered":"","protected":false},"excerpt":{"rendered":"<p>O verbo \u201cRogate\u201d sintetiza o conte\u00fado das per\u00edcopes de Mateus e Lucas. Um olhar atento \u00e0 sinopse, nota que existe um paralelo a uma passagem do Quarto Evangelho que denominamos de \u201cRogate joanino\u201d (cf. Mateus 9.35-38; Lucas 10.2; Jo\u00e3o 4.31-38). O imperativo \u201cRogate\u201d n\u00e3o se encontra no evangelho de Jo\u00e3o, mas a realiza\u00e7\u00e3o da obra do Pai pressup\u00f5e a ora\u00e7\u00e3o pelos bons oper\u00e1rios para ceifar a messe.<br \/>\nEm Samaria, regi\u00e3o de periferia, ap\u00f3s encontrar e dialogar com a mulher \u00e0 beira do po\u00e7o, Jesus contemplou os campos e inseriu os disc\u00edpulos na miss\u00e3o. Somos chamados a passar da compaix\u00e3o diante da multid\u00e3o \u201ccansada e abatida\u201d \u00e0 alegria da colheita, cujas prim\u00edcias s\u00e3o os marginalizados samaritanos que se aproximam do Verbo do Pai que se identifica com o \u201cRogate\u201d.<br \/>\nEste estudo analisa em detalhes as semelhan\u00e7as e diferen\u00e7as com os sin\u00f3ticos e ilumina a identidade e miss\u00e3o dos ceifadores do Mestre, pleno de \u201cgra\u00e7a e verdade\u201d (Jo\u00e3o 1.14).<\/p>\n<div class=\"yj6qo\"><\/div>\n<div class=\"yj6qo\"><\/div>\n","protected":false},"featured_media":20011,"template":"","meta":{"_monsterinsights_skip_tracking":false,"_monsterinsights_sitenote_active":false,"_monsterinsights_sitenote_note":"","_monsterinsights_sitenote_category":0},"product_brand":[],"product_cat":[15],"product_tag":[],"class_list":{"0":"post-20009","1":"product","2":"type-product","3":"status-publish","4":"has-post-thumbnail","6":"product_cat-sem-categoria","7":"product_shipping_class-impresso","9":"first","10":"outofstock","11":"shipping-taxable","12":"purchasable","13":"product-type-simple"},"_links":{"self":[{"href":"https:\/\/www.editoralux.com.br\/loja\/wp-json\/wp\/v2\/product\/20009"}],"collection":[{"href":"https:\/\/www.editoralux.com.br\/loja\/wp-json\/wp\/v2\/product"}],"about":[{"href":"https:\/\/www.editoralux.com.br\/loja\/wp-json\/wp\/v2\/types\/product"}],"wp:featuredmedia":[{"embeddable":true,"href":"https:\/\/www.editoralux.com.br\/loja\/wp-json\/wp\/v2\/media\/20011"}],"wp:attachment":[{"href":"https:\/\/www.editoralux.com.br\/loja\/wp-json\/wp\/v2\/media?parent=20009"}],"wp:term":[{"taxonomy":"product_brand","embeddable":true,"href":"https:\/\/www.editoralux.com.br\/loja\/wp-json\/wp\/v2\/product_brand?post=20009"},{"taxonomy":"product_cat","embeddable":true,"href":"https:\/\/www.editoralux.com.br\/loja\/wp-json\/wp\/v2\/product_cat?post=20009"},{"taxonomy":"product_tag","embeddable":true,"href":"https:\/\/www.editoralux.com.br\/loja\/wp-json\/wp\/v2\/product_tag?post=20009"}],"curies":[{"name":"wp","href":"https:\/\/api.w.org\/{rel}","templated":true}]}}