{"id":20019,"date":"2021-03-01T16:07:56","date_gmt":"2021-03-01T19:07:56","guid":{"rendered":"https:\/\/www.editoralux.com.br\/loja\/?post_type=product&#038;p=20019"},"modified":"2025-12-24T08:44:04","modified_gmt":"2025-12-24T11:44:04","slug":"a-historia-de-um-milagre","status":"publish","type":"product","link":"https:\/\/www.editoralux.com.br\/loja\/produto\/a-historia-de-um-milagre\/","title":{"rendered":"A Hist\u00f3ria de um Milagre"},"content":{"rendered":"","protected":false},"excerpt":{"rendered":"<p>\u00c9 o primeiro livro escrito por n\u00f3s, Altair e Priscila, cujo objetivo \u00e9 compartilhar a caminhada de f\u00e9 percorrida at\u00e9 a chegada da primeira filha, Maria Clara, e demais milagres que vivenciamos em nossa vida com Deus.<br \/>\nA inten\u00e7\u00e3o \u00e9 abrir nosso cora\u00e7\u00e3o com toda a verdade e simplicidade, bem como dividir com os leitores a grandeza da bondade de Deus para conosco.<br \/>\nOramos e esperamos que cada leitor seja ministrado pelo Esp\u00edrito Santo e encorajado a crer e ter esperan\u00e7a, mesmo que tudo pare\u00e7a contr\u00e1rio, porque em Cristo somos mais que vencedores; independente do resultado da batalha, Ele venceu a guerra.<br \/>\n\u201cTUDO \u00c9 POSS\u00cdVEL AQUELE QUE CR\u00ca\u201d \u2013 DISSE JESUS<\/p>\n<p><em>Altair Gon\u00e7alves de Souza, apaixonado leitor da B\u00edblia, pastor presidente da Igreja Renovada de Nova Andradina-MS, casado e pai da Maria Clara, graduado em Licenciatura Plena em Hist\u00f3ria pela Universidade Federal de Mato Grosso do Sul \u2013 CPNA e graduando em Direito pela Universidade Brasil \u2013 Campus de Nova Andradina-MS. Um homem temente a Deus que busca agradar seu Senhor.<\/em><\/p>\n<p><em>Priscila Malaguti O. Gon\u00e7alves, leitora da B\u00edblia, pastora da Igreja Renovada de Nova Andradina-MS, casada e m\u00e3e da Maria Clara, graduada em Licenciatura Plena em Hist\u00f3ria pela Universidade Federal de Mato Grosso do Sul \u2013 CPNA. Uma pessoa simples e comum que acredita em um Deus poderoso e que aguarda ansiosamente pela volta de Cristo.<\/em><\/p>\n","protected":false},"featured_media":20020,"template":"","meta":{"_monsterinsights_skip_tracking":false,"_monsterinsights_sitenote_active":false,"_monsterinsights_sitenote_note":"","_monsterinsights_sitenote_category":0},"product_brand":[],"product_cat":[15],"product_tag":[],"class_list":{"0":"post-20019","1":"product","2":"type-product","3":"status-publish","4":"has-post-thumbnail","6":"product_cat-sem-categoria","7":"product_shipping_class-impresso","9":"first","10":"outofstock","11":"shipping-taxable","12":"purchasable","13":"product-type-simple"},"_links":{"self":[{"href":"https:\/\/www.editoralux.com.br\/loja\/wp-json\/wp\/v2\/product\/20019"}],"collection":[{"href":"https:\/\/www.editoralux.com.br\/loja\/wp-json\/wp\/v2\/product"}],"about":[{"href":"https:\/\/www.editoralux.com.br\/loja\/wp-json\/wp\/v2\/types\/product"}],"wp:featuredmedia":[{"embeddable":true,"href":"https:\/\/www.editoralux.com.br\/loja\/wp-json\/wp\/v2\/media\/20020"}],"wp:attachment":[{"href":"https:\/\/www.editoralux.com.br\/loja\/wp-json\/wp\/v2\/media?parent=20019"}],"wp:term":[{"taxonomy":"product_brand","embeddable":true,"href":"https:\/\/www.editoralux.com.br\/loja\/wp-json\/wp\/v2\/product_brand?post=20019"},{"taxonomy":"product_cat","embeddable":true,"href":"https:\/\/www.editoralux.com.br\/loja\/wp-json\/wp\/v2\/product_cat?post=20019"},{"taxonomy":"product_tag","embeddable":true,"href":"https:\/\/www.editoralux.com.br\/loja\/wp-json\/wp\/v2\/product_tag?post=20019"}],"curies":[{"name":"wp","href":"https:\/\/api.w.org\/{rel}","templated":true}]}}