{"id":20033,"date":"2021-03-18T21:19:09","date_gmt":"2021-03-19T00:19:09","guid":{"rendered":"https:\/\/www.editoralux.com.br\/loja\/?post_type=product&#038;p=20033"},"modified":"2025-12-24T08:45:34","modified_gmt":"2025-12-24T11:45:34","slug":"deus-continua-no-comando","status":"publish","type":"product","link":"https:\/\/www.editoralux.com.br\/loja\/produto\/deus-continua-no-comando\/","title":{"rendered":"Deus Continua no Comando"},"content":{"rendered":"","protected":false},"excerpt":{"rendered":"<p>Voc\u00ea ter\u00e1 que sair da CAVERNA (Deus no Comando) \u00e0 beira mar e seguir seu rumo passando pela FLORESTA (Deus Continua no Comando). Ap\u00f3s, voc\u00ea estar\u00e1 mais preparado para enfrentar a TEMPESTADE e continuar seu caminho\u201d.<br \/>\nEsses relatos de situa\u00e7\u00f5es inusitadas e de dif\u00edcil entendimento a principio, mas minha imagina\u00e7\u00e3o p\u00f4de \u2013 e ainda pode ser muito criativa em sentir, ver, idealizar e guardar, e s\u00f3 depois transcrev\u00ea-las \u2013 s\u00e3o naturais e sem explica\u00e7\u00f5es l\u00f3gicas.<br \/>\nComo escrevi muitas coisas e acontecimentos no primeiro livro \u201cDeus no Comando\u201d, nesta segunda obra, haver\u00e1 situa\u00e7\u00f5es e fatos com certo enriquecimento em detalhes, com muitas lembran\u00e7as vividas na fase do coma e da cirurgia card\u00edaca complicada de troca valvar e coloca\u00e7\u00e3o de marca-passo.<br \/>\nPrecisava inserir isso tudo no papel, a fim de tamb\u00e9m dar uma reciclada e ter paz na minha mente, e, de certa forma, substituir essas lembran\u00e7as para viver o futuro e n\u00e3o me prender muito no passado.<br \/>\nPor tudo isso, pela vida, fam\u00edlia e amigos, e pelo sentimento maravilho de gratid\u00e3o que sinto a Deus \u00e9 que busco ser feliz e tocar minha vida da maneira mais simples, sem menosprezar as pessoas ao meu redor.<\/p>\n","protected":false},"featured_media":20034,"template":"","meta":{"_monsterinsights_skip_tracking":false,"_monsterinsights_sitenote_active":false,"_monsterinsights_sitenote_note":"","_monsterinsights_sitenote_category":0},"product_brand":[],"product_cat":[15],"product_tag":[],"class_list":{"0":"post-20033","1":"product","2":"type-product","3":"status-publish","4":"has-post-thumbnail","6":"product_cat-sem-categoria","7":"product_shipping_class-impresso","9":"first","10":"outofstock","11":"shipping-taxable","12":"purchasable","13":"product-type-simple"},"_links":{"self":[{"href":"https:\/\/www.editoralux.com.br\/loja\/wp-json\/wp\/v2\/product\/20033"}],"collection":[{"href":"https:\/\/www.editoralux.com.br\/loja\/wp-json\/wp\/v2\/product"}],"about":[{"href":"https:\/\/www.editoralux.com.br\/loja\/wp-json\/wp\/v2\/types\/product"}],"wp:featuredmedia":[{"embeddable":true,"href":"https:\/\/www.editoralux.com.br\/loja\/wp-json\/wp\/v2\/media\/20034"}],"wp:attachment":[{"href":"https:\/\/www.editoralux.com.br\/loja\/wp-json\/wp\/v2\/media?parent=20033"}],"wp:term":[{"taxonomy":"product_brand","embeddable":true,"href":"https:\/\/www.editoralux.com.br\/loja\/wp-json\/wp\/v2\/product_brand?post=20033"},{"taxonomy":"product_cat","embeddable":true,"href":"https:\/\/www.editoralux.com.br\/loja\/wp-json\/wp\/v2\/product_cat?post=20033"},{"taxonomy":"product_tag","embeddable":true,"href":"https:\/\/www.editoralux.com.br\/loja\/wp-json\/wp\/v2\/product_tag?post=20033"}],"curies":[{"name":"wp","href":"https:\/\/api.w.org\/{rel}","templated":true}]}}