{"id":20044,"date":"2021-03-19T17:04:44","date_gmt":"2021-03-19T20:04:44","guid":{"rendered":"https:\/\/www.editoralux.com.br\/loja\/?post_type=product&#038;p=20044"},"modified":"2025-12-24T08:46:58","modified_gmt":"2025-12-24T11:46:58","slug":"sobre-o-aco-frio-dos-trilhos-da-lembranca","status":"publish","type":"product","link":"https:\/\/www.editoralux.com.br\/loja\/produto\/sobre-o-aco-frio-dos-trilhos-da-lembranca\/","title":{"rendered":"Sobre o A\u00e7o Frio dos Trilhos da Lembran\u00e7a"},"content":{"rendered":"","protected":false},"excerpt":{"rendered":"<p>A presente obra se trata de um livro bem ecl\u00e9tico, abordando um pouco de hist\u00f3ria antiga, uma pitada de humor, conhecimentos gerais, um pouco de espiritualidade e, sobretudo, de momentos vividos na intimidade de uma fam\u00edlia de imigrantes italianos que vieram para o Brasil fugindo da crise econ\u00f4mica e do desemprego enfrentada na It\u00e1lia naqueles tempos.<br \/>\nMostra muito sobre a garra e a coragem dos descendentes desses imigrantes, que criaram suas proles e, sem alguma forma\u00e7\u00e3o acad\u00eamica e recursos financeiros, conseguiram formar um consider\u00e1vel patrim\u00f4nio aqui no Novo Continente.<br \/>\nAborda tamb\u00e9m a inf\u00e2ncia dos descendentes nascidos no Brasil, descrevendo uma inf\u00e2ncia cheia de magia de cada um vivendo no interior em um lugar cercado de montes e matas virgens, enfim, mostra muitos momentos felizes e tamb\u00e9m tr\u00e1gicos enfrentados aqui no Brasil.<\/p>\n","protected":false},"featured_media":20045,"template":"","meta":{"_monsterinsights_skip_tracking":false,"_monsterinsights_sitenote_active":false,"_monsterinsights_sitenote_note":"","_monsterinsights_sitenote_category":0},"product_brand":[],"product_cat":[15],"product_tag":[],"class_list":{"0":"post-20044","1":"product","2":"type-product","3":"status-publish","4":"has-post-thumbnail","6":"product_cat-sem-categoria","7":"product_shipping_class-impresso","9":"first","10":"outofstock","11":"shipping-taxable","12":"purchasable","13":"product-type-simple"},"_links":{"self":[{"href":"https:\/\/www.editoralux.com.br\/loja\/wp-json\/wp\/v2\/product\/20044"}],"collection":[{"href":"https:\/\/www.editoralux.com.br\/loja\/wp-json\/wp\/v2\/product"}],"about":[{"href":"https:\/\/www.editoralux.com.br\/loja\/wp-json\/wp\/v2\/types\/product"}],"wp:featuredmedia":[{"embeddable":true,"href":"https:\/\/www.editoralux.com.br\/loja\/wp-json\/wp\/v2\/media\/20045"}],"wp:attachment":[{"href":"https:\/\/www.editoralux.com.br\/loja\/wp-json\/wp\/v2\/media?parent=20044"}],"wp:term":[{"taxonomy":"product_brand","embeddable":true,"href":"https:\/\/www.editoralux.com.br\/loja\/wp-json\/wp\/v2\/product_brand?post=20044"},{"taxonomy":"product_cat","embeddable":true,"href":"https:\/\/www.editoralux.com.br\/loja\/wp-json\/wp\/v2\/product_cat?post=20044"},{"taxonomy":"product_tag","embeddable":true,"href":"https:\/\/www.editoralux.com.br\/loja\/wp-json\/wp\/v2\/product_tag?post=20044"}],"curies":[{"name":"wp","href":"https:\/\/api.w.org\/{rel}","templated":true}]}}