{"id":20112,"date":"2021-05-26T22:55:48","date_gmt":"2021-05-27T01:55:48","guid":{"rendered":"https:\/\/www.editoralux.com.br\/loja\/?post_type=product&#038;p=20112"},"modified":"2025-12-24T08:49:51","modified_gmt":"2025-12-24T11:49:51","slug":"se-fosse-poesia","status":"publish","type":"product","link":"https:\/\/www.editoralux.com.br\/loja\/produto\/se-fosse-poesia\/","title":{"rendered":"Se fosse poesia"},"content":{"rendered":"","protected":false},"excerpt":{"rendered":"<p>A pretens\u00e3o de registrar algumas reflex\u00f5es na tentativa talvez ut\u00f3pica de flertar com poesia teve alguns motivadores a serem considerados. O primeiro deles \u00e9 o de n\u00e3o depender exclusivamente de minha mem\u00f3ria para recordar uma passagem muito intensa da minha vida, e o segundo motivador \u00e9 ter condi\u00e7\u00f5es de apresentar \u00e0 minha filha uma vers\u00e3o mais pura de mim, desnuda de vaidades, e assumindo minhas fraquezas. Quero que, em algum momento, ela possa ter acesso ao seu \u201cher\u00f3i\u201d sem m\u00e1scaras, sem superpoderes e que em muitas situa\u00e7\u00f5es tem mais medo do que coragem e for\u00e7a.<br \/>\nOs pseudo poemas que seguem, em sua maior parte, foram escritos com mais l\u00e1grimas do que tinta, e os poucos suspiros de amor e bons sentimentos eram as doses de esperan\u00e7a que me fortaleciam.<br \/>\nAqui est\u00e3o os bastidores dos meus sorrisos.<\/p>\n","protected":false},"featured_media":20113,"template":"","meta":{"_monsterinsights_skip_tracking":false,"_monsterinsights_sitenote_active":false,"_monsterinsights_sitenote_note":"","_monsterinsights_sitenote_category":0},"product_brand":[],"product_cat":[15],"product_tag":[],"class_list":{"0":"post-20112","1":"product","2":"type-product","3":"status-publish","4":"has-post-thumbnail","6":"product_cat-sem-categoria","7":"product_shipping_class-impresso","9":"first","10":"outofstock","11":"shipping-taxable","12":"purchasable","13":"product-type-simple"},"_links":{"self":[{"href":"https:\/\/www.editoralux.com.br\/loja\/wp-json\/wp\/v2\/product\/20112"}],"collection":[{"href":"https:\/\/www.editoralux.com.br\/loja\/wp-json\/wp\/v2\/product"}],"about":[{"href":"https:\/\/www.editoralux.com.br\/loja\/wp-json\/wp\/v2\/types\/product"}],"wp:featuredmedia":[{"embeddable":true,"href":"https:\/\/www.editoralux.com.br\/loja\/wp-json\/wp\/v2\/media\/20113"}],"wp:attachment":[{"href":"https:\/\/www.editoralux.com.br\/loja\/wp-json\/wp\/v2\/media?parent=20112"}],"wp:term":[{"taxonomy":"product_brand","embeddable":true,"href":"https:\/\/www.editoralux.com.br\/loja\/wp-json\/wp\/v2\/product_brand?post=20112"},{"taxonomy":"product_cat","embeddable":true,"href":"https:\/\/www.editoralux.com.br\/loja\/wp-json\/wp\/v2\/product_cat?post=20112"},{"taxonomy":"product_tag","embeddable":true,"href":"https:\/\/www.editoralux.com.br\/loja\/wp-json\/wp\/v2\/product_tag?post=20112"}],"curies":[{"name":"wp","href":"https:\/\/api.w.org\/{rel}","templated":true}]}}