{"id":20155,"date":"2021-07-12T09:41:21","date_gmt":"2021-07-12T12:41:21","guid":{"rendered":"https:\/\/www.editoralux.com.br\/loja\/?post_type=product&#038;p=20155"},"modified":"2025-12-24T08:52:00","modified_gmt":"2025-12-24T11:52:00","slug":"ensaios-sobre-gestao-de-pequenas-empresas","status":"publish","type":"product","link":"https:\/\/www.editoralux.com.br\/loja\/produto\/ensaios-sobre-gestao-de-pequenas-empresas\/","title":{"rendered":"Ensaios sobre Gest\u00e3o de Pequenas Empresas"},"content":{"rendered":"","protected":false},"excerpt":{"rendered":"<p>\u201cO livro Ensaios sobre gest\u00e3o de pequenas empresas chega em uma hora perfeita, pois vivemos um per\u00edodo complexo, no qual as informa\u00e7\u00f5es nos chegam fragmentadas e de forma difusa, n\u00e3o permitindo uma vis\u00e3o ampla do todo, assim, este \u00e9 mais um ponto que me surpreende neste livro, pois, dentro dos conte\u00fados voc\u00ea percebe uma linha l\u00f3gica de pensamentos e um fluxo de aprendizado.\u201d<\/p>\n<p>(Jos\u00e9 Abud Neto \u2013 Diretor da Febrafar).<\/p>\n","protected":false},"featured_media":20156,"template":"","meta":{"_monsterinsights_skip_tracking":false,"_monsterinsights_sitenote_active":false,"_monsterinsights_sitenote_note":"","_monsterinsights_sitenote_category":0},"product_brand":[],"product_cat":[15],"product_tag":[],"class_list":{"0":"post-20155","1":"product","2":"type-product","3":"status-publish","4":"has-post-thumbnail","6":"product_cat-sem-categoria","7":"product_shipping_class-impresso","9":"first","10":"outofstock","11":"shipping-taxable","12":"purchasable","13":"product-type-simple"},"_links":{"self":[{"href":"https:\/\/www.editoralux.com.br\/loja\/wp-json\/wp\/v2\/product\/20155"}],"collection":[{"href":"https:\/\/www.editoralux.com.br\/loja\/wp-json\/wp\/v2\/product"}],"about":[{"href":"https:\/\/www.editoralux.com.br\/loja\/wp-json\/wp\/v2\/types\/product"}],"wp:featuredmedia":[{"embeddable":true,"href":"https:\/\/www.editoralux.com.br\/loja\/wp-json\/wp\/v2\/media\/20156"}],"wp:attachment":[{"href":"https:\/\/www.editoralux.com.br\/loja\/wp-json\/wp\/v2\/media?parent=20155"}],"wp:term":[{"taxonomy":"product_brand","embeddable":true,"href":"https:\/\/www.editoralux.com.br\/loja\/wp-json\/wp\/v2\/product_brand?post=20155"},{"taxonomy":"product_cat","embeddable":true,"href":"https:\/\/www.editoralux.com.br\/loja\/wp-json\/wp\/v2\/product_cat?post=20155"},{"taxonomy":"product_tag","embeddable":true,"href":"https:\/\/www.editoralux.com.br\/loja\/wp-json\/wp\/v2\/product_tag?post=20155"}],"curies":[{"name":"wp","href":"https:\/\/api.w.org\/{rel}","templated":true}]}}