{"id":20199,"date":"2021-08-23T22:43:37","date_gmt":"2021-08-24T01:43:37","guid":{"rendered":"https:\/\/www.editoralux.com.br\/loja\/?post_type=product&#038;p=20199"},"modified":"2026-04-23T10:31:48","modified_gmt":"2026-04-23T13:31:48","slug":"meu-bebe-de-90-anos","status":"publish","type":"product","link":"https:\/\/www.editoralux.com.br\/loja\/produto\/meu-bebe-de-90-anos\/","title":{"rendered":"Meu Beb\u00ea de 90 Anos"},"content":{"rendered":"","protected":false},"excerpt":{"rendered":"<p>Meu beb\u00ea de 90 anos \u00e9 um relato da experi\u00eancia de cuidar de minha querida m\u00e3e, que eu n\u00e3o sabia que seria t\u00e3o bela e prazerosa. Escrevi este livro coma inten\u00e7\u00e3o de que os momentos que presenciei sejam \u00fateis para todas as pessoas que estejam passando pela fase de cuidar dos pais ou pela imin\u00eancia de faz\u00ea-lo.<\/p>\n<p>Nessa nova fun\u00e7\u00e3o, observei algumas dificuldades ,algumas facilidades e muitas alegrias. Compartilho tamb\u00e9m a ang\u00fastia, a ansiedade e as incertezas pelas quais passei: o que \u00e9 correto? O que \u00e9 justo? Oque \u00e9 melhor para nosso idoso e para a fam\u00edlia?<\/p>\n<p>Nessa caminhada, vivenciei alguns preconceitos e julgamentos sobre a decis\u00e3o de colocar minha m\u00e3e em um lar de idosos, mas tamb\u00e9m encontrei receptividade, compreens\u00e3o e solidariedade. Assim, deixo registradas recorda\u00e7\u00f5es e mem\u00f3rias dessa linda fase dos meus \u00faltimos anos com minha m\u00e3e.<\/p>\n<p>A autora<\/p>\n","protected":false},"featured_media":20196,"template":"","meta":{"_monsterinsights_skip_tracking":false,"_monsterinsights_sitenote_active":false,"_monsterinsights_sitenote_note":"","_monsterinsights_sitenote_category":0},"product_brand":[],"product_cat":[15],"product_tag":[],"class_list":{"0":"post-20199","1":"product","2":"type-product","3":"status-publish","4":"has-post-thumbnail","6":"product_cat-sem-categoria","7":"product_shipping_class-impresso","9":"first","10":"instock","11":"shipping-taxable","12":"purchasable","13":"product-type-simple"},"_links":{"self":[{"href":"https:\/\/www.editoralux.com.br\/loja\/wp-json\/wp\/v2\/product\/20199"}],"collection":[{"href":"https:\/\/www.editoralux.com.br\/loja\/wp-json\/wp\/v2\/product"}],"about":[{"href":"https:\/\/www.editoralux.com.br\/loja\/wp-json\/wp\/v2\/types\/product"}],"wp:featuredmedia":[{"embeddable":true,"href":"https:\/\/www.editoralux.com.br\/loja\/wp-json\/wp\/v2\/media\/20196"}],"wp:attachment":[{"href":"https:\/\/www.editoralux.com.br\/loja\/wp-json\/wp\/v2\/media?parent=20199"}],"wp:term":[{"taxonomy":"product_brand","embeddable":true,"href":"https:\/\/www.editoralux.com.br\/loja\/wp-json\/wp\/v2\/product_brand?post=20199"},{"taxonomy":"product_cat","embeddable":true,"href":"https:\/\/www.editoralux.com.br\/loja\/wp-json\/wp\/v2\/product_cat?post=20199"},{"taxonomy":"product_tag","embeddable":true,"href":"https:\/\/www.editoralux.com.br\/loja\/wp-json\/wp\/v2\/product_tag?post=20199"}],"curies":[{"name":"wp","href":"https:\/\/api.w.org\/{rel}","templated":true}]}}