{"id":20242,"date":"2021-09-16T21:54:08","date_gmt":"2021-09-17T00:54:08","guid":{"rendered":"https:\/\/www.editoralux.com.br\/loja\/?post_type=product&#038;p=20242"},"modified":"2023-08-21T16:14:26","modified_gmt":"2023-08-21T19:14:26","slug":"principios-de-uma-psicoterapia-a-luz-de-santo-tomas-de-aquino","status":"publish","type":"product","link":"https:\/\/www.editoralux.com.br\/loja\/produto\/principios-de-uma-psicoterapia-a-luz-de-santo-tomas-de-aquino\/","title":{"rendered":"Princ\u00edpios de uma Psicoterapia \u00e0 Luz de Santo Tom\u00e1s de Aquino"},"content":{"rendered":"","protected":false},"excerpt":{"rendered":"<p>Nascida como disserta\u00e7\u00e3o de mestrado e aqui em sua vers\u00e3o aperfei\u00e7oada, esta obra tem como principal objetivo a busca dos princ\u00edpios de uma poss\u00edvel ci\u00eancia e pr\u00e1tica de psicoterapia \u00e0 luz do pensamento de Santo Tom\u00e1s de Aquino.<\/p>\n<p>Neste livro, o autor discute a import\u00e2ncia de uma psicologia e de uma psicoterapia tomistas para os dias atuais. Faz uma s\u00edntese hist\u00f3rica e filos\u00f3fica sobre tomismo, psicologia e psicoterapia. Investiga e prop\u00f5e uma defini\u00e7\u00e3o precisa de psicoterapia sob o enfoque tomista. Faz uma excurs\u00e3o pelas p\u00e1ginas da Suma Teol\u00f3gica de Tom\u00e1s de Aquino analisando, sintetizando e sistematizando praticamente todo o conte\u00fado da psicologia l\u00e1 exposta, abordando temas como: a alma humana e suas pot\u00eancias, o ato volunt\u00e1rio e seus princ\u00edpios, o fim \u00faltimo do homem, as paix\u00f5es da alma (as emo\u00e7\u00f5es humanas), os v\u00edcios e as virtudes. Por fim, a partir de tudo o que foi estudado, o autor apresenta e discute poss\u00edveis princ\u00edpios de uma psicoterapia \u00e0 luz de Santo Tom\u00e1s de Aquino, princ\u00edpios esses referentes fundamentalmente \u00e0 rela\u00e7\u00e3o terap\u00eautica, ao al\u00edvio do sofrimento e \u00e0 busca da felicidade.<\/p>\n<p>Espera-se que este livro possa introduzir e\/ou aprofundar o leitor no tomismo e em sua psicologia. Que possa fornecer, aos interessados, luzes que guiem ou inspirem suas pr\u00e1ticas de psicoterapia e\/ou aconselhamento interpessoal. E que possa, eventualmente, incentivar estudiosos e praticantes, a darem continuidade aos esfor\u00e7os de desenvolver (na teoria e na pr\u00e1tica) essa nova disciplina, que \u00e9 a psicoterapia tomista.<\/p>\n","protected":false},"featured_media":20243,"template":"","meta":{"_monsterinsights_skip_tracking":false,"_monsterinsights_sitenote_active":false,"_monsterinsights_sitenote_note":"","_monsterinsights_sitenote_category":0},"product_brand":[],"product_cat":[15],"product_tag":[],"class_list":{"0":"post-20242","1":"product","2":"type-product","3":"status-publish","4":"has-post-thumbnail","6":"product_cat-sem-categoria","7":"product_shipping_class-impresso","9":"first","10":"outofstock","11":"shipping-taxable","12":"purchasable","13":"product-type-simple"},"_links":{"self":[{"href":"https:\/\/www.editoralux.com.br\/loja\/wp-json\/wp\/v2\/product\/20242"}],"collection":[{"href":"https:\/\/www.editoralux.com.br\/loja\/wp-json\/wp\/v2\/product"}],"about":[{"href":"https:\/\/www.editoralux.com.br\/loja\/wp-json\/wp\/v2\/types\/product"}],"wp:featuredmedia":[{"embeddable":true,"href":"https:\/\/www.editoralux.com.br\/loja\/wp-json\/wp\/v2\/media\/20243"}],"wp:attachment":[{"href":"https:\/\/www.editoralux.com.br\/loja\/wp-json\/wp\/v2\/media?parent=20242"}],"wp:term":[{"taxonomy":"product_brand","embeddable":true,"href":"https:\/\/www.editoralux.com.br\/loja\/wp-json\/wp\/v2\/product_brand?post=20242"},{"taxonomy":"product_cat","embeddable":true,"href":"https:\/\/www.editoralux.com.br\/loja\/wp-json\/wp\/v2\/product_cat?post=20242"},{"taxonomy":"product_tag","embeddable":true,"href":"https:\/\/www.editoralux.com.br\/loja\/wp-json\/wp\/v2\/product_tag?post=20242"}],"curies":[{"name":"wp","href":"https:\/\/api.w.org\/{rel}","templated":true}]}}