{"id":20437,"date":"2021-12-10T18:03:46","date_gmt":"2021-12-10T21:03:46","guid":{"rendered":"https:\/\/www.editoralux.com.br\/loja\/produto\/e-a-graca-me-alcancou\/"},"modified":"2026-02-27T16:22:07","modified_gmt":"2026-02-27T19:22:07","slug":"e-a-graca-me-alcancou","status":"publish","type":"product","link":"https:\/\/www.editoralux.com.br\/loja\/produto\/e-a-graca-me-alcancou\/","title":{"rendered":"E a gra\u00e7a me alcan\u00e7ou"},"content":{"rendered":"","protected":false},"excerpt":{"rendered":"<p>\u201cExperimentar a gra\u00e7a do Senhor \u00e9 viver em total depend\u00eancia dele. \u00c9 saber que, embora sem merecer, ela nos alcan\u00e7a; e isso n\u00e3o porque somos bons, mas porque o Senhor \u00e9 bom. Conhecer a Jesus nos desafia a sujeitarmos a Ele e mergulharmos no seu favor todos os dias. \u00c9 maravilhoso nos deparar com pessoas improv\u00e1veis que foram profundamente tocadas pela gra\u00e7a de Deus. Certamente, ao come\u00e7ar a leitura deste livro, espera-se que o leitor seja impactado por um toque suave da gra\u00e7a de Deus em suas vidas.\u201d<br \/>\nCarlos Ot\u00e1vio<br \/>\n***<br \/>\n\u201cO conte\u00fado deste livro nos traz muitos exemplos de homens e mulheres surpreendidos por um bem precioso de Deus para seus filhos: a gra\u00e7a que nos justifica como pecadores, mediante sua miseric\u00f3rdia, e que nos alcan\u00e7a sem a merecermos.\u201d<br \/>\nPastores Leonardo e Talyta Martins<br \/>\n***<br \/>\n\u201cAtrav\u00e9s das p\u00e1ginas deste livro, temos lindos exemplos de como a multiforme sabedoria de Deus sempre encontra uma maneira de nos alcan\u00e7ar pela sua gra\u00e7a e amor.\u201d<br \/>\nPastores Paulo e Fernanda Colares<\/p>\n","protected":false},"featured_media":20412,"template":"","meta":{"_monsterinsights_skip_tracking":false,"_monsterinsights_sitenote_active":false,"_monsterinsights_sitenote_note":"","_monsterinsights_sitenote_category":0},"product_brand":[],"product_cat":[74],"product_tag":[],"class_list":{"0":"post-20437","1":"product","2":"type-product","3":"status-publish","4":"has-post-thumbnail","6":"product_cat-uncategorized","7":"product_shipping_class-impresso","8":"pa_ano-93","9":"pa_autor-carlos-otavio","10":"pa_editora-editora-lux","11":"pa_isbn-97","12":"pa_tipo-de-capa-brochura","14":"first","15":"outofstock","16":"purchasable","17":"product-type-simple"},"_links":{"self":[{"href":"https:\/\/www.editoralux.com.br\/loja\/wp-json\/wp\/v2\/product\/20437"}],"collection":[{"href":"https:\/\/www.editoralux.com.br\/loja\/wp-json\/wp\/v2\/product"}],"about":[{"href":"https:\/\/www.editoralux.com.br\/loja\/wp-json\/wp\/v2\/types\/product"}],"wp:featuredmedia":[{"embeddable":true,"href":"https:\/\/www.editoralux.com.br\/loja\/wp-json\/wp\/v2\/media\/20412"}],"wp:attachment":[{"href":"https:\/\/www.editoralux.com.br\/loja\/wp-json\/wp\/v2\/media?parent=20437"}],"wp:term":[{"taxonomy":"product_brand","embeddable":true,"href":"https:\/\/www.editoralux.com.br\/loja\/wp-json\/wp\/v2\/product_brand?post=20437"},{"taxonomy":"product_cat","embeddable":true,"href":"https:\/\/www.editoralux.com.br\/loja\/wp-json\/wp\/v2\/product_cat?post=20437"},{"taxonomy":"product_tag","embeddable":true,"href":"https:\/\/www.editoralux.com.br\/loja\/wp-json\/wp\/v2\/product_tag?post=20437"}],"curies":[{"name":"wp","href":"https:\/\/api.w.org\/{rel}","templated":true}]}}