{"id":20439,"date":"2021-12-10T18:03:46","date_gmt":"2021-12-10T21:03:46","guid":{"rendered":"https:\/\/www.editoralux.com.br\/loja\/produto\/licoes-de-casa\/"},"modified":"2026-02-27T16:24:13","modified_gmt":"2026-02-27T19:24:13","slug":"licoes-de-casa","status":"publish","type":"product","link":"https:\/\/www.editoralux.com.br\/loja\/produto\/licoes-de-casa\/","title":{"rendered":"Li\u00e7\u00f5es de casa"},"content":{"rendered":"","protected":false},"excerpt":{"rendered":"<p>Criar os seus produtos de cuidados pessoais \u00e9 divertido, f\u00e1cil e econ\u00f4mico. O mais importante de tudo \u00e9 saber que os ingredientes que voc\u00ea usa s\u00e3o seguros, e tamb\u00e9m s\u00e3o \u00f3timos para presentear os amigos ou at\u00e9 mesmo se tornar uma fonte de renda. As possibilidades s\u00e3o muitas quando se empodera e cria algo com cuidado e amor, seja para voc\u00ea ou para algu\u00e9m especial.<br \/>\nH\u00e1 mais de cinco anos, comecei a fazer cremes e usar produtos naturais para contribuir com a minha beleza, e pude substituir todos os produtos de cuidados pessoais por algo feito por mim. Posso dizer, com toda seguran\u00e7a, que n\u00e3o existe empoderamento maior saber que aquilo que coloco na minha pele n\u00e3o est\u00e1 prejudicando a minha sa\u00fade.<br \/>\nHoje eu educo mulheres ao redor do mundo como cuidar de si de forma natural, e foi onde surgiu a ideia de criar um livro com as receitas que j\u00e1 uso no meu dia a dia.<br \/>\nCuidar da sua beleza sem sacrificar a sua sa\u00fade \u00e9 o que desejo trazer para voc\u00eas nesse livro, e espero que muitas mulheres possam usufruir de tantas receitas criadas e testadas com tanto carinho.<\/p>\n<p>Seja Bonita Naturalmente!<\/p>\n","protected":false},"featured_media":20416,"template":"","meta":{"_monsterinsights_skip_tracking":false,"_monsterinsights_sitenote_active":false,"_monsterinsights_sitenote_note":"","_monsterinsights_sitenote_category":0},"product_brand":[],"product_cat":[74],"product_tag":[],"class_list":{"0":"post-20439","1":"product","2":"type-product","3":"status-publish","4":"has-post-thumbnail","6":"product_cat-uncategorized","7":"product_shipping_class-impresso","8":"pa_ano-93","9":"pa_autor-sellamari-rocha","10":"pa_editora-editora-lux","11":"pa_isbn-101","12":"pa_tipo-de-capa-brochura","14":"first","15":"outofstock","16":"purchasable","17":"product-type-simple"},"_links":{"self":[{"href":"https:\/\/www.editoralux.com.br\/loja\/wp-json\/wp\/v2\/product\/20439"}],"collection":[{"href":"https:\/\/www.editoralux.com.br\/loja\/wp-json\/wp\/v2\/product"}],"about":[{"href":"https:\/\/www.editoralux.com.br\/loja\/wp-json\/wp\/v2\/types\/product"}],"wp:featuredmedia":[{"embeddable":true,"href":"https:\/\/www.editoralux.com.br\/loja\/wp-json\/wp\/v2\/media\/20416"}],"wp:attachment":[{"href":"https:\/\/www.editoralux.com.br\/loja\/wp-json\/wp\/v2\/media?parent=20439"}],"wp:term":[{"taxonomy":"product_brand","embeddable":true,"href":"https:\/\/www.editoralux.com.br\/loja\/wp-json\/wp\/v2\/product_brand?post=20439"},{"taxonomy":"product_cat","embeddable":true,"href":"https:\/\/www.editoralux.com.br\/loja\/wp-json\/wp\/v2\/product_cat?post=20439"},{"taxonomy":"product_tag","embeddable":true,"href":"https:\/\/www.editoralux.com.br\/loja\/wp-json\/wp\/v2\/product_tag?post=20439"}],"curies":[{"name":"wp","href":"https:\/\/api.w.org\/{rel}","templated":true}]}}