{"id":20445,"date":"2021-12-10T18:03:46","date_gmt":"2021-12-10T21:03:46","guid":{"rendered":"https:\/\/www.editoralux.com.br\/loja\/produto\/e-tudo-sobre-voce\/"},"modified":"2023-07-07T14:51:47","modified_gmt":"2023-07-07T17:51:47","slug":"e-tudo-sobre-voce","status":"publish","type":"product","link":"https:\/\/www.editoralux.com.br\/loja\/produto\/e-tudo-sobre-voce\/","title":{"rendered":"\u00c9 tudo sobre voc\u00ea"},"content":{"rendered":"","protected":false},"excerpt":{"rendered":"<p>A \u00e1guia \u00e9 um animal de grande porte em tamanho, beleza, coragem e resist\u00eancia. Tamb\u00e9m possui, em sua caracter\u00edstica, uma idade long\u00ednqua em rela\u00e7\u00e3o \u00e0s demais aves, sendo tamb\u00e9m s\u00edmbolo de resist\u00eancia e renova\u00e7\u00e3o. Aos quarenta anos, a \u00e1guia decide morrer ou viver o doloroso processo de renova\u00e7\u00e3o. O seu processo fisiol\u00f3gico necessita, nesta idade, de uma renova\u00e7\u00e3o ou decad\u00eancia \u00e0 morte devido ao seu bico j\u00e1 estar pontiagudo e comprido, suas unhas muito grandes e suas penas muito velhas, dificultando seus voos. Optando por viver, ela se recolhe no alto de uma montanha, num lugar onde possa fazer um voo firme e pleno ap\u00f3s os dias de transforma\u00e7\u00e3o. Seu ato de coragem inicia-se ao bater seu bico na parede at\u00e9 que ele seja arrancado, enfrentando a corajosa atitude de dor. Espera nascer-lhe um novo bico para que, com ele, ela possa arrancar as suas unhas e, com as novas unhas, remover as pr\u00f3prias penas. Ap\u00f3s cinco meses desse processo doloroso e corajoso, ela sai para seu primeiro voo, agora renovada e pronta para viver por mais quarenta anos. Assim como a \u00e1guia, precisamos de um tempo para renovar nossas cren\u00e7as e reorganizarmos nosso futuro. Neste livro, voc\u00ea ter\u00e1 a oportunidade de repensar seus valores e princ\u00edpios, atrav\u00e9s de hist\u00f3rias como essa. Sua renova\u00e7\u00e3o come\u00e7a agora. Que seus voos sejam muito altos.<\/p>\n","protected":false},"featured_media":20413,"template":"","meta":{"_monsterinsights_skip_tracking":false,"_monsterinsights_sitenote_active":false,"_monsterinsights_sitenote_note":"","_monsterinsights_sitenote_category":0},"product_brand":[],"product_cat":[74],"product_tag":[],"class_list":{"0":"post-20445","1":"product","2":"type-product","3":"status-publish","4":"has-post-thumbnail","6":"product_cat-uncategorized","7":"product_shipping_class-impresso","8":"pa_ano-93","9":"pa_autor-taciana-silva","10":"pa_editora-editora-lux","11":"pa_isbn-112","12":"pa_tipo-de-capa-brochura","14":"first","15":"outofstock","16":"purchasable","17":"product-type-simple"},"_links":{"self":[{"href":"https:\/\/www.editoralux.com.br\/loja\/wp-json\/wp\/v2\/product\/20445"}],"collection":[{"href":"https:\/\/www.editoralux.com.br\/loja\/wp-json\/wp\/v2\/product"}],"about":[{"href":"https:\/\/www.editoralux.com.br\/loja\/wp-json\/wp\/v2\/types\/product"}],"wp:featuredmedia":[{"embeddable":true,"href":"https:\/\/www.editoralux.com.br\/loja\/wp-json\/wp\/v2\/media\/20413"}],"wp:attachment":[{"href":"https:\/\/www.editoralux.com.br\/loja\/wp-json\/wp\/v2\/media?parent=20445"}],"wp:term":[{"taxonomy":"product_brand","embeddable":true,"href":"https:\/\/www.editoralux.com.br\/loja\/wp-json\/wp\/v2\/product_brand?post=20445"},{"taxonomy":"product_cat","embeddable":true,"href":"https:\/\/www.editoralux.com.br\/loja\/wp-json\/wp\/v2\/product_cat?post=20445"},{"taxonomy":"product_tag","embeddable":true,"href":"https:\/\/www.editoralux.com.br\/loja\/wp-json\/wp\/v2\/product_tag?post=20445"}],"curies":[{"name":"wp","href":"https:\/\/api.w.org\/{rel}","templated":true}]}}