{"id":20468,"date":"2021-12-14T16:33:29","date_gmt":"2021-12-14T19:33:29","guid":{"rendered":"https:\/\/www.editoralux.com.br\/loja\/?post_type=product&#038;p=20468"},"modified":"2026-02-27T16:26:24","modified_gmt":"2026-02-27T19:26:24","slug":"alem-da-obesidade","status":"publish","type":"product","link":"https:\/\/www.editoralux.com.br\/loja\/produto\/alem-da-obesidade\/","title":{"rendered":"Al\u00e9m da Obesidade"},"content":{"rendered":"","protected":false},"excerpt":{"rendered":"<p>Neste livro, o autor desenvolve estrat\u00e9gias de emagrecimento, al\u00e9m do paradigma do balan\u00e7o cal\u00f3rico, a partir do conhecimento sobre o funcionamento do tecido adiposo, fornecidos pelo ponto de vista da fisiologia humana. Demonstra que diversas corre\u00e7\u00f5es metab\u00f3licas e psicoemocionais devem ser trabalhadas conjuntamente com as modifica\u00e7\u00f5es comportamentais nas esferas da nutri\u00e7\u00e3o, do comportamento sedent\u00e1rio e do estresse, buscando o verdadeiro emagrecimento saud\u00e1vel e a preven\u00e7\u00e3o de doen\u00e7as da modernidade. Ainda s\u00e3o fornecidas estrat\u00e9gias alimentares, reabilitando a import\u00e2ncia de consumir gorduras saud\u00e1veis e prote\u00ednas frescas em grande quantidade. Tamb\u00e9m s\u00e3o levantadas as quest\u00f5es gen\u00e9ticas e como o comportamento afeta a express\u00e3o dos genes. Considera a atividade f\u00edsica de vital import\u00e2ncia neste processo, em especial, pelos efeitos metab\u00f3licos que ela proporciona e menos pela simples queima de caloria. N\u00e3o esquece o peso das emo\u00e7\u00f5es no emagrecimento, chamando a aten\u00e7\u00e3o para o quanto influenciam no peso as quest\u00f5es psicoemocionais e os comportamentos estressantes. Voc\u00ea est\u00e1 convidado(a), portanto, a conhecer uma nova abordagem para emagrecer com sa\u00fade e reduzir os riscos das doen\u00e7as metab\u00f3licas da modernidade.<\/p>\n","protected":false},"featured_media":20470,"template":"","meta":{"_monsterinsights_skip_tracking":false,"_monsterinsights_sitenote_active":false,"_monsterinsights_sitenote_note":"","_monsterinsights_sitenote_category":0},"product_brand":[],"product_cat":[74],"product_tag":[],"class_list":{"0":"post-20468","1":"product","2":"type-product","3":"status-publish","4":"has-post-thumbnail","6":"product_cat-uncategorized","7":"product_shipping_class-impresso","8":"pa_ano-93","9":"pa_autor-dr-mauricio-egydio","10":"pa_editora-editora-lux","11":"pa_isbn-129","12":"pa_tipo-de-capa-brochura","14":"first","15":"outofstock","16":"purchasable","17":"product-type-simple"},"_links":{"self":[{"href":"https:\/\/www.editoralux.com.br\/loja\/wp-json\/wp\/v2\/product\/20468"}],"collection":[{"href":"https:\/\/www.editoralux.com.br\/loja\/wp-json\/wp\/v2\/product"}],"about":[{"href":"https:\/\/www.editoralux.com.br\/loja\/wp-json\/wp\/v2\/types\/product"}],"wp:featuredmedia":[{"embeddable":true,"href":"https:\/\/www.editoralux.com.br\/loja\/wp-json\/wp\/v2\/media\/20470"}],"wp:attachment":[{"href":"https:\/\/www.editoralux.com.br\/loja\/wp-json\/wp\/v2\/media?parent=20468"}],"wp:term":[{"taxonomy":"product_brand","embeddable":true,"href":"https:\/\/www.editoralux.com.br\/loja\/wp-json\/wp\/v2\/product_brand?post=20468"},{"taxonomy":"product_cat","embeddable":true,"href":"https:\/\/www.editoralux.com.br\/loja\/wp-json\/wp\/v2\/product_cat?post=20468"},{"taxonomy":"product_tag","embeddable":true,"href":"https:\/\/www.editoralux.com.br\/loja\/wp-json\/wp\/v2\/product_tag?post=20468"}],"curies":[{"name":"wp","href":"https:\/\/api.w.org\/{rel}","templated":true}]}}