{"id":20487,"date":"2022-01-06T00:22:11","date_gmt":"2022-01-06T03:22:11","guid":{"rendered":"https:\/\/www.editoralux.com.br\/loja\/?post_type=product&#038;p=20487"},"modified":"2022-12-22T09:18:10","modified_gmt":"2022-12-22T12:18:10","slug":"como-encontrei-deus","status":"publish","type":"product","link":"https:\/\/www.editoralux.com.br\/loja\/produto\/como-encontrei-deus\/","title":{"rendered":"Como Encontrei Deus"},"content":{"rendered":"","protected":false},"excerpt":{"rendered":"<p>Como Encontrei Deus \u00e9 um relato pessoal da trajet\u00f3ria da busca e do encontro com Deus, por\u00e9m, muito mais do que falar sobre religi\u00e3o, \u00e9 ir al\u00e9m.<\/p>\n<p>Ir al\u00e9m de voc\u00ea mesmo \u00e9 se encontrar em Deus.<\/p>\n<p>Uma busca, um caminho, um encontro, um reencontro e um renascer.<\/p>\n<p>\u00c9 a certeza das escolhas corretas, do autoconhecimento sem maquiagens, m\u00e1scaras ou f\u00f3rmulas secretas ou m\u00e1gicas. \u00c9 a conquista do caminhar que se chega ao transcendental. Que come\u00e7a com escolhas simples do dia a dia que te levar\u00e1 para o caos ou elevar\u00e1 seu n\u00edvel de consci\u00eancia, te fazendo entender quem realmente voc\u00ea \u00e9 e quem \u00e9 Deus.<\/p>\n<p>Ren\u00fancias, questionamentos, d\u00favidas, problemas, todo mundo sabe que isso faz parte do caminho, sendo a lapida\u00e7\u00e3o necess\u00e1ria para um encontro consigo mesmo e Deus. N\u00e3o tem como fugir disso, a n\u00e3o ser que voc\u00ea queira fechar seus olhos e deixar sua vida passar em branco.<\/p>\n<p>\u00c9 quando voc\u00ea e Deus se fundem em um s\u00f3 cora\u00e7\u00e3o, livre de preconceitos, de amarras, de julgamentos, de qualquer coisa ou pensamento que estrague essa uni\u00e3o.<\/p>\n<p>Para Deus, n\u00e3o existe cor nem ra\u00e7a, nada que n\u00e3o possa chegar at\u00e9 Ele. Seu cora\u00e7\u00e3o misericordioso recebe TODOS aqueles que desejam um encontro sincero com Ele.<\/p>\n<p>Isso \u00e9 mais do que um chamado, \u00e9 um convite ao amor!<\/p>\n","protected":false},"featured_media":20489,"template":"","meta":{"_monsterinsights_skip_tracking":false,"_monsterinsights_sitenote_active":false,"_monsterinsights_sitenote_note":"","_monsterinsights_sitenote_category":0},"product_brand":[],"product_cat":[74],"product_tag":[],"class_list":{"0":"post-20487","1":"product","2":"type-product","3":"status-publish","4":"has-post-thumbnail","6":"product_cat-uncategorized","7":"product_shipping_class-impresso","8":"pa_ano-135","9":"pa_autor-andrea-maquelviski","10":"pa_editora-editora-lux","11":"pa_isbn-134","12":"pa_tipo-de-capa-brochura","14":"first","15":"outofstock","16":"purchasable","17":"product-type-simple"},"_links":{"self":[{"href":"https:\/\/www.editoralux.com.br\/loja\/wp-json\/wp\/v2\/product\/20487"}],"collection":[{"href":"https:\/\/www.editoralux.com.br\/loja\/wp-json\/wp\/v2\/product"}],"about":[{"href":"https:\/\/www.editoralux.com.br\/loja\/wp-json\/wp\/v2\/types\/product"}],"wp:featuredmedia":[{"embeddable":true,"href":"https:\/\/www.editoralux.com.br\/loja\/wp-json\/wp\/v2\/media\/20489"}],"wp:attachment":[{"href":"https:\/\/www.editoralux.com.br\/loja\/wp-json\/wp\/v2\/media?parent=20487"}],"wp:term":[{"taxonomy":"product_brand","embeddable":true,"href":"https:\/\/www.editoralux.com.br\/loja\/wp-json\/wp\/v2\/product_brand?post=20487"},{"taxonomy":"product_cat","embeddable":true,"href":"https:\/\/www.editoralux.com.br\/loja\/wp-json\/wp\/v2\/product_cat?post=20487"},{"taxonomy":"product_tag","embeddable":true,"href":"https:\/\/www.editoralux.com.br\/loja\/wp-json\/wp\/v2\/product_tag?post=20487"}],"curies":[{"name":"wp","href":"https:\/\/api.w.org\/{rel}","templated":true}]}}