{"id":20490,"date":"2022-01-06T00:31:28","date_gmt":"2022-01-06T03:31:28","guid":{"rendered":"https:\/\/www.editoralux.com.br\/loja\/?post_type=product&#038;p=20490"},"modified":"2026-02-27T16:31:36","modified_gmt":"2026-02-27T19:31:36","slug":"alem-do-limite-o-vale-da-depressao","status":"publish","type":"product","link":"https:\/\/www.editoralux.com.br\/loja\/produto\/alem-do-limite-o-vale-da-depressao\/","title":{"rendered":"Al\u00e9m do Limite: O vale da depress\u00e3o"},"content":{"rendered":"","protected":false},"excerpt":{"rendered":"<p>Ser\u00e1 depress\u00e3o ou frescura? \u00c9 um jeito de chamar aten\u00e7\u00e3o com esses comportamentos, ou as pessoas que agem assim s\u00e3o mesmo ansiosas e deprimidas? Al\u00e9m do Limite: O Vale da Depress\u00e3o mostra que n\u00e3o \u00e9 um chamamento de aten\u00e7\u00e3o \u00e0 toa, mas algo muito grave que requer tratamento.<br \/>\nEstou deprimido, o que fa\u00e7o? Questiona-se para conhecer as causas e as formas de tratamento? Os relatos assustam pelo grande \u00edndice em todo o mundo, incluindo crian\u00e7as e adolescentes. \u00c9 um mal que atinge milh\u00f5es de pessoas, e nas pesquisas relacionadas aos que sofrem com a doen\u00e7a, elas enfrentam o mal para venc\u00ea-lo, embora, aos que cometem suic\u00eddio, nem sempre se h\u00e1 uma resposta sobre isso. Ser\u00e1 que foram fracos ou n\u00e3o tiveram ajuda sufi ciente para sair do vale da depress\u00e3o? Para ajudar, deve-se ter muita aten\u00e7\u00e3o, porque, na verdade, elas n\u00e3o querem morrer, mas o que sofrem \u00e9 t\u00e3o profundo que lhes deixa sem for\u00e7as sufi cientes para resistir.<\/p>\n","protected":false},"featured_media":20492,"template":"","meta":{"_monsterinsights_skip_tracking":false,"_monsterinsights_sitenote_active":false,"_monsterinsights_sitenote_note":"","_monsterinsights_sitenote_category":0},"product_brand":[],"product_cat":[74],"product_tag":[],"class_list":{"0":"post-20490","1":"product","2":"type-product","3":"status-publish","4":"has-post-thumbnail","6":"product_cat-uncategorized","7":"product_shipping_class-impresso","8":"pa_ano-135","9":"pa_autor-donatila-melo-da-silva","10":"pa_editora-editora-lux","11":"pa_isbn-137","12":"pa_tipo-de-capa-brochura","14":"first","15":"outofstock","16":"purchasable","17":"product-type-simple"},"_links":{"self":[{"href":"https:\/\/www.editoralux.com.br\/loja\/wp-json\/wp\/v2\/product\/20490"}],"collection":[{"href":"https:\/\/www.editoralux.com.br\/loja\/wp-json\/wp\/v2\/product"}],"about":[{"href":"https:\/\/www.editoralux.com.br\/loja\/wp-json\/wp\/v2\/types\/product"}],"wp:featuredmedia":[{"embeddable":true,"href":"https:\/\/www.editoralux.com.br\/loja\/wp-json\/wp\/v2\/media\/20492"}],"wp:attachment":[{"href":"https:\/\/www.editoralux.com.br\/loja\/wp-json\/wp\/v2\/media?parent=20490"}],"wp:term":[{"taxonomy":"product_brand","embeddable":true,"href":"https:\/\/www.editoralux.com.br\/loja\/wp-json\/wp\/v2\/product_brand?post=20490"},{"taxonomy":"product_cat","embeddable":true,"href":"https:\/\/www.editoralux.com.br\/loja\/wp-json\/wp\/v2\/product_cat?post=20490"},{"taxonomy":"product_tag","embeddable":true,"href":"https:\/\/www.editoralux.com.br\/loja\/wp-json\/wp\/v2\/product_tag?post=20490"}],"curies":[{"name":"wp","href":"https:\/\/api.w.org\/{rel}","templated":true}]}}