{"id":20496,"date":"2022-01-06T00:47:26","date_gmt":"2022-01-06T03:47:26","guid":{"rendered":"https:\/\/www.editoralux.com.br\/loja\/?post_type=product&#038;p=20496"},"modified":"2022-01-06T00:51:28","modified_gmt":"2022-01-06T03:51:28","slug":"gestor-de-si-proprio","status":"publish","type":"product","link":"https:\/\/www.editoralux.com.br\/loja\/produto\/gestor-de-si-proprio\/","title":{"rendered":"Gestor de s\u00ed pr\u00f3prio"},"content":{"rendered":"","protected":false},"excerpt":{"rendered":"<p>A colet\u00e2nea de pequenos textos procura auxiliar no desenvolvimento do conhecimento racional, do lado afetivo e da moral, para a realiza\u00e7\u00e3o de escolhas adequadas para o ac\u00famulo das boas li\u00e7\u00f5es da vida. Pela sequ\u00eancia de escolhas e consequ\u00eancias, o ser humano vai definindo seu destino, tal como verdadeiro arquiteto da pr\u00f3pria vida. Com o devido preparo e boa vontade, \u00e9 poss\u00edvel que o ser humano possa acumular li\u00e7\u00f5es preciosas neste mundo-escola, assim como atingir a posi\u00e7\u00e3o de dom\u00ednio pr\u00f3prio. \u00c9 a possibilidade de se<br \/>\ntornar \u201cGestor de Si Mesmo\u201d, com autodom\u00ednio e autocontrole para alavancar sua posi\u00e7\u00e3o e desenvolvimento, sem medo ou receio das mudan\u00e7as e obst\u00e1culos do mundo. Pelo contr\u00e1rio, estes se tornam verdadeiras li\u00e7\u00f5es de aprendizado e progresso do ser. Pela const\u00e2ncia no trabalho e na edifica\u00e7\u00e3o do conhecimento, \u00e9 poss\u00edvel angariar preciosos recursos do ser no mundo<\/p>\n","protected":false},"featured_media":20498,"template":"","meta":{"_monsterinsights_skip_tracking":false,"_monsterinsights_sitenote_active":false,"_monsterinsights_sitenote_note":"","_monsterinsights_sitenote_category":0},"product_brand":[],"product_cat":[74],"product_tag":[],"class_list":{"0":"post-20496","1":"product","2":"type-product","3":"status-publish","4":"has-post-thumbnail","6":"product_cat-uncategorized","7":"product_shipping_class-impresso","8":"pa_ano-135","9":"pa_autor-paulo-hayashi-jr","10":"pa_editora-editora-lux","11":"pa_isbn-141","12":"pa_tipo-de-capa-brochura","14":"first","15":"instock","16":"purchasable","17":"product-type-simple"},"_links":{"self":[{"href":"https:\/\/www.editoralux.com.br\/loja\/wp-json\/wp\/v2\/product\/20496"}],"collection":[{"href":"https:\/\/www.editoralux.com.br\/loja\/wp-json\/wp\/v2\/product"}],"about":[{"href":"https:\/\/www.editoralux.com.br\/loja\/wp-json\/wp\/v2\/types\/product"}],"wp:featuredmedia":[{"embeddable":true,"href":"https:\/\/www.editoralux.com.br\/loja\/wp-json\/wp\/v2\/media\/20498"}],"wp:attachment":[{"href":"https:\/\/www.editoralux.com.br\/loja\/wp-json\/wp\/v2\/media?parent=20496"}],"wp:term":[{"taxonomy":"product_brand","embeddable":true,"href":"https:\/\/www.editoralux.com.br\/loja\/wp-json\/wp\/v2\/product_brand?post=20496"},{"taxonomy":"product_cat","embeddable":true,"href":"https:\/\/www.editoralux.com.br\/loja\/wp-json\/wp\/v2\/product_cat?post=20496"},{"taxonomy":"product_tag","embeddable":true,"href":"https:\/\/www.editoralux.com.br\/loja\/wp-json\/wp\/v2\/product_tag?post=20496"}],"curies":[{"name":"wp","href":"https:\/\/api.w.org\/{rel}","templated":true}]}}