{"id":20522,"date":"2022-01-09T22:59:28","date_gmt":"2022-01-10T01:59:28","guid":{"rendered":"https:\/\/www.editoralux.com.br\/loja\/?post_type=product&#038;p=20522"},"modified":"2022-01-09T23:13:47","modified_gmt":"2022-01-10T02:13:47","slug":"como-todos-os-outros-ou-nao","status":"publish","type":"product","link":"https:\/\/www.editoralux.com.br\/loja\/produto\/como-todos-os-outros-ou-nao\/","title":{"rendered":"Como todos os outros, ou n\u00e3o"},"content":{"rendered":"","protected":false},"excerpt":{"rendered":"<p>\u201cPensar que fal\u00e1vamos da vida e agora n\u00e3o passamos de um oi, mas n\u00e3o estranho isso, considero normal. At\u00e9 porque, se j\u00e1 falamos de tudo e no momento estamos parados, n\u00e3o h\u00e1 mais o que falar\u201d. Dentro desse livro, o leitor encontrar\u00e1 alguns pequenos textos que descrevem a vis\u00e3o da autora sobre algumas das pessoas que mais a inspiram no momento.<br \/>\nAinda entrar\u00e1 em contato com o que se passa na cabe\u00e7a dela quando pensa em cada pessoa aqui citada, e n\u00e3o para por a\u00ed. Voc\u00ea tamb\u00e9m ter\u00e1 a chance de ver como cada pessoa se parece, e assim, dar rostos em sua mente para cada uma.<br \/>\nEsta \u00e9 sua chance para se aventurar em um pouco do que a autora abriu de sua mente, sentimentos e pensamentos tempestuosos que deixou para voc\u00eas. Entretanto, avisamos que, para entender o verdadeiro motivo do t\u00edtulo Como Todos os Outros, ou n\u00e3o, ser\u00e1 necess\u00e1rio enfrentar o livro.<\/p>\n","protected":false},"featured_media":20526,"template":"","meta":{"_monsterinsights_skip_tracking":false,"_monsterinsights_sitenote_active":false,"_monsterinsights_sitenote_note":"","_monsterinsights_sitenote_category":0},"product_brand":[],"product_cat":[74],"product_tag":[],"class_list":{"0":"post-20522","1":"product","2":"type-product","3":"status-publish","4":"has-post-thumbnail","6":"product_cat-uncategorized","7":"product_shipping_class-impresso","8":"pa_ano-135","9":"pa_autor-bruna-santos-baccarini","10":"pa_editora-editora-lux","11":"pa_isbn-160","12":"pa_tipo-de-capa-brochura","14":"first","15":"instock","16":"purchasable","17":"product-type-simple"},"_links":{"self":[{"href":"https:\/\/www.editoralux.com.br\/loja\/wp-json\/wp\/v2\/product\/20522"}],"collection":[{"href":"https:\/\/www.editoralux.com.br\/loja\/wp-json\/wp\/v2\/product"}],"about":[{"href":"https:\/\/www.editoralux.com.br\/loja\/wp-json\/wp\/v2\/types\/product"}],"wp:featuredmedia":[{"embeddable":true,"href":"https:\/\/www.editoralux.com.br\/loja\/wp-json\/wp\/v2\/media\/20526"}],"wp:attachment":[{"href":"https:\/\/www.editoralux.com.br\/loja\/wp-json\/wp\/v2\/media?parent=20522"}],"wp:term":[{"taxonomy":"product_brand","embeddable":true,"href":"https:\/\/www.editoralux.com.br\/loja\/wp-json\/wp\/v2\/product_brand?post=20522"},{"taxonomy":"product_cat","embeddable":true,"href":"https:\/\/www.editoralux.com.br\/loja\/wp-json\/wp\/v2\/product_cat?post=20522"},{"taxonomy":"product_tag","embeddable":true,"href":"https:\/\/www.editoralux.com.br\/loja\/wp-json\/wp\/v2\/product_tag?post=20522"}],"curies":[{"name":"wp","href":"https:\/\/api.w.org\/{rel}","templated":true}]}}