{"id":20552,"date":"2022-01-25T23:30:33","date_gmt":"2022-01-26T02:30:33","guid":{"rendered":"https:\/\/www.editoralux.com.br\/loja\/?post_type=product&#038;p=20552"},"modified":"2026-02-27T16:32:16","modified_gmt":"2026-02-27T19:32:16","slug":"embrioes-do-sentir-poesias-terapeuticas","status":"publish","type":"product","link":"https:\/\/www.editoralux.com.br\/loja\/produto\/embrioes-do-sentir-poesias-terapeuticas\/","title":{"rendered":"Embri\u00f5es do Sentir &#8211; Poesias Terap\u00eauticas"},"content":{"rendered":"","protected":false},"excerpt":{"rendered":"<p>Poesias comovem, acolhem e despertam rea\u00e7\u00f5es. Poesia \u00e9 vida, \u00e9 a arte de poder desabafar as dificuldades, admira\u00e7\u00f5es di\u00e1rias e trabalhar com sabedoria as mais profundas emo\u00e7\u00f5es, na busca de nos conhecermos melhor, colaborando para aperfei\u00e7oarmos atitudes, posturas e rever valores pessoais, diante de fatos ocorridos durante o nosso cotidiano.<\/p>\n<p>A poesia como instrumento terap\u00eautico nos leva a refletir sobre v\u00e1rios aspectos da vida, tais como: medos, inseguran\u00e7as, paradigmas e feridas que dilaceram a alma.<\/p>\n<p>Sabemos que o tempo n\u00e3o para, mas, de vez em quando, nos leva \u00e0 estagna\u00e7\u00e3o diante de alguns entraves ocorridos na vida, e ficamos \u201cpresos\u201d a um sentimento, momento ou omiss\u00e3o vivenciados.<\/p>\n<p>Embri\u00f5es do Sentir \u00e9 o resultado do trato desses obst\u00e1culos, a emers\u00e3o das palavras descritas em poesias &#8211; f\u00e9, amor, perd\u00e3o, escolhas &#8211; advindas de apontamentos, notas e escritos que narram um conto para dar ideia de contextualiza\u00e7\u00e3o, bem como os acalantos manifestos como agentes transformadores.<\/p>\n","protected":false},"featured_media":20540,"template":"","meta":{"_monsterinsights_skip_tracking":false,"_monsterinsights_sitenote_active":false,"_monsterinsights_sitenote_note":"","_monsterinsights_sitenote_category":0},"product_brand":[],"product_cat":[74],"product_tag":[],"class_list":{"0":"post-20552","1":"product","2":"type-product","3":"status-publish","4":"has-post-thumbnail","6":"product_cat-uncategorized","7":"product_shipping_class-impresso","8":"pa_ano-135","9":"pa_autor-mirian-leonidia-dos-santos","10":"pa_editora-editora-lux","11":"pa_isbn-978-65-5913-221-8","12":"pa_tipo-de-capa-brochura","14":"first","15":"outofstock","16":"purchasable","17":"product-type-simple"},"_links":{"self":[{"href":"https:\/\/www.editoralux.com.br\/loja\/wp-json\/wp\/v2\/product\/20552"}],"collection":[{"href":"https:\/\/www.editoralux.com.br\/loja\/wp-json\/wp\/v2\/product"}],"about":[{"href":"https:\/\/www.editoralux.com.br\/loja\/wp-json\/wp\/v2\/types\/product"}],"wp:featuredmedia":[{"embeddable":true,"href":"https:\/\/www.editoralux.com.br\/loja\/wp-json\/wp\/v2\/media\/20540"}],"wp:attachment":[{"href":"https:\/\/www.editoralux.com.br\/loja\/wp-json\/wp\/v2\/media?parent=20552"}],"wp:term":[{"taxonomy":"product_brand","embeddable":true,"href":"https:\/\/www.editoralux.com.br\/loja\/wp-json\/wp\/v2\/product_brand?post=20552"},{"taxonomy":"product_cat","embeddable":true,"href":"https:\/\/www.editoralux.com.br\/loja\/wp-json\/wp\/v2\/product_cat?post=20552"},{"taxonomy":"product_tag","embeddable":true,"href":"https:\/\/www.editoralux.com.br\/loja\/wp-json\/wp\/v2\/product_tag?post=20552"}],"curies":[{"name":"wp","href":"https:\/\/api.w.org\/{rel}","templated":true}]}}