{"id":20616,"date":"2022-02-12T19:59:23","date_gmt":"2022-02-12T22:59:23","guid":{"rendered":"https:\/\/www.editoralux.com.br\/loja\/produto\/sentimentos-em-poesias\/"},"modified":"2022-02-12T20:02:28","modified_gmt":"2022-02-12T23:02:28","slug":"sentimentos-em-poesias","status":"publish","type":"product","link":"https:\/\/www.editoralux.com.br\/loja\/produto\/sentimentos-em-poesias\/","title":{"rendered":"Sentimentos em Poesias"},"content":{"rendered":"","protected":false},"excerpt":{"rendered":"<p>Muitas vezes me critico pela maneira como meus olhos veem as coisas e a forma como meu c\u00e9rebro as interpreta, t\u00e3o diferente da maioria das pessoas. Eu vejo detalhes t\u00e3o claros que, para muitos, n\u00e3o existem, porque a sensibilidade de meus olhos e da minha mente cria cen\u00e1rios, associa situa\u00e7\u00f5es, produz tantas imagens e as torna muito reais.<br \/>\nAntes dos 7 anos de idade, quando ainda n\u00e3o sabia ler ou escrever, eu brincava com a criatividade inventando cen\u00e1rios e hist\u00f3rias. Depois de alfabetizado os professores me olhavam diferente quando liam minhas reda\u00e7\u00f5es e faziam quest\u00e3o que eu as lesse para toda a classe, algumas vezes ao ajudar colegas que estavam mal nessa disciplina eu fazia a tarefa de casa para eles escrevendo suas reda\u00e7\u00f5es, mas, antes de a professora finalizar a leitura, ela sabia que eu as havia escrito, que aquelas hist\u00f3rias de prender a aten\u00e7\u00e3o por quem as liam eram minhas. Ent\u00e3o, a verdade aparecia, e minha tentativa de ajudar os colegas ia toda por \u00e1gua abaixo.<br \/>\nOs poemas que comp\u00f5em esse livro foram escritos pela caneta, mas antes, criados por pensamentos inspirados, impulsionados por um cora\u00e7\u00e3o que a cada batida se apaixona ainda mais pela vida e pela vontade de viver, cora\u00e7\u00e3o esse que se encontra sempre saud\u00e1vel por buscar a Deus, por<br \/>\ncultivar a verdadeira f\u00e9 ensinada pelas Escrituras Sagradas.<\/p>\n","protected":false},"featured_media":20591,"template":"","meta":{"_monsterinsights_skip_tracking":false,"_monsterinsights_sitenote_active":false,"_monsterinsights_sitenote_note":"","_monsterinsights_sitenote_category":0},"product_brand":[],"product_cat":[74],"product_tag":[],"class_list":{"0":"post-20616","1":"product","2":"type-product","3":"status-publish","4":"has-post-thumbnail","6":"product_cat-uncategorized","7":"product_shipping_class-impresso","8":"pa_ano-135","9":"pa_autor-alessandro-de-oliveira-santos","10":"pa_editora-editora-lux","11":"pa_isbn-192","12":"pa_tipo-de-capa-brochura","14":"first","15":"instock","16":"purchasable","17":"product-type-simple"},"_links":{"self":[{"href":"https:\/\/www.editoralux.com.br\/loja\/wp-json\/wp\/v2\/product\/20616"}],"collection":[{"href":"https:\/\/www.editoralux.com.br\/loja\/wp-json\/wp\/v2\/product"}],"about":[{"href":"https:\/\/www.editoralux.com.br\/loja\/wp-json\/wp\/v2\/types\/product"}],"wp:featuredmedia":[{"embeddable":true,"href":"https:\/\/www.editoralux.com.br\/loja\/wp-json\/wp\/v2\/media\/20591"}],"wp:attachment":[{"href":"https:\/\/www.editoralux.com.br\/loja\/wp-json\/wp\/v2\/media?parent=20616"}],"wp:term":[{"taxonomy":"product_brand","embeddable":true,"href":"https:\/\/www.editoralux.com.br\/loja\/wp-json\/wp\/v2\/product_brand?post=20616"},{"taxonomy":"product_cat","embeddable":true,"href":"https:\/\/www.editoralux.com.br\/loja\/wp-json\/wp\/v2\/product_cat?post=20616"},{"taxonomy":"product_tag","embeddable":true,"href":"https:\/\/www.editoralux.com.br\/loja\/wp-json\/wp\/v2\/product_tag?post=20616"}],"curies":[{"name":"wp","href":"https:\/\/api.w.org\/{rel}","templated":true}]}}