{"id":20664,"date":"2022-03-04T20:20:30","date_gmt":"2022-03-04T23:20:30","guid":{"rendered":"https:\/\/www.editoralux.com.br\/loja\/produto\/porno-gourmet-4-contos-e-tantas-historias\/"},"modified":"2025-12-29T15:55:09","modified_gmt":"2025-12-29T18:55:09","slug":"porno-gourmet-4-contos-e-tantas-historias","status":"publish","type":"product","link":"https:\/\/www.editoralux.com.br\/loja\/produto\/porno-gourmet-4-contos-e-tantas-historias\/","title":{"rendered":"Porn\u00f4 Gourmet &#8211; 4 Contos e Tantas Hist\u00f3rias"},"content":{"rendered":"","protected":false},"excerpt":{"rendered":"<p>Este livro \u00e9 uma reuni\u00e3o de quatro contos er\u00f3ticos, e cada um o surpreender\u00e1 de uma forma diferente. Antes de ler, coloque de lado todos os preconceitos e permita sentir cada palavra.<br \/>\nDOCE AMORA (?) \u2013 Amora e Victor est\u00e3o no in\u00edcio de um relacionamento, mas, at\u00e9 o momento, ainda n\u00e3o haviam tido um tempo a s\u00f3s, pois quase sempre estavam acompanhados de um grupo de amigos. O ponto alto da hist\u00f3ria se passa no trapiche dessa comunidade, mas uma situa\u00e7\u00e3o curiosa pode frustrar Victor [e o leitor].<br \/>\nSEXO S\u00d3 DEPOIS DO CASAMENTO \u2013 Um casal de jovens namorados vive sob diversos conflitos de sexualidade impostos pela religi\u00e3o, que os dividem entre: poder ou n\u00e3o, ter rela\u00e7\u00f5es sexuais antes do casamento? Em certo dia, os dois marcam de se encontrar em uma pra\u00e7a de S\u00e3o Lu\u00eds e muitas coisas acontecem.<br \/>\nORDEM E PROGRESSO \u2013 Eduardo e Andr\u00e9 se conhecem em um treino de taekwondo. Conforme os dois v\u00e3o se aproximando, Eduardo come\u00e7a a questionar a sua sexualidade e se envolver afetivamente com Andr\u00e9, que retribui. Um dia, voltando de um passeio, os dois resolvem avan\u00e7ar algumas casinhas, mas s\u00e3o surpreendidos por dois policiais que n\u00e3o os levam para delegacia.<br \/>\nO DIA EM QUE MEU CASULO COUBE AL\u00c9M DE MIM, ELE \u2013 Tudo come\u00e7a com uma paix\u00e3o \u00e0 primeira vista no primeiro dia de aula do ensino m\u00e9dio. Um menino que se interessa por um colega de turma e usa v\u00e1rias estrat\u00e9gias para se aproximar dele, at\u00e9 que consegue marcar um trabalho em sua casa. \u00c0s 9h30 da manh\u00e3, dois adolescentes e tudo pode acontecer.<\/p>\n","protected":false},"featured_media":20644,"template":"","meta":{"_monsterinsights_skip_tracking":false,"_monsterinsights_sitenote_active":false,"_monsterinsights_sitenote_note":"","_monsterinsights_sitenote_category":0},"product_brand":[],"product_cat":[74],"product_tag":[],"class_list":{"0":"post-20664","1":"product","2":"type-product","3":"status-publish","4":"has-post-thumbnail","6":"product_cat-uncategorized","7":"product_shipping_class-impresso","8":"pa_ano-135","9":"pa_autor-ronaldy-matheus-ramos-da-silva","10":"pa_editora-editora-lux","11":"pa_isbn-224","12":"pa_tipo-de-capa-brochura","14":"first","15":"outofstock","16":"purchasable","17":"product-type-simple"},"_links":{"self":[{"href":"https:\/\/www.editoralux.com.br\/loja\/wp-json\/wp\/v2\/product\/20664"}],"collection":[{"href":"https:\/\/www.editoralux.com.br\/loja\/wp-json\/wp\/v2\/product"}],"about":[{"href":"https:\/\/www.editoralux.com.br\/loja\/wp-json\/wp\/v2\/types\/product"}],"wp:featuredmedia":[{"embeddable":true,"href":"https:\/\/www.editoralux.com.br\/loja\/wp-json\/wp\/v2\/media\/20644"}],"wp:attachment":[{"href":"https:\/\/www.editoralux.com.br\/loja\/wp-json\/wp\/v2\/media?parent=20664"}],"wp:term":[{"taxonomy":"product_brand","embeddable":true,"href":"https:\/\/www.editoralux.com.br\/loja\/wp-json\/wp\/v2\/product_brand?post=20664"},{"taxonomy":"product_cat","embeddable":true,"href":"https:\/\/www.editoralux.com.br\/loja\/wp-json\/wp\/v2\/product_cat?post=20664"},{"taxonomy":"product_tag","embeddable":true,"href":"https:\/\/www.editoralux.com.br\/loja\/wp-json\/wp\/v2\/product_tag?post=20664"}],"curies":[{"name":"wp","href":"https:\/\/api.w.org\/{rel}","templated":true}]}}