{"id":20665,"date":"2022-03-04T20:20:30","date_gmt":"2022-03-04T23:20:30","guid":{"rendered":"https:\/\/www.editoralux.com.br\/loja\/produto\/a-memoria-como-tradicao-e-as-invencoes-de-uma-vida\/"},"modified":"2025-12-30T14:50:20","modified_gmt":"2025-12-30T17:50:20","slug":"a-memoria-como-tradicao-e-as-invencoes-de-uma-vida","status":"publish","type":"product","link":"https:\/\/www.editoralux.com.br\/loja\/produto\/a-memoria-como-tradicao-e-as-invencoes-de-uma-vida\/","title":{"rendered":"A Mem\u00f3ria Como Tradi\u00e7\u00e3o e as Inven\u00e7\u00f5es de Uma Vida"},"content":{"rendered":"","protected":false},"excerpt":{"rendered":"<p>H\u00e1 quem fale que a mem\u00f3ria \u00e9 o elo com o passado, \u00e9 afetiva, \u00e9 m\u00e1gica; que a mem\u00f3ria \u00e9 um absoluto, que a mem\u00f3ria \u00e9 muito mais um voltar-se para o futuro na \u00e2nsia di\u00e1ria da ressignifica\u00e7\u00e3o do presente. H\u00e1 quem complemente essa afirmativa acrescentando lugares, personagens, acontecimentos que d\u00e3o materialidade \u00e0s efemeridades da vida. A obra de Cadu Marques busca os motivos de sua po\u00e9tica em personagens reais, lugares de mem\u00f3ria reais e no conjunto de significa\u00e7\u00f5es simb\u00f3licas constru\u00eddas a partir da rela\u00e7\u00e3o com esses elementos no transcurso do tempo\/lugares em que habitou. \u00c9 poss\u00edvel sentir a terra batida, o cheiro do caf\u00e9, a ambi\u00eancia da casa do forno, que tamb\u00e9m \u00e9 um lugar de troca de saberes remotos e das trivialidades de personagens que existem e resistem na troca de afetividades. A verdade \u00e9 que a obra A mem\u00f3ria como tradi\u00e7\u00e3o e as inven\u00e7\u00f5es de uma vida reitera o lugar da afetividade, constru\u00edda \u00e0 base da mem\u00f3ria, como um lugar de resist\u00eancia de uma ancestralidade visualizada no cotidiano, nas coisas mais triviais. Cadu Marques costura mem\u00f3rias curtas, mas n\u00e3o menos vivas, que v\u00e3o desde o olhar sens\u00edvel para a paisagem, passando pela descri\u00e7\u00e3o de lugares e a afeta\u00e7\u00e3o que o cotidiano desses personagens causa, assim como o inef\u00e1vel, e muitas vezes pouco compreendido, sentimento do amor. Cadu Marques n\u00e3o se coloca na bolha do autor impactado, poeticamente, \u00e0 dist\u00e2ncia, e se v\u00ea como personagem, abrindo a possibilidade de um compartilhamento de suas subjetividades, tornando o leitor tamb\u00e9m part\u00edcipe da paisagem apresentada. \u00c9 imposs\u00edvel n\u00e3o visualizar, em seus doze fragmentos memoriais, as nossas viv\u00eancias e experi\u00eancias pessoais.<br \/>\nGilberto Martins, ator e professor<\/p>\n","protected":false},"featured_media":20642,"template":"","meta":{"_monsterinsights_skip_tracking":false,"_monsterinsights_sitenote_active":false,"_monsterinsights_sitenote_note":"","_monsterinsights_sitenote_category":0},"product_brand":[],"product_cat":[74],"product_tag":[],"class_list":{"0":"post-20665","1":"product","2":"type-product","3":"status-publish","4":"has-post-thumbnail","6":"product_cat-uncategorized","7":"product_shipping_class-impresso","8":"pa_ano-135","9":"pa_autor-cadu-marques","10":"pa_editora-editora-lux","11":"pa_isbn-226","12":"pa_tipo-de-capa-brochura","14":"first","15":"outofstock","16":"purchasable","17":"product-type-simple"},"_links":{"self":[{"href":"https:\/\/www.editoralux.com.br\/loja\/wp-json\/wp\/v2\/product\/20665"}],"collection":[{"href":"https:\/\/www.editoralux.com.br\/loja\/wp-json\/wp\/v2\/product"}],"about":[{"href":"https:\/\/www.editoralux.com.br\/loja\/wp-json\/wp\/v2\/types\/product"}],"wp:featuredmedia":[{"embeddable":true,"href":"https:\/\/www.editoralux.com.br\/loja\/wp-json\/wp\/v2\/media\/20642"}],"wp:attachment":[{"href":"https:\/\/www.editoralux.com.br\/loja\/wp-json\/wp\/v2\/media?parent=20665"}],"wp:term":[{"taxonomy":"product_brand","embeddable":true,"href":"https:\/\/www.editoralux.com.br\/loja\/wp-json\/wp\/v2\/product_brand?post=20665"},{"taxonomy":"product_cat","embeddable":true,"href":"https:\/\/www.editoralux.com.br\/loja\/wp-json\/wp\/v2\/product_cat?post=20665"},{"taxonomy":"product_tag","embeddable":true,"href":"https:\/\/www.editoralux.com.br\/loja\/wp-json\/wp\/v2\/product_tag?post=20665"}],"curies":[{"name":"wp","href":"https:\/\/api.w.org\/{rel}","templated":true}]}}