{"id":20667,"date":"2022-03-04T20:20:30","date_gmt":"2022-03-04T23:20:30","guid":{"rendered":"https:\/\/www.editoralux.com.br\/loja\/produto\/cadeira-de-balanco\/"},"modified":"2023-04-03T10:34:20","modified_gmt":"2023-04-03T13:34:20","slug":"cadeira-de-balanco","status":"publish","type":"product","link":"https:\/\/www.editoralux.com.br\/loja\/produto\/cadeira-de-balanco\/","title":{"rendered":"Cadeira de Balan\u00e7o"},"content":{"rendered":"","protected":false},"excerpt":{"rendered":"<p>Cadeira de balan\u00e7o \u00e9 a materializa\u00e7\u00e3o de uma pesquisa que inicio em 2016 a partir do sentimento de aus\u00eancia. Come\u00e7o ent\u00e3o a investigar o tempo e a morte como fatores complementares: o primeiro age para a\u00e7\u00e3o de o segundo acontecer.<br \/>\nO desdobramento desta pesquisa proporcionou o que venho construindo e que nomeio como \u201cCadeira de balan\u00e7o\u201d.<br \/>\n\u00c9 uma manifesta\u00e7\u00e3o da escrita a partir do amor, que narra a hist\u00f3ria de uma av\u00f3 com o seu neto e como ele lida depois que ela parte. \u00c9 uma conversa direta com o leitor ao contar sobre sua av\u00f3, fazendo com que reascendam as imagens das lembran\u00e7as das vov\u00f3s de cada leitor presente.<\/p>\n<p>\u201c\u00c9 quando a nossa av\u00f3 morre que a gente percebe a nossa inf\u00e2ncia se esvaindo\u201d..<\/p>\n","protected":false},"featured_media":20638,"template":"","meta":{"_monsterinsights_skip_tracking":false,"_monsterinsights_sitenote_active":false,"_monsterinsights_sitenote_note":"","_monsterinsights_sitenote_category":0},"product_brand":[],"product_cat":[74],"product_tag":[],"class_list":{"0":"post-20667","1":"product","2":"type-product","3":"status-publish","4":"has-post-thumbnail","6":"product_cat-uncategorized","7":"product_shipping_class-impresso","8":"pa_ano-135","9":"pa_autor-dudu-gehlen","10":"pa_editora-editora-lux","11":"pa_isbn-230","12":"pa_tipo-de-capa-brochura","14":"first","15":"outofstock","16":"purchasable","17":"product-type-simple"},"_links":{"self":[{"href":"https:\/\/www.editoralux.com.br\/loja\/wp-json\/wp\/v2\/product\/20667"}],"collection":[{"href":"https:\/\/www.editoralux.com.br\/loja\/wp-json\/wp\/v2\/product"}],"about":[{"href":"https:\/\/www.editoralux.com.br\/loja\/wp-json\/wp\/v2\/types\/product"}],"wp:featuredmedia":[{"embeddable":true,"href":"https:\/\/www.editoralux.com.br\/loja\/wp-json\/wp\/v2\/media\/20638"}],"wp:attachment":[{"href":"https:\/\/www.editoralux.com.br\/loja\/wp-json\/wp\/v2\/media?parent=20667"}],"wp:term":[{"taxonomy":"product_brand","embeddable":true,"href":"https:\/\/www.editoralux.com.br\/loja\/wp-json\/wp\/v2\/product_brand?post=20667"},{"taxonomy":"product_cat","embeddable":true,"href":"https:\/\/www.editoralux.com.br\/loja\/wp-json\/wp\/v2\/product_cat?post=20667"},{"taxonomy":"product_tag","embeddable":true,"href":"https:\/\/www.editoralux.com.br\/loja\/wp-json\/wp\/v2\/product_tag?post=20667"}],"curies":[{"name":"wp","href":"https:\/\/api.w.org\/{rel}","templated":true}]}}