{"id":20712,"date":"2022-04-24T12:42:14","date_gmt":"2022-04-24T15:42:14","guid":{"rendered":"https:\/\/www.editoralux.com.br\/loja\/?post_type=product&#038;p=20712"},"modified":"2024-03-19T15:20:17","modified_gmt":"2024-03-19T18:20:17","slug":"private-equity-e-venture-capital-no-brasil-governanca-criacao-de-valor-e-alternativas-em-investimentos-iliquidos","status":"publish","type":"product","link":"https:\/\/www.editoralux.com.br\/loja\/produto\/private-equity-e-venture-capital-no-brasil-governanca-criacao-de-valor-e-alternativas-em-investimentos-iliquidos\/","title":{"rendered":"Private Equity e Venture Capital no Brasil: governan\u00e7a, cria\u00e7\u00e3o de valor e alternativas em investimentos il\u00edquidos"},"content":{"rendered":"","protected":false},"excerpt":{"rendered":"<p>Nesta colet\u00e2nea muito rica, Arlete Nese e Fabio Giambiagi re\u00fanem artigos com um conte\u00fado que reflete o profundo conhecimento e viv\u00eancia de autores que s\u00e3o stakeholders que desempenham as fun\u00e7\u00f5es de avalia\u00e7\u00e3o, assessoramento e gest\u00e3o de fundos nos mercados de Venture Capital \u2014 VC e Private Equity \u2014 PE no Brasil. Aqui, riscos e oportunidades s\u00e3o amplamente analisados, tanto sob a \u00f3tica de investidores como das empresas investidas e dos gestores, com relevantes contribui\u00e7\u00f5es para que cada um desses atores possa compreender e exercer seu papel de forma mais efetiva. Trata-se de uma leitura fundamental n\u00e3o apenas para o entendimento do nosso mercado de capitais, mas tamb\u00e9m para o pr\u00f3prio aperfei\u00e7oamento da din\u00e2mica dessa ind\u00fastria.<br \/>\nEste livro contribui de forma brilhante para sistematizar conhecimento para o leitor interessado n\u00e3o apenas em investimentos alternativos, mas na pr\u00f3pria evolu\u00e7\u00e3o do mercado de capitais brasileiro. Para n\u00e3o repetirmos os erros passados e nos tornarmos melhores como gestores e investidores. E tamb\u00e9m como mercado e como pa\u00eds.<br \/>\nEliane Lustosa<\/p>\n","protected":false},"featured_media":20714,"template":"","meta":{"_monsterinsights_skip_tracking":false,"_monsterinsights_sitenote_active":false,"_monsterinsights_sitenote_note":"","_monsterinsights_sitenote_category":0},"product_brand":[],"product_cat":[74],"product_tag":[],"class_list":{"0":"post-20712","1":"product","2":"type-product","3":"status-publish","4":"has-post-thumbnail","6":"product_cat-uncategorized","7":"product_shipping_class-impresso","8":"pa_ano-135","9":"pa_autor-arlete-de-araujo-s-nese-e-fabio-giambiagi","10":"pa_editora-editora-lux","11":"pa_isbn-978-65-5913-095-5","12":"pa_tipo-de-capa-brochura","14":"first","15":"outofstock","16":"purchasable","17":"product-type-simple"},"_links":{"self":[{"href":"https:\/\/www.editoralux.com.br\/loja\/wp-json\/wp\/v2\/product\/20712"}],"collection":[{"href":"https:\/\/www.editoralux.com.br\/loja\/wp-json\/wp\/v2\/product"}],"about":[{"href":"https:\/\/www.editoralux.com.br\/loja\/wp-json\/wp\/v2\/types\/product"}],"wp:featuredmedia":[{"embeddable":true,"href":"https:\/\/www.editoralux.com.br\/loja\/wp-json\/wp\/v2\/media\/20714"}],"wp:attachment":[{"href":"https:\/\/www.editoralux.com.br\/loja\/wp-json\/wp\/v2\/media?parent=20712"}],"wp:term":[{"taxonomy":"product_brand","embeddable":true,"href":"https:\/\/www.editoralux.com.br\/loja\/wp-json\/wp\/v2\/product_brand?post=20712"},{"taxonomy":"product_cat","embeddable":true,"href":"https:\/\/www.editoralux.com.br\/loja\/wp-json\/wp\/v2\/product_cat?post=20712"},{"taxonomy":"product_tag","embeddable":true,"href":"https:\/\/www.editoralux.com.br\/loja\/wp-json\/wp\/v2\/product_tag?post=20712"}],"curies":[{"name":"wp","href":"https:\/\/api.w.org\/{rel}","templated":true}]}}