{"id":20771,"date":"2022-05-03T23:44:13","date_gmt":"2022-05-04T02:44:13","guid":{"rendered":"https:\/\/www.editoralux.com.br\/loja\/?post_type=product&#038;p=20771"},"modified":"2022-05-03T23:50:13","modified_gmt":"2022-05-04T02:50:13","slug":"stress-voce-pode-cuidar-de-si-mesmo","status":"publish","type":"product","link":"https:\/\/www.editoralux.com.br\/loja\/produto\/stress-voce-pode-cuidar-de-si-mesmo\/","title":{"rendered":"STRESS &#8211; Voc\u00ea Pode Cuidar de SI MESMO"},"content":{"rendered":"","protected":false},"excerpt":{"rendered":"<p>A Estrada apresenta uma cr\u00f4nica sobre o tempo da exist\u00eancia do<br \/>\nautor desde os prim\u00f3rdios at\u00e9 os dias atuais, apresentando casos ilus<br \/>\n&#8211;<br \/>\ntrativos envolvendo o profissional cirurgi\u00e3o pl\u00e1stico, demonstrando,<br \/>\nao leigo, caracter\u00edstica do m\u00e9dico, despojada das qualidades positivas<br \/>\ne negativas que, por diversos motivos, a sociedade lhes atribui.<br \/>\nDe uma forma leve, por vezes at\u00e9 hil\u00e1ria, s\u00e3o descritas situa\u00e7\u00f5es<br \/>\nespeciais vividas na presta\u00e7\u00e3o do servi\u00e7o m\u00e9dico e seus desdobramen<br \/>\n&#8211;<br \/>\ntos, baseadas em fatos reais que chegaram ao conhecimento do autor.<br \/>\nO livro pode ser dividido em fases distintas, cujo primeiro trecho \u00e9<br \/>\ncaracterizado por uma \u00e9poca de ensino p\u00fablico de excel\u00eancia e uma<br \/>\njuventude sadia vivida sem preconceitos, sem medo e sem culpados,<br \/>\nvivida com alegria e uni\u00e3o, configurando paisagens importantes mar<br \/>\n&#8211;<br \/>\ncadas em nossa mem\u00f3ria. O trecho seguinte j\u00e1 nos apresenta as la<br \/>\n&#8211;<br \/>\ndeiras, os segmentos escorregadios, alguns por demais estreitos, de<br \/>\ndif\u00edcil passagem, onde muitos ficaram para tr\u00e1s, e os que seguiram adiante o fizeram de forma significativamente modificada.<br \/>\nEmbora muito raramente apresente longas partes em declive, o ensinamento adquirido firmar\u00e1 a base consistente na melhor pavimenta\u00e7\u00e3o do trajeto.<br \/>\nFinalmente, todo esse percurso tem o prop\u00f3sito de fazer do leitor um companheiro nessa jornada, mostrando a viv\u00eancia do profissional m\u00e9dico nos principais trechos da \u201cEstrada\u201d<\/p>\n","protected":false},"featured_media":20767,"template":"","meta":{"_monsterinsights_skip_tracking":false,"_monsterinsights_sitenote_active":false,"_monsterinsights_sitenote_note":"","_monsterinsights_sitenote_category":0},"product_brand":[],"product_cat":[74],"product_tag":[],"class_list":{"0":"post-20771","1":"product","2":"type-product","3":"status-publish","4":"has-post-thumbnail","6":"product_cat-uncategorized","7":"product_shipping_class-impresso","8":"pa_ano-135","9":"pa_autor-paulo-hayashi-jr-2","10":"pa_editora-editora-lux","11":"pa_isbn-978-65-5913-296-6","12":"pa_tipo-de-capa-brochura","14":"first","15":"instock","16":"purchasable","17":"product-type-simple"},"_links":{"self":[{"href":"https:\/\/www.editoralux.com.br\/loja\/wp-json\/wp\/v2\/product\/20771"}],"collection":[{"href":"https:\/\/www.editoralux.com.br\/loja\/wp-json\/wp\/v2\/product"}],"about":[{"href":"https:\/\/www.editoralux.com.br\/loja\/wp-json\/wp\/v2\/types\/product"}],"wp:featuredmedia":[{"embeddable":true,"href":"https:\/\/www.editoralux.com.br\/loja\/wp-json\/wp\/v2\/media\/20767"}],"wp:attachment":[{"href":"https:\/\/www.editoralux.com.br\/loja\/wp-json\/wp\/v2\/media?parent=20771"}],"wp:term":[{"taxonomy":"product_brand","embeddable":true,"href":"https:\/\/www.editoralux.com.br\/loja\/wp-json\/wp\/v2\/product_brand?post=20771"},{"taxonomy":"product_cat","embeddable":true,"href":"https:\/\/www.editoralux.com.br\/loja\/wp-json\/wp\/v2\/product_cat?post=20771"},{"taxonomy":"product_tag","embeddable":true,"href":"https:\/\/www.editoralux.com.br\/loja\/wp-json\/wp\/v2\/product_tag?post=20771"}],"curies":[{"name":"wp","href":"https:\/\/api.w.org\/{rel}","templated":true}]}}