{"id":20790,"date":"2022-05-08T22:17:06","date_gmt":"2022-05-09T01:17:06","guid":{"rendered":"https:\/\/www.editoralux.com.br\/loja\/produto\/o-caminho-de-volta-para-deus\/"},"modified":"2024-01-24T11:56:17","modified_gmt":"2024-01-24T14:56:17","slug":"o-caminho-de-volta-para-deus","status":"publish","type":"product","link":"https:\/\/www.editoralux.com.br\/loja\/produto\/o-caminho-de-volta-para-deus\/","title":{"rendered":"O Caminho De Volta Para Deus"},"content":{"rendered":"","protected":false},"excerpt":{"rendered":"<p>\u201cO CAMINHO DE VOLTA PARA DEUS\u201d \u00e9 um devocional de estudo di\u00e1rio, fundamentado com Vers\u00edculos b\u00edblicos, com ilustra\u00e7\u00f5es e exerc\u00edcios cujo objetivo \u00e9 levar, a cada li\u00e7\u00e3o, o leitor a experimentar a mesma sensa\u00e7\u00e3o em que o autor teve quando foi levado ao lugar da Vis\u00e3o, descobrindo todo o mist\u00e9rio do homem desde sua Cria\u00e7\u00e3o, Queda e qual \u00e9 O Caminho de Volta Para Deus.Ter o entendimento de que o primeiro homem foi criado em perfei\u00e7\u00e3o sendo portador de tr\u00eas partes: esp\u00edrito, alma e corpo e foi dada individualmente a cada parte vida pr\u00f3pria e tal caracter\u00edstica dava-lhe a condi\u00e7\u00e3o de ser a imagem e semelhan\u00e7a de Deus. E com a queda tudo mudou, pois ap\u00f3s tal epis\u00f3dio o homem encontra-se com uma das tr\u00eas partes morta, ou seja o seu esp\u00edrito que vinha de Deus est\u00e1 morto, no entanto \u00e9 necess\u00e1rio saber o porqu\u00ea e como vivific\u00e1-lo.<\/p>\n","protected":false},"featured_media":20786,"template":"","meta":{"_monsterinsights_skip_tracking":false,"_monsterinsights_sitenote_active":false,"_monsterinsights_sitenote_note":"","_monsterinsights_sitenote_category":0},"product_brand":[],"product_cat":[74],"product_tag":[],"class_list":{"0":"post-20790","1":"product","2":"type-product","3":"status-publish","4":"has-post-thumbnail","6":"product_cat-uncategorized","7":"product_shipping_class-impresso","8":"pa_ano-135","9":"pa_autor-vitor-robson-de-paula-borges","10":"pa_editora-editora-lux","11":"pa_isbn-257","12":"pa_tipo-de-capa-brochura","14":"first","15":"outofstock","16":"purchasable","17":"product-type-simple"},"_links":{"self":[{"href":"https:\/\/www.editoralux.com.br\/loja\/wp-json\/wp\/v2\/product\/20790"}],"collection":[{"href":"https:\/\/www.editoralux.com.br\/loja\/wp-json\/wp\/v2\/product"}],"about":[{"href":"https:\/\/www.editoralux.com.br\/loja\/wp-json\/wp\/v2\/types\/product"}],"wp:featuredmedia":[{"embeddable":true,"href":"https:\/\/www.editoralux.com.br\/loja\/wp-json\/wp\/v2\/media\/20786"}],"wp:attachment":[{"href":"https:\/\/www.editoralux.com.br\/loja\/wp-json\/wp\/v2\/media?parent=20790"}],"wp:term":[{"taxonomy":"product_brand","embeddable":true,"href":"https:\/\/www.editoralux.com.br\/loja\/wp-json\/wp\/v2\/product_brand?post=20790"},{"taxonomy":"product_cat","embeddable":true,"href":"https:\/\/www.editoralux.com.br\/loja\/wp-json\/wp\/v2\/product_cat?post=20790"},{"taxonomy":"product_tag","embeddable":true,"href":"https:\/\/www.editoralux.com.br\/loja\/wp-json\/wp\/v2\/product_tag?post=20790"}],"curies":[{"name":"wp","href":"https:\/\/api.w.org\/{rel}","templated":true}]}}