{"id":20819,"date":"2022-05-27T17:39:21","date_gmt":"2022-05-27T20:39:21","guid":{"rendered":"https:\/\/www.editoralux.com.br\/loja\/?post_type=product&#038;p=20819"},"modified":"2025-12-30T15:03:55","modified_gmt":"2025-12-30T18:03:55","slug":"para-quem-gosta-de-trovas","status":"publish","type":"product","link":"https:\/\/www.editoralux.com.br\/loja\/produto\/para-quem-gosta-de-trovas\/","title":{"rendered":"Para Quem Gosta de Trovas"},"content":{"rendered":"","protected":false},"excerpt":{"rendered":"<p>Para Quem Gosta de Trovas, \u00e9 o meu livro, o meu filho rec\u00e9m-nascido, \u00e9 um garoto vers\u00e1til, um verdadeiro transformista que se manifesta de v\u00e1rias formas, como se fosse um ator de teatro, hora \u00e9 l\u00edrico, \u00e9 filos\u00f3fico ou humor\u00edstico. Como pai coruja que sou, eu gosto de todas as suas maneiras de se apresentar. E como n\u00e3o tenho pr\u00e9-conceito de g\u00eanero nem cor, a sua versatilidade foi algo que me fascinou, e voc\u00ea ao conhec\u00ea-lo melhor ao longo de uma boa leitura para o seu ego massagear, voc\u00ea com certeza tamb\u00e9m vai gostar, at\u00e9 porque a arte de escrever \u00e9 universal, e \u00e9 essa universalidade que me maravilha, e voc\u00ea como um leitor excelente, n\u00e3o pode nem deve ser deferente.<\/p>\n","protected":false},"featured_media":20822,"template":"","meta":{"_monsterinsights_skip_tracking":false,"_monsterinsights_sitenote_active":false,"_monsterinsights_sitenote_note":"","_monsterinsights_sitenote_category":0},"product_brand":[],"product_cat":[74],"product_tag":[],"class_list":{"0":"post-20819","1":"product","2":"type-product","3":"status-publish","4":"has-post-thumbnail","6":"product_cat-uncategorized","7":"product_shipping_class-impresso","8":"pa_ano-135","9":"pa_autor-antonio-galdino","10":"pa_editora-editora-lux","11":"pa_isbn-978-65-5913-328-4","12":"pa_tipo-de-capa-brochura","14":"first","15":"outofstock","16":"purchasable","17":"product-type-simple"},"_links":{"self":[{"href":"https:\/\/www.editoralux.com.br\/loja\/wp-json\/wp\/v2\/product\/20819"}],"collection":[{"href":"https:\/\/www.editoralux.com.br\/loja\/wp-json\/wp\/v2\/product"}],"about":[{"href":"https:\/\/www.editoralux.com.br\/loja\/wp-json\/wp\/v2\/types\/product"}],"wp:featuredmedia":[{"embeddable":true,"href":"https:\/\/www.editoralux.com.br\/loja\/wp-json\/wp\/v2\/media\/20822"}],"wp:attachment":[{"href":"https:\/\/www.editoralux.com.br\/loja\/wp-json\/wp\/v2\/media?parent=20819"}],"wp:term":[{"taxonomy":"product_brand","embeddable":true,"href":"https:\/\/www.editoralux.com.br\/loja\/wp-json\/wp\/v2\/product_brand?post=20819"},{"taxonomy":"product_cat","embeddable":true,"href":"https:\/\/www.editoralux.com.br\/loja\/wp-json\/wp\/v2\/product_cat?post=20819"},{"taxonomy":"product_tag","embeddable":true,"href":"https:\/\/www.editoralux.com.br\/loja\/wp-json\/wp\/v2\/product_tag?post=20819"}],"curies":[{"name":"wp","href":"https:\/\/api.w.org\/{rel}","templated":true}]}}