{"id":20870,"date":"2022-06-12T23:57:58","date_gmt":"2022-06-13T02:57:58","guid":{"rendered":"https:\/\/www.editoralux.com.br\/loja\/produto\/no-pais-dos-idiotas\/"},"modified":"2022-07-16T20:09:33","modified_gmt":"2022-07-16T23:09:33","slug":"no-pais-dos-idiotas","status":"publish","type":"product","link":"https:\/\/www.editoralux.com.br\/loja\/produto\/no-pais-dos-idiotas\/","title":{"rendered":"No pa\u00eds dos idiotas"},"content":{"rendered":"","protected":false},"excerpt":{"rendered":"<p>Em um pa\u00eds onde o Futebol \u00e9 refer\u00eancia para tudo ou quase tudo, tal esporte foi levado aos limites da loucura, paix\u00e3o e fanatismo irracional, utilizado at\u00e9 como refer\u00eancia de conduta e moral, este amor sem fim e loucura ao mesmo tempo, se tornou consciente e inconscientemente a base de racioc\u00ednio e decis\u00f5es de uma na\u00e7\u00e3o. A adora\u00e7\u00e3o e endeusamento irracional a simples atletas da bola, vista de forma confusa e ca\u00f3tica como se fossem o certo e o bem na Terra, desencadeia um padr\u00e3o de comportamento e conduta que s\u00f3 amplia a situa\u00e7\u00e3o confusa em que j\u00e1 vivemos e se encontra a sociedade atual. Em alguns pa\u00edses os \u201cdeuses\u201d do momento s\u00e3o artistas, cantores, empres\u00e1rios, inventores, homens de neg\u00f3cios e outros, no Brasil \u00e9 diferente, atingir o m\u00e1ximo da perfei\u00e7\u00e3o e intelig\u00eancia \u00e9 ser um jogador de futebol. Esporte e atletas superestimados pelas pessoas em geral se tornam erroneamente refer\u00eancia para tudo ou quase tudo neste pa\u00eds. Esta invers\u00e3o de valores inconsciente e autom\u00e1tica nos leva a crer e buscar solu\u00e7\u00f5es em uma das f\u00e1bricas de problemas atuais de nossa sociedade. O futebol ocupa um espa\u00e7o maior do que deveria, mas assim quase todos querem que seja. Creio que dessa situa\u00e7\u00e3o nasceu a quase obriga\u00e7\u00e3o de se estar sempre posicionado cem por cento a favor ou cem por cento contra em quase tudo ou seja torcer, se posicionar a favor ou contra, a vida nesta sociedade se tornou um Fla x Flu, um GRENAL, um BA x Vi. As pessoas n\u00e3o raciocinam mais ou sequer ponderam seus pensamentos, elas torcem e torcem&#8230; O que impera \u00e9 o sentimento irracional extremado n\u00f3s contra eles e eles contra n\u00f3s. N\u00e3o existe o caminho do meio&#8230;.<\/p>\n","protected":false},"featured_media":20858,"template":"","meta":{"_monsterinsights_skip_tracking":false,"_monsterinsights_sitenote_active":false,"_monsterinsights_sitenote_note":"","_monsterinsights_sitenote_category":0},"product_brand":[],"product_cat":[74],"product_tag":[],"class_list":{"0":"post-20870","1":"product","2":"type-product","3":"status-publish","4":"has-post-thumbnail","6":"product_cat-uncategorized","7":"product_shipping_class-impresso","8":"pa_ano-135","9":"pa_autor-emerson-oliveira-fornari","10":"pa_editora-editora-lux","11":"pa_isbn-292","12":"pa_tipo-de-capa-brochura","14":"first","15":"instock","16":"purchasable","17":"product-type-simple"},"_links":{"self":[{"href":"https:\/\/www.editoralux.com.br\/loja\/wp-json\/wp\/v2\/product\/20870"}],"collection":[{"href":"https:\/\/www.editoralux.com.br\/loja\/wp-json\/wp\/v2\/product"}],"about":[{"href":"https:\/\/www.editoralux.com.br\/loja\/wp-json\/wp\/v2\/types\/product"}],"wp:featuredmedia":[{"embeddable":true,"href":"https:\/\/www.editoralux.com.br\/loja\/wp-json\/wp\/v2\/media\/20858"}],"wp:attachment":[{"href":"https:\/\/www.editoralux.com.br\/loja\/wp-json\/wp\/v2\/media?parent=20870"}],"wp:term":[{"taxonomy":"product_brand","embeddable":true,"href":"https:\/\/www.editoralux.com.br\/loja\/wp-json\/wp\/v2\/product_brand?post=20870"},{"taxonomy":"product_cat","embeddable":true,"href":"https:\/\/www.editoralux.com.br\/loja\/wp-json\/wp\/v2\/product_cat?post=20870"},{"taxonomy":"product_tag","embeddable":true,"href":"https:\/\/www.editoralux.com.br\/loja\/wp-json\/wp\/v2\/product_tag?post=20870"}],"curies":[{"name":"wp","href":"https:\/\/api.w.org\/{rel}","templated":true}]}}