{"id":20871,"date":"2022-06-12T23:57:58","date_gmt":"2022-06-13T02:57:58","guid":{"rendered":"https:\/\/www.editoralux.com.br\/loja\/produto\/garoto-entre-o-mundo-real-e-o-mundo-espiritual-entre-os-dois-mundos\/"},"modified":"2022-06-12T23:57:59","modified_gmt":"2022-06-13T02:57:59","slug":"garoto-entre-o-mundo-real-e-o-mundo-espiritual-entre-os-dois-mundos","status":"publish","type":"product","link":"https:\/\/www.editoralux.com.br\/loja\/produto\/garoto-entre-o-mundo-real-e-o-mundo-espiritual-entre-os-dois-mundos\/","title":{"rendered":"Garoto Entre o Mundo Real e o Mundo Espiritual &#8211; Entre os dois mundos"},"content":{"rendered":"","protected":false},"excerpt":{"rendered":"<p>Este livro conta uma hist\u00f3ria real de um jovem garoto que nasceu no Rio Grande do Sul e, aos 11 anos de idade, adquiriu conhecimentos do mundo espiritual. Por sua exist\u00eancia e interesses ao assunto, vieram consequ\u00eancias f\u00edsicas e psicol\u00f3gicas em sua vida ao mesmo tempo, e assim, veio morar em um novo estado. Tamb\u00e9m passou por algumas turbul\u00eancias e nada parava, sempre acontecendo tribula\u00e7\u00f5es com mais frequ\u00eancia e em momentos \u00fanicos. Mas tudo relacionado ao mundo espiritual. E com toda essas experi\u00eancias, \u00e9 v\u00e1lido acreditar que todos n\u00f3s passaremos por alguns momentos desses, pois os dois mundos s\u00e3o existentes.<\/p>\n","protected":false},"featured_media":20860,"template":"","meta":{"_monsterinsights_skip_tracking":false,"_monsterinsights_sitenote_active":false,"_monsterinsights_sitenote_note":"","_monsterinsights_sitenote_category":0},"product_brand":[],"product_cat":[74],"product_tag":[],"class_list":{"0":"post-20871","1":"product","2":"type-product","3":"status-publish","4":"has-post-thumbnail","6":"product_cat-uncategorized","7":"product_shipping_class-impresso","8":"pa_ano-135","9":"pa_autor-romaties-dos-santos","10":"pa_editora-editora-lux","11":"pa_isbn-294","12":"pa_tipo-de-capa-brochura","14":"first","15":"instock","16":"purchasable","17":"product-type-simple"},"_links":{"self":[{"href":"https:\/\/www.editoralux.com.br\/loja\/wp-json\/wp\/v2\/product\/20871"}],"collection":[{"href":"https:\/\/www.editoralux.com.br\/loja\/wp-json\/wp\/v2\/product"}],"about":[{"href":"https:\/\/www.editoralux.com.br\/loja\/wp-json\/wp\/v2\/types\/product"}],"wp:featuredmedia":[{"embeddable":true,"href":"https:\/\/www.editoralux.com.br\/loja\/wp-json\/wp\/v2\/media\/20860"}],"wp:attachment":[{"href":"https:\/\/www.editoralux.com.br\/loja\/wp-json\/wp\/v2\/media?parent=20871"}],"wp:term":[{"taxonomy":"product_brand","embeddable":true,"href":"https:\/\/www.editoralux.com.br\/loja\/wp-json\/wp\/v2\/product_brand?post=20871"},{"taxonomy":"product_cat","embeddable":true,"href":"https:\/\/www.editoralux.com.br\/loja\/wp-json\/wp\/v2\/product_cat?post=20871"},{"taxonomy":"product_tag","embeddable":true,"href":"https:\/\/www.editoralux.com.br\/loja\/wp-json\/wp\/v2\/product_tag?post=20871"}],"curies":[{"name":"wp","href":"https:\/\/api.w.org\/{rel}","templated":true}]}}